{"id":113,"date":"2016-11-02T12:30:44","date_gmt":"2016-11-02T12:30:44","guid":{"rendered":"http:\/\/bridge82.qodeinteractive.com\/?page_id=113"},"modified":"2018-08-12T11:47:52","modified_gmt":"2018-08-12T11:47:52","slug":"noticias","status":"publish","type":"page","link":"https:\/\/serhumanos.org\/de\/aktuelles\/","title":{"rendered":"AKTUELLES"},"content":{"rendered":"<p>[vc_row css_animation=&#8220;&#8220; row_type=&#8220;row&#8220; use_row_as_full_screen_section=&#8220;no&#8220; type=&#8220;grid&#8220; angled_section=&#8220;no&#8220; text_align=&#8220;left&#8220; background_image_as_pattern=&#8220;without_pattern&#8220; z_index=&#8220;&#8220;][vc_column][vc_empty_space]<div class='q_masonry_blog'><div class=\"q_masonry_blog_grid_sizer\"><\/div><div class=\"q_masonry_blog_grid_gutter\"><\/div><article  class='post-1134 post type-post status-publish format-standard has-post-thumbnail hentry category-sin-categoria '><div class=\"q_masonry_blog_post_image\"><a itemprop=\"url\" href=\"https:\/\/serhumanos.org\/de\/ser-humanos-wird-20\/\" target=\"_self\"><img itemprop=\"image\" src=\"https:\/\/serhumanos.org\/wp-content\/uploads\/2024\/06\/SH_Logo20_redondo.png\" \/><\/a><\/div><div class=\"q_masonry_blog_post_text\"><h5 itemprop=\"name\" class=\"q_masonry_blog_title entry_title\"><a itemprop=\"url\" href=\"https:\/\/serhumanos.org\/de\/ser-humanos-wird-20\/\">Ser Humanos wird 20<\/a><\/h5><p itemprop=\"description\" class=\"q_masonry_blog_excerpt\">Heute feiern wir mit Freude und Dankbarkeit das 20-j\u00e4hrige Bestehen von Ser Humanos, einer Organisation, die sich f\u00fcr die St\u00e4rkung selbsttragender l\u00e4ndlicher Gemeinschaften einsetzt. Von unseren Standorten in C\u00f3rdoba (Argentinien) und Leipzig (Deutschland) aus haben wir hart daran gearbeitet, Familien in st\u00e4dtischen Elendsvierteln bei ihrem......<\/p><div class=\"q_masonry_blog_post_info\"> \/ <a itemprop=\"url\" class=\"post_comments\" href=\"https:\/\/serhumanos.org\/de\/ser-humanos-wird-20\/#respond\">No comment<\/a><\/div><\/div><\/article><article  class='post-1112 post type-post status-publish format-standard has-post-thumbnail hentry category-sin-categoria '><div class=\"q_masonry_blog_post_image\"><a itemprop=\"url\" href=\"https:\/\/serhumanos.org\/de\/neuer-nachbar\/\" target=\"_self\"><img itemprop=\"image\" src=\"https:\/\/serhumanos.org\/wp-content\/uploads\/2023\/11\/SH_FrancosHaus.png\" \/><\/a><\/div><div class=\"q_masonry_blog_post_text\"><h5 itemprop=\"name\" class=\"q_masonry_blog_title entry_title\"><a itemprop=\"url\" href=\"https:\/\/serhumanos.org\/de\/neuer-nachbar\/\">Ein neuer Nachbar in Villa Albertina<\/a><\/h5><p itemprop=\"description\" class=\"q_masonry_blog_excerpt\">Dank der Unterst\u00fctzung von Ser Humanos konnte Franco Soria zu den Familienwurzeln zur\u00fcckkehren und sich ein eigenes Haus bauen. Franco war abseits der Stadt auf der Suche nach einem besseren Leben und neuen M\u00f6glichkeiten und fand beides in Villa Albertina. Er kehrte somit in das......<\/p><div class=\"q_masonry_blog_post_info\"> \/ <a itemprop=\"url\" class=\"post_comments\" href=\"https:\/\/serhumanos.org\/de\/neuer-nachbar\/#respond\">No comment<\/a><\/div><\/div><\/article><article  class='post-1046 post type-post status-publish format-standard has-post-thumbnail hentry category-sin-categoria tag-agua-potable '><div class=\"q_masonry_blog_post_image\"><a itemprop=\"url\" href=\"https:\/\/serhumanos.org\/de\/wasser\/\" target=\"_self\"><img itemprop=\"image\" src=\"https:\/\/serhumanos.org\/wp-content\/uploads\/2021\/10\/SH_Perforacion.png\" \/><\/a><\/div><div class=\"q_masonry_blog_post_text\"><h5 itemprop=\"name\" class=\"q_masonry_blog_title entry_title\"><a itemprop=\"url\" href=\"https:\/\/serhumanos.org\/de\/wasser\/\">Trinkwasser f\u00fcr Villa Albertina<\/a><\/h5><p itemprop=\"description\" class=\"q_masonry_blog_excerpt\">Es gibt gute Nachrichten zu vermelden: Wir konnten mit den Arbeiten beginnen, um die Trinkwasserversorgung der Kommune Villa Albertina dauerhaft sicherzustellen. Seit einiger Zeit reichte der alte Brunnen, aus dem das Wasser zum Trinken und Kochen entnommen wurde, nicht mehr aus. In diesen F\u00e4llen mussten......<\/p><div class=\"q_masonry_blog_post_info\"> \/ <a itemprop=\"url\" class=\"post_comments\" href=\"https:\/\/serhumanos.org\/de\/wasser\/#respond\">No comment<\/a><\/div><\/div><\/article><article  class='post-936 post type-post status-publish format-standard has-post-thumbnail hentry category-sin-categoria '><div class=\"q_masonry_blog_post_image\"><a itemprop=\"url\" href=\"https:\/\/serhumanos.org\/de\/ser-humanos-wird-15\/\" target=\"_self\"><img itemprop=\"image\" src=\"https:\/\/serhumanos.org\/wp-content\/uploads\/2019\/09\/News_Sep2019_III.png\" \/><\/a><\/div><div class=\"q_masonry_blog_post_text\"><h5 itemprop=\"name\" class=\"q_masonry_blog_title entry_title\"><a itemprop=\"url\" href=\"https:\/\/serhumanos.org\/de\/ser-humanos-wird-15\/\">Ser Humanos wird 15<\/a><\/h5><p itemprop=\"description\" class=\"q_masonry_blog_excerpt\">Vor 15 Jahren wurde begonnen, die Marginalsiedlungen C\u00f3rdobas niederzurei\u00dfen und die Bewohner in neu gebaute Stadtteile umzusiedeln. Die Probleme des l\u00e4ndlichen Exodus aufgrund fehlender Infrastruktur und Arbeit sowie Verarmung wurden durch dieses Projekt jedoch nicht gel\u00f6st. Deshalb helfen wir seitdem denen, die den Willen und......<\/p><div class=\"q_masonry_blog_post_info\"> \/ <a itemprop=\"url\" class=\"post_comments\" href=\"https:\/\/serhumanos.org\/de\/ser-humanos-wird-15\/#respond\">No comment<\/a><\/div><\/div><\/article><article  class='post-872 post type-post status-publish format-standard has-post-thumbnail hentry category-sin-categoria '><div class=\"q_masonry_blog_post_image\"><a itemprop=\"url\" href=\"https:\/\/serhumanos.org\/de\/ser-humanos-erhaelt-zuwachs\/\" target=\"_self\"><img itemprop=\"image\" src=\"https:\/\/serhumanos.org\/wp-content\/uploads\/2018\/11\/Proyecto_Idea_circ_II.png\" \/><\/a><\/div><div class=\"q_masonry_blog_post_text\"><h5 itemprop=\"name\" class=\"q_masonry_blog_title entry_title\"><a itemprop=\"url\" href=\"https:\/\/serhumanos.org\/de\/ser-humanos-erhaelt-zuwachs\/\">Die Familie von Ser Humanos erh\u00e4lt Zuwachs<\/a><\/h5><p itemprop=\"description\" class=\"q_masonry_blog_excerpt\">Unsere Arbeit tr\u00e4gt Fr\u00fcchte: Wir freuen uns, eine neue Familie in Villa Albertina begr\u00fc\u00dfen zu d\u00fcrfen: Es handelt sich um Mario und Roc\u00edo mit ihren zwei Kindern Le\u00f3n (6) und Ludmila (3), die sich entschlossen haben, ihre Lebenssituation zu ver\u00e4ndern und aus einer Marginalsiedlung der......<\/p><div class=\"q_masonry_blog_post_info\"> \/ <a itemprop=\"url\" class=\"post_comments\" href=\"https:\/\/serhumanos.org\/de\/ser-humanos-erhaelt-zuwachs\/#respond\">No comment<\/a><\/div><\/div><\/article><article  class='post-762 post type-post status-publish format-standard has-post-thumbnail hentry category-sin-categoria '><div class=\"q_masonry_blog_post_image\"><a itemprop=\"url\" href=\"https:\/\/serhumanos.org\/de\/unser-gewaechshaus-waechst\/\" target=\"_self\"><img itemprop=\"image\" src=\"https:\/\/serhumanos.org\/wp-content\/uploads\/2018\/08\/News_vivero_1.png\" \/><\/a><\/div><div class=\"q_masonry_blog_post_text\"><h5 itemprop=\"name\" class=\"q_masonry_blog_title entry_title\"><a itemprop=\"url\" href=\"https:\/\/serhumanos.org\/de\/unser-gewaechshaus-waechst\/\">Unser Gew\u00e4chshaus w\u00e4chst<\/a><\/h5><p itemprop=\"description\" class=\"q_masonry_blog_excerpt\">W\u00e4hrend der letzten Monate haben wir unser Gew\u00e4chshaus umgebaut und erweitert. Eines unserer wichtigsten Ziele ist die Selbstversorgung der Gemeinschaft mit gesunden Lebensmitteln, in bester Qualit\u00e4t. Davon sollen allerdings nicht nur die Bewohner unseres Kulturzentrums \u201eLa Casona del Alto\u201c profitieren, sondern auch weitere Familien aus......<\/p><div class=\"q_masonry_blog_post_info\"> \/ <a itemprop=\"url\" class=\"post_comments\" href=\"https:\/\/serhumanos.org\/de\/unser-gewaechshaus-waechst\/#respond\">No comment<\/a><\/div><\/div><\/article><\/div>[\/vc_column][\/vc_row]<\/p>","protected":false},"excerpt":{"rendered":"<p>[vc_row css_animation=&#8220;&#8220; row_type=&#8220;row&#8220; use_row_as_full_screen_section=&#8220;no&#8220; type=&#8220;grid&#8220; angled_section=&#8220;no&#8220; text_align=&#8220;left&#8220; background_image_as_pattern=&#8220;without_pattern&#8220; z_index=&#8220;&#8220;][vc_column][vc_empty_space][\/vc_column][\/vc_row]<\/p>\n","protected":false},"author":1,"featured_media":0,"parent":0,"menu_order":0,"comment_status":"closed","ping_status":"closed","template":"full_width.php","meta":[],"yoast_head":"<!-- This site is optimized with the Yoast SEO plugin v20.5 - https:\/\/yoast.com\/wordpress\/plugins\/seo\/ -->\n<title>AKTUELLES - Ser Humanos<\/title>\n<meta name=\"robots\" content=\"index, follow, max-snippet:-1, max-image-preview:large, max-video-preview:-1\" \/>\n<link rel=\"canonical\" href=\"https:\/\/serhumanos.org\/de\/aktuelles\/\" \/>\n<meta property=\"og:locale\" content=\"de_DE\" \/>\n<meta property=\"og:type\" content=\"article\" \/>\n<meta property=\"og:title\" content=\"AKTUELLES - Ser Humanos\" \/>\n<meta property=\"og:description\" content=\"[vc_row css_animation=&#8220;&#8220; row_type=&#8220;row&#8220; use_row_as_full_screen_section=&#8220;no&#8220; type=&#8220;grid&#8220; angled_section=&#8220;no&#8220; text_align=&#8220;left&#8220; background_image_as_pattern=&#8220;without_pattern&#8220; z_index=&#8220;&#8220;][vc_column][vc_empty_space][\/vc_column][\/vc_row]\" \/>\n<meta property=\"og:url\" content=\"https:\/\/serhumanos.org\/de\/aktuelles\/\" \/>\n<meta property=\"og:site_name\" content=\"Ser Humanos\" \/>\n<meta property=\"article:modified_time\" content=\"2018-08-12T11:47:52+00:00\" \/>\n<meta name=\"twitter:card\" content=\"summary_large_image\" \/>\n<meta name=\"twitter:label1\" content=\"Gesch\u00e4tzte Lesezeit\" \/>\n\t<meta name=\"twitter:data1\" content=\"1\u00a0Minute\" \/>\n<script type=\"application\/ld+json\" class=\"yoast-schema-graph\">{\"@context\":\"https:\/\/schema.org\",\"@graph\":[{\"@type\":\"WebPage\",\"@id\":\"https:\/\/serhumanos.org\/de\/aktuelles\/\",\"url\":\"https:\/\/serhumanos.org\/de\/aktuelles\/\",\"name\":\"AKTUELLES - Ser Humanos\",\"isPartOf\":{\"@id\":\"https:\/\/serhumanos.org\/de\/#website\"},\"datePublished\":\"2016-11-02T12:30:44+00:00\",\"dateModified\":\"2018-08-12T11:47:52+00:00\",\"breadcrumb\":{\"@id\":\"https:\/\/serhumanos.org\/de\/aktuelles\/#breadcrumb\"},\"inLanguage\":\"de\",\"potentialAction\":[{\"@type\":\"ReadAction\",\"target\":[\"https:\/\/serhumanos.org\/de\/aktuelles\/\"]}]},{\"@type\":\"BreadcrumbList\",\"@id\":\"https:\/\/serhumanos.org\/de\/aktuelles\/#breadcrumb\",\"itemListElement\":[{\"@type\":\"ListItem\",\"position\":1,\"name\":\"Portada\",\"item\":\"https:\/\/serhumanos.org\/\"},{\"@type\":\"ListItem\",\"position\":2,\"name\":\"AKTUELLES\"}]},{\"@type\":\"WebSite\",\"@id\":\"https:\/\/serhumanos.org\/de\/#website\",\"url\":\"https:\/\/serhumanos.org\/de\/\",\"name\":\"Ser Humanos\",\"description\":\"Ayuda a familias carenciadas de C\u00f3rdoba, Argentina\",\"potentialAction\":[{\"@type\":\"SearchAction\",\"target\":{\"@type\":\"EntryPoint\",\"urlTemplate\":\"https:\/\/serhumanos.org\/de\/?s={search_term_string}\"},\"query-input\":\"required name=search_term_string\"}],\"inLanguage\":\"de\"}]}<\/script>\n<!-- \/ Yoast SEO plugin. -->","yoast_head_json":{"title":"AKTUELLES - Ser Humanos","robots":{"index":"index","follow":"follow","max-snippet":"max-snippet:-1","max-image-preview":"max-image-preview:large","max-video-preview":"max-video-preview:-1"},"canonical":"https:\/\/serhumanos.org\/de\/aktuelles\/","og_locale":"de_DE","og_type":"article","og_title":"AKTUELLES - Ser Humanos","og_description":"[vc_row css_animation=&#8220;&#8220; row_type=&#8220;row&#8220; use_row_as_full_screen_section=&#8220;no&#8220; type=&#8220;grid&#8220; angled_section=&#8220;no&#8220; text_align=&#8220;left&#8220; background_image_as_pattern=&#8220;without_pattern&#8220; z_index=&#8220;&#8220;][vc_column][vc_empty_space][\/vc_column][\/vc_row]","og_url":"https:\/\/serhumanos.org\/de\/aktuelles\/","og_site_name":"Ser Humanos","article_modified_time":"2018-08-12T11:47:52+00:00","twitter_card":"summary_large_image","twitter_misc":{"Gesch\u00e4tzte Lesezeit":"1\u00a0Minute"},"schema":{"@context":"https:\/\/schema.org","@graph":[{"@type":"WebPage","@id":"https:\/\/serhumanos.org\/de\/aktuelles\/","url":"https:\/\/serhumanos.org\/de\/aktuelles\/","name":"AKTUELLES - Ser Humanos","isPartOf":{"@id":"https:\/\/serhumanos.org\/de\/#website"},"datePublished":"2016-11-02T12:30:44+00:00","dateModified":"2018-08-12T11:47:52+00:00","breadcrumb":{"@id":"https:\/\/serhumanos.org\/de\/aktuelles\/#breadcrumb"},"inLanguage":"de","potentialAction":[{"@type":"ReadAction","target":["https:\/\/serhumanos.org\/de\/aktuelles\/"]}]},{"@type":"BreadcrumbList","@id":"https:\/\/serhumanos.org\/de\/aktuelles\/#breadcrumb","itemListElement":[{"@type":"ListItem","position":1,"name":"Portada","item":"https:\/\/serhumanos.org\/"},{"@type":"ListItem","position":2,"name":"AKTUELLES"}]},{"@type":"WebSite","@id":"https:\/\/serhumanos.org\/de\/#website","url":"https:\/\/serhumanos.org\/de\/","name":"Ser Humanos","description":"Ayuda a familias carenciadas de C\u00f3rdoba, Argentina","potentialAction":[{"@type":"SearchAction","target":{"@type":"EntryPoint","urlTemplate":"https:\/\/serhumanos.org\/de\/?s={search_term_string}"},"query-input":"required name=search_term_string"}],"inLanguage":"de"}]}},"_links":{"self":[{"href":"https:\/\/serhumanos.org\/de\/wp-json\/wp\/v2\/pages\/113"}],"collection":[{"href":"https:\/\/serhumanos.org\/de\/wp-json\/wp\/v2\/pages"}],"about":[{"href":"https:\/\/serhumanos.org\/de\/wp-json\/wp\/v2\/types\/page"}],"author":[{"embeddable":true,"href":"https:\/\/serhumanos.org\/de\/wp-json\/wp\/v2\/users\/1"}],"replies":[{"embeddable":true,"href":"https:\/\/serhumanos.org\/de\/wp-json\/wp\/v2\/comments?post=113"}],"version-history":[{"count":12,"href":"https:\/\/serhumanos.org\/de\/wp-json\/wp\/v2\/pages\/113\/revisions"}],"predecessor-version":[{"id":768,"href":"https:\/\/serhumanos.org\/de\/wp-json\/wp\/v2\/pages\/113\/revisions\/768"}],"wp:attachment":[{"href":"https:\/\/serhumanos.org\/de\/wp-json\/wp\/v2\/media?parent=113"}],"curies":[{"name":"wp","href":"https:\/\/api.w.org\/{rel}","templated":true}]}}