{"id":134,"date":"2016-11-02T14:00:39","date_gmt":"2016-11-02T14:00:39","guid":{"rendered":"http:\/\/bridge82.qodeinteractive.com\/?page_id=134"},"modified":"2021-05-10T07:36:26","modified_gmt":"2021-05-10T07:36:26","slug":"organizacion","status":"publish","type":"page","link":"https:\/\/serhumanos.org\/de\/organisation\/","title":{"rendered":"ORGANISATION"},"content":{"rendered":"<p>[vc_row css_animation=&#8220;&#8220; row_type=&#8220;row&#8220; use_row_as_full_screen_section=&#8220;no&#8220; type=&#8220;grid&#8220; angled_section=&#8220;no&#8220; text_align=&#8220;left&#8220; background_image_as_pattern=&#8220;without_pattern&#8220; z_index=&#8220;&#8220;][vc_column][vc_empty_space][\/vc_column][\/vc_row][vc_row css_animation=&#8220;&#8220; row_type=&#8220;row&#8220; use_row_as_full_screen_section=&#8220;no&#8220; type=&#8220;grid&#8220; angled_section=&#8220;no&#8220; text_align=&#8220;left&#8220; background_image_as_pattern=&#8220;without_pattern&#8220; z_index=&#8220;&#8220;][vc_column][qode_elements_holder number_of_columns=&#8220;two_columns&#8220; columns_proportion=&#8220;25_75&#8243;][qode_elements_holder_item background_color=&#8220;#ffffff&#8220; vertical_alignment=&#8220;middle&#8220; horizontal_alignment=&#8220;center&#8220; advanced_animations=&#8220;no&#8220;][vc_single_image image=&#8220;376&#8243; alignment=&#8220;center&#8220; qode_css_animation=&#8220;&#8220;][\/qode_elements_holder_item][qode_elements_holder_item background_color=&#8220;#ffffff&#8220; item_padding=&#8220;0.4&#8243; advanced_animations=&#8220;no&#8220;][vc_empty_space][vc_column_text]<strong>SER HUMANOS<\/strong><\/p>\n<p>Hinter dem Namen SER HUMANOS verbergen\u00a0sich <strong>zwei gemeinn\u00fctzige Vereine<\/strong>: einer in C\u00f3rdoba \u2013 Argentinien, ein weiterer in Leipzig \u2013 Deutschland. Legal sind es zwei unabh\u00e4ngige Vereine, die in der Praxis jedoch unter der gleichen Zielsetzung zusammenarbeiten und sich gegenseitig unterst\u00fctzen.<\/p>\n<p>In Argentinien liegt der Schwerpunkt auf der Realisierung des <em>Projekts zur Bev\u00f6lkerungsumverteilung mit Familien aus urbanen Marginalvierteln: Aufbau nachhaltig wirtschaftender, sich selbst finanzierender Dorfgemeinschaften<\/em>.<\/p>\n<p>In Deutschland wird sowohl an der Beschaffung der finanziellen und materiellen Ressourcen f\u00fcr das Projekt als auch an dem kulturellen Austausch zwischen den L\u00e4ndern gearbeitet.<\/p>\n<p>[\/vc_column_text][vc_empty_space][\/qode_elements_holder_item][\/qode_elements_holder][\/vc_column][\/vc_row][vc_row css_animation=&#8220;&#8220; row_type=&#8220;row&#8220; use_row_as_full_screen_section=&#8220;no&#8220; type=&#8220;full_width&#8220; angled_section=&#8220;no&#8220; text_align=&#8220;left&#8220; background_image_as_pattern=&#8220;without_pattern&#8220;][vc_column][vc_empty_space][\/vc_column][\/vc_row][vc_row css_animation=&#8220;&#8220; row_type=&#8220;row&#8220; use_row_as_full_screen_section=&#8220;no&#8220; type=&#8220;grid&#8220; angled_section=&#8220;no&#8220; text_align=&#8220;left&#8220; background_image_as_pattern=&#8220;without_pattern&#8220; z_index=&#8220;&#8220;][vc_column width=&#8220;1\/2&#8243;][vc_separator type=&#8220;normal&#8220; color=&#8220;#444444&#8243;][vc_empty_space height=&#8220;15px&#8220;][vc_column_text]Argentinien: <strong>Ser Humanos &#8211; Asociaci\u00f3n Civil<\/strong><\/p>\n<p class=\"bodytext\">im Vereinsregister eingetragen unter: 362&#8243;A&#8220;\/04<\/p>\n<p>[\/vc_column_text][vc_empty_space height=&#8220;15px&#8220;][vc_raw_html]JTNDYSUyMGhyZWYlM0QlMjJtYWlsdG8lM0FpbmZvJTQwc2VyaHVtYW5vcy5vcmclMjIlM0UlM0NzcGFuJTIwc3R5bGUlM0QlMjJjb2xvciUzQSUyMCUyMzMzNjZmZiUzQiUyMiUzRWluZm8lNDBzZXJodW1hbm9zLm9yZyUzQyUyRnNwYW4lM0UlM0MlMkZhJTNF[\/vc_raw_html][vc_empty_space height=&#8220;48px&#8220;][\/vc_column][vc_column width=&#8220;1\/2&#8243;][vc_separator type=&#8220;normal&#8220; color=&#8220;#444444&#8243;][vc_empty_space height=&#8220;15px&#8220;][vc_column_text]Deutschland: <strong>Ser Humanos e.V.<\/strong><\/p>\n<p>im Vereinsregister eingetragen unter: VR 4098[\/vc_column_text][vc_empty_space height=&#8220;15px&#8220;][vc_raw_html]JTNDYSUyMGhyZWYlM0QlMjJtYWlsdG8lM0FpbmZvJTQwc2VyaHVtYW5vcy5vcmclMjIlM0UlM0NzcGFuJTIwc3R5bGUlM0QlMjJjb2xvciUzQSUyMCUyMzMzNjZmZiUzQiUyMiUzRWluZm8lNDBzZXJodW1hbm9zLm9yZyUzQyUyRnNwYW4lM0UlM0MlMkZhJTNF[\/vc_raw_html][vc_empty_space height=&#8220;48px&#8220;][\/vc_column][\/vc_row][vc_row css_animation=&#8220;&#8220; row_type=&#8220;row&#8220; use_row_as_full_screen_section=&#8220;no&#8220; type=&#8220;grid&#8220; angled_section=&#8220;no&#8220; text_align=&#8220;left&#8220; background_image_as_pattern=&#8220;without_pattern&#8220; z_index=&#8220;&#8220;][vc_column][vc_empty_space][vc_column_text]<\/p>\n<h3>Mitgliederstimmen<\/h3>\n<p>[\/vc_column_text][vc_empty_space height=&#8220;15px&#8220;]<div class='testimonials_c_holder clearfix dark'><div class=\"testimonials_c testimonials_c_carousel\" data-show-navigation=\"yes\" data-animation-speed=\"\" data-auto-rotate-slides=\"5\" data-number-per-slide=\"3\"><ul class=\"slides\"><li id=\"testimonials-c-961\" class=\"testimonial_content\"><div class=\"testimonial_content_inner\"><div class=\"testimonial_image_holder\"><img src=\"https:\/\/serhumanos.org\/wp-content\/uploads\/2020\/10\/Franco_Voces.png\" \/><\/div><div class=\"testimonial_text_holder\"><div class=\"testimonial_text_inner\" style=\"\"><p>Ich kam aus der Stadt zu Besuch und ich blieb, um meine Zukunft im Dorf zu planen. Ich liebe es, auf dem Land zu arbeiten, nicht nur im Gemeinschaftsgarten und in der G\u00e4rtnerei, sondern auch beim Bau meines zuk\u00fcnftigen Hauses. Ich werde alles tun, was ich kann, damit andere diesen Weg zum Land und zu einem guten Leben gehen k\u00f6nnen.<\/p><p class=\"testimonial_author\" style=\"font-weight: 400;color: #414141;\">Franco Soria (AR)<\/p><\/div><\/div><\/div><\/li><li id=\"testimonials-c-960\" class=\"testimonial_content\"><div class=\"testimonial_content_inner\"><div class=\"testimonial_image_holder\"><img src=\"https:\/\/serhumanos.org\/wp-content\/uploads\/2020\/10\/Rocio_Voces.png\" \/><\/div><div class=\"testimonial_text_holder\"><div class=\"testimonial_text_inner\" style=\"\"><p>Zusammen mit meinen beiden Kindern lie\u00dfen wir die Stadt hinter uns, um ein ges\u00fcnderes und ruhigeres Leben zu f\u00fchren. Wir haben uns sehr gut an diese Ruhe angepasst, an den Kontakt mit der Natur, unser eigenes Essen zu produzieren, einige Tiere zu haben, und vor allem das Gef\u00fchl zu haben, dass ich Teil einer kleinen Gemeinschaft bin, die das Beste f\u00fcr einander will.<\/p><p class=\"testimonial_author\" style=\"font-weight: 400;color: #414141;\">Roc\u00edo Sabadias (AR)<\/p><\/div><\/div><\/div><\/li><li id=\"testimonials-c-957\" class=\"testimonial_content\"><div class=\"testimonial_content_inner\"><div class=\"testimonial_image_holder\"><img src=\"https:\/\/serhumanos.org\/wp-content\/uploads\/2020\/10\/Gustavo_Voces.png\" \/><\/div><div class=\"testimonial_text_holder\"><div class=\"testimonial_text_inner\" style=\"\"><p>Ich bin in Villa Albertina geboren und lebe immer noch hier. Im Alter von 15 Jahren wandte ich mich an Ser Humanos, um schulische Unterst\u00fctzung zu erhalten, und begann, mehr und mehr mitzuarbeiten und mich f\u00fcr das Projekt zu engagieren. Als Verein werden wir weiterhin dazu beitragen, uns um das Dorf zu k\u00fcmmern und diejenigen willkommen zu hei\u00dfen, die mit uns sich darum k\u00fcmmern m\u00f6chten.<\/p><p class=\"testimonial_author\" style=\"font-weight: 400;color: #414141;\">Gustavo Moya (President AR)<\/p><\/div><\/div><\/div><\/li><li id=\"testimonials-c-68\" class=\"testimonial_content\"><div class=\"testimonial_content_inner\"><div class=\"testimonial_image_holder\"><img src=\"https:\/\/serhumanos.org\/wp-content\/uploads\/2016\/08\/Voces_Rodrigo.png\" \/><\/div><div class=\"testimonial_text_holder\"><div class=\"testimonial_text_inner\" style=\"\"><p>Ich m\u00f6chte meinen Beitrag dazu leisten, die Welt in einem besseren Zustand zu verlassen, als ich sie betreten habe.<\/p><p class=\"testimonial_author\" style=\"font-weight: 400;color: #414141;\">Rodrigo Zori Comba (Founder) (AR)<\/p><\/div><\/div><\/div><\/li><li id=\"testimonials-c-69\" class=\"testimonial_content\"><div class=\"testimonial_content_inner\"><div class=\"testimonial_image_holder\"><img src=\"https:\/\/serhumanos.org\/wp-content\/uploads\/2016\/08\/Voces_Eliana.png\" \/><\/div><div class=\"testimonial_text_holder\"><div class=\"testimonial_text_inner\" style=\"\"><p>Ich kenne das Projekt von Anfang an und fand die Idee immer sehr gut. Nun habe ich mich dazu entschieden, mitzumachen, weil ich \u00fcberzeugt davon bin, dass es nichts bringt, nur Kritik zu \u00fcben. Jeder von uns kann seinen kleinen Teil f\u00fcr eine bessere Welt beitragen und jeder Moment ist der Richtige, um irgendwomit anzufangen.<\/p><p class=\"testimonial_author\" style=\"font-weight: 400;color: #414141;\">Eliana La Rossa (AR)<\/p><\/div><\/div><\/div><\/li><li id=\"testimonials-c-70\" class=\"testimonial_content\"><div class=\"testimonial_content_inner\"><div class=\"testimonial_image_holder\"><img src=\"https:\/\/serhumanos.org\/wp-content\/uploads\/2016\/08\/Voces_Hanna.png\" \/><\/div><div class=\"testimonial_text_holder\"><div class=\"testimonial_text_inner\" style=\"\"><p>Ich bin gerne bei Ser Humanos, weil ich auch in kleinen Dingen meinen ganz pers\u00f6nlichen Beitrag zu dem gro\u00dfen Ganzen leisten kann. Auch wenn es bis dahin noch ein weiter und nicht immer leichter Weg sein wird, treffe ich bei niemandem auf Entmutigung oder Gedanken des Aufgebens. Das sch\u00e4tze ich sehr.<\/p><p class=\"testimonial_author\" style=\"font-weight: 400;color: #414141;\">Hanna Weber (DE)<\/p><\/div><\/div><\/div><\/li><li id=\"testimonials-c-65\" class=\"testimonial_content\"><div class=\"testimonial_content_inner\"><div class=\"testimonial_image_holder\"><img src=\"https:\/\/serhumanos.org\/wp-content\/uploads\/2016\/08\/Voces_Daniela.png\" \/><\/div><div class=\"testimonial_text_holder\"><div class=\"testimonial_text_inner\" style=\"\"><p>Ich engagiere mich f\u00fcr den Verein Ser Humanos, weil ich es wichtig finde, dass Menschen, die in Armut leben und kaum Zugang zu Bildung haben, neue Perspektiven aufgezeigt bekommen und ihr Leben und Zuhause mit unserer Unterst\u00fctzung selbst gestalten k\u00f6nnen.<\/p><p class=\"testimonial_author\" style=\"font-weight: 400;color: #414141;\">Daniela Keil (DE)<\/p><\/div><\/div><\/div><\/li><li id=\"testimonials-c-67\" class=\"testimonial_content\"><div class=\"testimonial_content_inner\"><div class=\"testimonial_image_holder\"><img src=\"https:\/\/serhumanos.org\/wp-content\/uploads\/2016\/08\/Voces_Wiebke.png\" \/><\/div><div class=\"testimonial_text_holder\"><div class=\"testimonial_text_inner\" style=\"\"><p>Viele kleine Menschen an vielen kleinen Orten, die viele kleine Schritte tun, k\u00f6nnen das Gesicht der Welt ver\u00e4ndern...<\/p><p class=\"testimonial_author\" style=\"font-weight: 400;color: #414141;\">Wiebke Scheffler (DE)<\/p><\/div><\/div><\/div><\/li><li id=\"testimonials-c-66\" class=\"testimonial_content\"><div class=\"testimonial_content_inner\"><div class=\"testimonial_image_holder\"><img src=\"https:\/\/serhumanos.org\/wp-content\/uploads\/2016\/08\/Voces_Lucrecia-1.png\" \/><\/div><div class=\"testimonial_text_holder\"><div class=\"testimonial_text_inner\" style=\"\"><p>Ich habe mich entschieden, Ser Humanos zu unterst\u00fctzen, weil das Projekt ambitioniert aber gleichzeitig machbar und reproduzierbar ist. Ich glaube, wir k\u00f6nnen Schritt f\u00fcr Schritt helfen.<\/p><p class=\"testimonial_author\" style=\"font-weight: 400;color: #414141;\">Lucrecia Capparelli (AR\/DE)<\/p><\/div><\/div><\/div><\/li><\/ul><\/div><\/div>[\/vc_column][\/vc_row][vc_row css_animation=&#8220;&#8220; row_type=&#8220;row&#8220; use_row_as_full_screen_section=&#8220;no&#8220; type=&#8220;full_width&#8220; angled_section=&#8220;no&#8220; text_align=&#8220;center&#8220; background_image_as_pattern=&#8220;without_pattern&#8220; css=&#8220;.vc_custom_1472634047354{padding-top: 30px !important;padding-bottom: 30px !important;background-color: #70949d !important;}&#8220;][vc_column][vc_column_text]<\/p>\n<h6><span style=\"color: #ffffff;\">Bildergalerie<br \/>\n<\/span><\/h6>\n<p>[\/vc_column_text][\/vc_column][\/vc_row][vc_row css_animation=&#8220;&#8220; row_type=&#8220;row&#8220; use_row_as_full_screen_section=&#8220;no&#8220; type=&#8220;full_width&#8220; angled_section=&#8220;no&#8220; text_align=&#8220;left&#8220; background_image_as_pattern=&#8220;without_pattern&#8220;][vc_column][vc_gallery type=&#8220;image_grid&#8220; images=&#8220;347,345,346,348,578,579&#8243; img_size=&#8220;full&#8220; column_number=&#8220;6&#8243; grayscale=&#8220;no&#8220; images_space=&#8220;gallery_without_space&#8220;][\/vc_column][\/vc_row]<\/p>","protected":false},"excerpt":{"rendered":"<p>[vc_row css_animation=&#8220;&#8220; row_type=&#8220;row&#8220; use_row_as_full_screen_section=&#8220;no&#8220; type=&#8220;grid&#8220; angled_section=&#8220;no&#8220; text_align=&#8220;left&#8220; background_image_as_pattern=&#8220;without_pattern&#8220; z_index=&#8220;&#8220;][vc_column][vc_empty_space][\/vc_column][\/vc_row][vc_row css_animation=&#8220;&#8220; row_type=&#8220;row&#8220; use_row_as_full_screen_section=&#8220;no&#8220; type=&#8220;grid&#8220; angled_section=&#8220;no&#8220; text_align=&#8220;left&#8220; background_image_as_pattern=&#8220;without_pattern&#8220; z_index=&#8220;&#8220;][vc_column][qode_elements_holder number_of_columns=&#8220;two_columns&#8220; columns_proportion=&#8220;25_75&#8243;][qode_elements_holder_item background_color=&#8220;#ffffff&#8220; vertical_alignment=&#8220;middle&#8220; horizontal_alignment=&#8220;center&#8220; advanced_animations=&#8220;no&#8220;][vc_single_image image=&#8220;376&#8243; alignment=&#8220;center&#8220; qode_css_animation=&#8220;&#8220;][\/qode_elements_holder_item][qode_elements_holder_item background_color=&#8220;#ffffff&#8220; item_padding=&#8220;0.4&#8243; advanced_animations=&#8220;no&#8220;][vc_empty_space][vc_column_text]SER HUMANOS Hinter dem Namen SER HUMANOS verbergen\u00a0sich zwei gemeinn\u00fctzige Vereine: einer in C\u00f3rdoba \u2013 Argentinien, ein&#8230;<\/p>\n","protected":false},"author":1,"featured_media":0,"parent":0,"menu_order":0,"comment_status":"closed","ping_status":"closed","template":"full_width.php","meta":[],"yoast_head":"<!-- This site is optimized with the Yoast SEO plugin v20.5 - https:\/\/yoast.com\/wordpress\/plugins\/seo\/ -->\n<title>ORGANISATION - Ser Humanos<\/title>\n<meta name=\"description\" content=\"(Espa\u00f1ol) Somos una Organizaci\u00f3n No Gubernamental (ONG) compuesta por dos Asociaciones Civiles sin Fines de Lucro,\u00a0una en C\u00f3rdoba - Argentina y otra en Leipzig - Alemania.\" \/>\n<meta name=\"robots\" content=\"index, follow, max-snippet:-1, max-image-preview:large, max-video-preview:-1\" \/>\n<link rel=\"canonical\" href=\"https:\/\/serhumanos.org\/de\/organisation\/\" \/>\n<meta property=\"og:locale\" content=\"de_DE\" \/>\n<meta property=\"og:type\" content=\"article\" \/>\n<meta property=\"og:title\" content=\"ORGANISATION - Ser Humanos\" \/>\n<meta property=\"og:description\" content=\"(Espa\u00f1ol) Somos una Organizaci\u00f3n No Gubernamental (ONG) compuesta por dos Asociaciones Civiles sin Fines de Lucro,\u00a0una en C\u00f3rdoba - Argentina y otra en Leipzig - Alemania.\" \/>\n<meta property=\"og:url\" content=\"https:\/\/serhumanos.org\/de\/organisation\/\" \/>\n<meta property=\"og:site_name\" content=\"Ser Humanos\" \/>\n<meta property=\"article:modified_time\" content=\"2021-05-10T07:36:26+00:00\" \/>\n<meta name=\"twitter:card\" content=\"summary_large_image\" \/>\n<meta name=\"twitter:label1\" content=\"Gesch\u00e4tzte Lesezeit\" \/>\n\t<meta name=\"twitter:data1\" content=\"12\u00a0Minuten\" \/>\n<script type=\"application\/ld+json\" class=\"yoast-schema-graph\">{\"@context\":\"https:\/\/schema.org\",\"@graph\":[{\"@type\":\"WebPage\",\"@id\":\"https:\/\/serhumanos.org\/de\/organisation\/\",\"url\":\"https:\/\/serhumanos.org\/de\/organisation\/\",\"name\":\"ORGANISATION - Ser Humanos\",\"isPartOf\":{\"@id\":\"https:\/\/serhumanos.org\/de\/#website\"},\"datePublished\":\"2016-11-02T14:00:39+00:00\",\"dateModified\":\"2021-05-10T07:36:26+00:00\",\"description\":\"(Espa\u00f1ol) Somos una Organizaci\u00f3n No Gubernamental (ONG) compuesta por dos Asociaciones Civiles sin Fines de Lucro,\u00a0una en C\u00f3rdoba - Argentina y otra en Leipzig - Alemania.\",\"breadcrumb\":{\"@id\":\"https:\/\/serhumanos.org\/de\/organisation\/#breadcrumb\"},\"inLanguage\":\"de\",\"potentialAction\":[{\"@type\":\"ReadAction\",\"target\":[\"https:\/\/serhumanos.org\/de\/organisation\/\"]}]},{\"@type\":\"BreadcrumbList\",\"@id\":\"https:\/\/serhumanos.org\/de\/organisation\/#breadcrumb\",\"itemListElement\":[{\"@type\":\"ListItem\",\"position\":1,\"name\":\"Portada\",\"item\":\"https:\/\/serhumanos.org\/\"},{\"@type\":\"ListItem\",\"position\":2,\"name\":\"ORGANISATION\"}]},{\"@type\":\"WebSite\",\"@id\":\"https:\/\/serhumanos.org\/de\/#website\",\"url\":\"https:\/\/serhumanos.org\/de\/\",\"name\":\"Ser Humanos\",\"description\":\"Ayuda a familias carenciadas de C\u00f3rdoba, Argentina\",\"potentialAction\":[{\"@type\":\"SearchAction\",\"target\":{\"@type\":\"EntryPoint\",\"urlTemplate\":\"https:\/\/serhumanos.org\/de\/?s={search_term_string}\"},\"query-input\":\"required name=search_term_string\"}],\"inLanguage\":\"de\"}]}<\/script>\n<!-- \/ Yoast SEO plugin. -->","yoast_head_json":{"title":"ORGANISATION - Ser Humanos","description":"(Espa\u00f1ol) Somos una Organizaci\u00f3n No Gubernamental (ONG) compuesta por dos Asociaciones Civiles sin Fines de Lucro,\u00a0una en C\u00f3rdoba - Argentina y otra en Leipzig - Alemania.","robots":{"index":"index","follow":"follow","max-snippet":"max-snippet:-1","max-image-preview":"max-image-preview:large","max-video-preview":"max-video-preview:-1"},"canonical":"https:\/\/serhumanos.org\/de\/organisation\/","og_locale":"de_DE","og_type":"article","og_title":"ORGANISATION - Ser Humanos","og_description":"(Espa\u00f1ol) Somos una Organizaci\u00f3n No Gubernamental (ONG) compuesta por dos Asociaciones Civiles sin Fines de Lucro,\u00a0una en C\u00f3rdoba - Argentina y otra en Leipzig - Alemania.","og_url":"https:\/\/serhumanos.org\/de\/organisation\/","og_site_name":"Ser Humanos","article_modified_time":"2021-05-10T07:36:26+00:00","twitter_card":"summary_large_image","twitter_misc":{"Gesch\u00e4tzte Lesezeit":"12\u00a0Minuten"},"schema":{"@context":"https:\/\/schema.org","@graph":[{"@type":"WebPage","@id":"https:\/\/serhumanos.org\/de\/organisation\/","url":"https:\/\/serhumanos.org\/de\/organisation\/","name":"ORGANISATION - Ser Humanos","isPartOf":{"@id":"https:\/\/serhumanos.org\/de\/#website"},"datePublished":"2016-11-02T14:00:39+00:00","dateModified":"2021-05-10T07:36:26+00:00","description":"(Espa\u00f1ol) Somos una Organizaci\u00f3n No Gubernamental (ONG) compuesta por dos Asociaciones Civiles sin Fines de Lucro,\u00a0una en C\u00f3rdoba - Argentina y otra en Leipzig - Alemania.","breadcrumb":{"@id":"https:\/\/serhumanos.org\/de\/organisation\/#breadcrumb"},"inLanguage":"de","potentialAction":[{"@type":"ReadAction","target":["https:\/\/serhumanos.org\/de\/organisation\/"]}]},{"@type":"BreadcrumbList","@id":"https:\/\/serhumanos.org\/de\/organisation\/#breadcrumb","itemListElement":[{"@type":"ListItem","position":1,"name":"Portada","item":"https:\/\/serhumanos.org\/"},{"@type":"ListItem","position":2,"name":"ORGANISATION"}]},{"@type":"WebSite","@id":"https:\/\/serhumanos.org\/de\/#website","url":"https:\/\/serhumanos.org\/de\/","name":"Ser Humanos","description":"Ayuda a familias carenciadas de C\u00f3rdoba, Argentina","potentialAction":[{"@type":"SearchAction","target":{"@type":"EntryPoint","urlTemplate":"https:\/\/serhumanos.org\/de\/?s={search_term_string}"},"query-input":"required name=search_term_string"}],"inLanguage":"de"}]}},"_links":{"self":[{"href":"https:\/\/serhumanos.org\/de\/wp-json\/wp\/v2\/pages\/134"}],"collection":[{"href":"https:\/\/serhumanos.org\/de\/wp-json\/wp\/v2\/pages"}],"about":[{"href":"https:\/\/serhumanos.org\/de\/wp-json\/wp\/v2\/types\/page"}],"author":[{"embeddable":true,"href":"https:\/\/serhumanos.org\/de\/wp-json\/wp\/v2\/users\/1"}],"replies":[{"embeddable":true,"href":"https:\/\/serhumanos.org\/de\/wp-json\/wp\/v2\/comments?post=134"}],"version-history":[{"count":41,"href":"https:\/\/serhumanos.org\/de\/wp-json\/wp\/v2\/pages\/134\/revisions"}],"predecessor-version":[{"id":989,"href":"https:\/\/serhumanos.org\/de\/wp-json\/wp\/v2\/pages\/134\/revisions\/989"}],"wp:attachment":[{"href":"https:\/\/serhumanos.org\/de\/wp-json\/wp\/v2\/media?parent=134"}],"curies":[{"name":"wp","href":"https:\/\/api.w.org\/{rel}","templated":true}]}}