{"id":143,"date":"2016-11-02T14:21:01","date_gmt":"2016-11-02T14:21:01","guid":{"rendered":"http:\/\/bridge82.qodeinteractive.com\/?page_id=143"},"modified":"2018-11-05T21:13:47","modified_gmt":"2018-11-05T21:13:47","slug":"proyecto","status":"publish","type":"page","link":"https:\/\/serhumanos.org\/de\/projekt\/","title":{"rendered":"PROJEKT"},"content":{"rendered":"<p>[vc_row css_animation=&#8220;&#8220; row_type=&#8220;row&#8220; use_row_as_full_screen_section=&#8220;no&#8220; type=&#8220;grid&#8220; angled_section=&#8220;no&#8220; text_align=&#8220;center&#8220; background_image_as_pattern=&#8220;without_pattern&#8220; css=&#8220;.vc_custom_1478097484495{padding-top: 72px !important;}&#8220;][vc_column][qode_elements_holder background_color=&#8220;#f6f6f6&#8243; number_of_columns=&#8220;two_columns&#8220;][qode_elements_holder_item vertical_alignment=&#8220;middle&#8220; advanced_animations=&#8220;no&#8220;]<div class='image_hover ' style='' data-transition-delay=''><div class='images_holder'><a itemprop='url' href='https:\/\/serhumanos.org\/de\/projekt\/konzept\/' target='_self'><img itemprop='image' class='active_image ' src='https:\/\/serhumanos.org\/wp-content\/uploads\/2018\/03\/Proyecto_Idea_circ.png' alt='' style='' \/><img itemprop='image' class='hover_image' src='https:\/\/serhumanos.org\/wp-content\/uploads\/2018\/11\/Proyecto_Idea_circ_II.png' alt='' style='' \/><\/a><\/div><\/div>[\/qode_elements_holder_item][qode_elements_holder_item item_padding=&#8220;0 4%&#8220; vertical_alignment=&#8220;middle&#8220; advanced_animations=&#8220;no&#8220; item_padding_600_768=&#8220;9% 0 0 0&#8243; item_padding_480_600=&#8220;14% 0 0 0&#8243; item_padding_480=&#8220;17% 0 0 0&#8243;][vc_column_text]<\/p>\n<h3><a href=\"https:\/\/serhumanos.org\/de\/projekt\/konzept\/\">Idee und Konzept<\/a><\/h3>\n<p>[\/vc_column_text][vc_empty_space height=&#8220;39px&#8220;][vc_column_text]Mit unserem Projekt beabsichtigen wir, Familien aus den urbanen Marginalsiedlungen C\u00f3rdobas ein menschenw\u00fcrdigeres Leben mit neuen Perspektiven zu erm\u00f6glichen. Wir m\u00f6chten eine Dorfgemeinschaft aufbauen, die sich selbst versorgt und finanziert. Dies beinhaltet auch einen harmonischen Weg zur\u00fcck zum Landleben, inklusive Selbstbestimmung und sicherer Versorgung mit Nahrungsmitteln.[\/vc_column_text][vc_empty_space height=&#8220;42px&#8220;]<a  itemprop=\"url\" href=\"https:\/\/serhumanos.org\/de\/projekt\/konzept\/\" target=\"_self\"  class=\"qbutton  big_large default\" style=\"\">Mehr info<\/a>[\/qode_elements_holder_item][\/qode_elements_holder][\/vc_column][\/vc_row][vc_row css_animation=&#8220;&#8220; row_type=&#8220;row&#8220; use_row_as_full_screen_section=&#8220;no&#8220; type=&#8220;grid&#8220; angled_section=&#8220;no&#8220; text_align=&#8220;center&#8220; background_image_as_pattern=&#8220;without_pattern&#8220; css=&#8220;.vc_custom_1478097559129{padding-top: 103px !important;}&#8220;][vc_column][qode_elements_holder background_color=&#8220;#f6f6f6&#8243; number_of_columns=&#8220;two_columns&#8220;][qode_elements_holder_item item_padding=&#8220;0 4%&#8220; vertical_alignment=&#8220;middle&#8220; advanced_animations=&#8220;no&#8220;][vc_column_text]<\/p>\n<h3><a href=\"https:\/\/serhumanos.org\/de\/projekt\/warum\/\">Warum<\/a><\/h3>\n<p>[\/vc_column_text][vc_empty_space height=&#8220;39px&#8220;][vc_column_text]Wie in anderen L\u00e4ndern auch, wachsen in den letzten Jahrzehnten die st\u00e4dtischen Ballungsgebiete in Argentinien stark an, w\u00e4hrend viele l\u00e4ndliche Ortsch\u00e4ften langsam aussterben. Dies betrifft auch die Gro\u00dfstadt C\u00f3rdoba. Eine negative Auswirkung dieser Entwicklung sind die urbanen Marginalsiedlungen \u2013 die sogenannten villas miseria, vergleichbar mit den brasilianischen Favelas. Hier mangelt es an den elementarsten Dingen des Lebens. Die Bewohner leiden an Platzmangel durch \u00dcberbelegung, Mangelern\u00e4hrung durch Armut und Vernachl\u00e4ssigung von staatlicher Seite. Daraus resultieren massive Probleme wie innerfamili\u00e4rer Gewalt, Kriminalit\u00e4t, Bildungsdefizite und Drogenabh\u00e4ngigkeit.[\/vc_column_text][vc_empty_space height=&#8220;42px&#8220;]<a  itemprop=\"url\" href=\"http:\/\/serhumanos.org\/proyecto\/fundamento\/\" target=\"_self\"  class=\"qbutton  big_large default\" style=\"\">Weiter lesen<\/a>[\/qode_elements_holder_item][qode_elements_holder_item vertical_alignment=&#8220;middle&#8220; advanced_animations=&#8220;no&#8220; item_padding_600_768=&#8220;12% 0 0 0&#8243; item_padding_480_600=&#8220;17% 0 0 0&#8243; item_padding_480=&#8220;21% 0 0 0&#8243;]<div class='image_hover ' style='' data-transition-delay=''><div class='images_holder'><a itemprop='url' href='https:\/\/serhumanos.org\/de\/projekt\/warum\/' target='_self'><img itemprop='image' class='active_image ' src='https:\/\/serhumanos.org\/wp-content\/uploads\/2018\/03\/Proyecto_porque_circ.png' alt='' style='' \/><img itemprop='image' class='hover_image' src='https:\/\/serhumanos.org\/wp-content\/uploads\/2018\/08\/Proyecto_Idea_III.png' alt='' style='' \/><\/a><\/div><\/div>[\/qode_elements_holder_item][\/qode_elements_holder][\/vc_column][\/vc_row][vc_row css_animation=&#8220;&#8220; row_type=&#8220;row&#8220; use_row_as_full_screen_section=&#8220;no&#8220; type=&#8220;grid&#8220; angled_section=&#8220;no&#8220; text_align=&#8220;center&#8220; background_image_as_pattern=&#8220;without_pattern&#8220; css=&#8220;.vc_custom_1478097652710{padding-top: 103px !important;padding-bottom: 150px !important;}&#8220;][vc_column][qode_elements_holder background_color=&#8220;#f6f6f6&#8243; number_of_columns=&#8220;two_columns&#8220;][qode_elements_holder_item vertical_alignment=&#8220;middle&#8220; advanced_animations=&#8220;no&#8220;]<div class='image_hover ' style='' data-transition-delay=''><div class='images_holder'><a itemprop='url' href='https:\/\/serhumanos.org\/de\/projekt\/aktionsplan\/' target='_self'><img itemprop='image' class='active_image ' src='https:\/\/serhumanos.org\/wp-content\/uploads\/2018\/03\/Proyecto_Plan_circ.png' alt='' style='' \/><img itemprop='image' class='hover_image' src='https:\/\/serhumanos.org\/wp-content\/uploads\/2018\/11\/Proyecto_Plan_circ_2.png' alt='' style='' \/><\/a><\/div><\/div>[\/qode_elements_holder_item][qode_elements_holder_item item_padding=&#8220;0 4%&#8220; vertical_alignment=&#8220;middle&#8220; advanced_animations=&#8220;no&#8220; item_padding_600_768=&#8220;9% 0 0 0&#8243; item_padding_480_600=&#8220;14% 0 0 0&#8243; item_padding_480=&#8220;17% 0 0 0&#8243;][vc_column_text]<\/p>\n<h3><a href=\"https:\/\/serhumanos.org\/de\/projekt\/aktionsplan\/\">Aktionsplan<\/a><\/h3>\n<p>[\/vc_column_text][vc_empty_space height=&#8220;39px&#8220;][vc_column_text]Unsere Projektentwicklung wird in drei Phasen unterteilt: Nachdem wir im ersten Schritt den Grundst\u00fcckserwerb inklusive Nutzungsplan realisieren konnten, befinden wir uns nun mitten in der zweiten Phase. Diese beinhaltet die wirtschaftliche Nutzung, haupts\u00e4chlich durch Landwirtschaft, den Ausbau des Kulturzentrums (La Casona del Alto) und die Auswahl der Bewohner.[\/vc_column_text][vc_empty_space height=&#8220;42px&#8220;]<a  itemprop=\"url\" href=\"http:\/\/serhumanos.org\/proyecto\/plan-de-accion\/\" target=\"_self\"  class=\"qbutton  big_large default\" style=\"\">Details<\/a>[\/qode_elements_holder_item][\/qode_elements_holder][\/vc_column][\/vc_row][vc_row css_animation=&#8220;&#8220; row_type=&#8220;row&#8220; use_row_as_full_screen_section=&#8220;no&#8220; type=&#8220;grid&#8220; angled_section=&#8220;no&#8220; text_align=&#8220;center&#8220; background_image_as_pattern=&#8220;without_pattern&#8220; z_index=&#8220;&#8220;][vc_column][qode_elements_holder background_color=&#8220;#f6f6f6&#8243; number_of_columns=&#8220;two_columns&#8220;][qode_elements_holder_item item_padding=&#8220;0 4%&#8220; vertical_alignment=&#8220;middle&#8220; advanced_animations=&#8220;no&#8220;][vc_column_text]<\/p>\n<h3><a href=\"https:\/\/serhumanos.org\/de\/proyecto\/principios\/\">Grunds\u00e4tze<\/a><\/h3>\n<p>[\/vc_column_text][vc_empty_space height=&#8220;39px&#8220;][vc_column_text]Damit ein harmonisches und gesundes Zusammenleben in unserer bunt gemischten Dorfgemeinschaft funktioniert, m\u00fcssen alle an einem Strang ziehen. Respekt, Vertrauen und Toleranz sind nur drei wichtige Werte, die eine Gruppe von Menschen zu einer Gemeinschaft machen. Wir haben daher einige Grunds\u00e4tze f\u00fcr unser Zusammenleben formuliert.[\/vc_column_text][vc_empty_space height=&#8220;42px&#8220;]<a  itemprop=\"url\" href=\"http:\/\/serhumanos.org\/proyecto\/principios\/\" target=\"_self\"  class=\"qbutton  big_large default\" style=\"\">Weiter lesen<\/a>[\/qode_elements_holder_item][qode_elements_holder_item vertical_alignment=&#8220;middle&#8220; advanced_animations=&#8220;no&#8220; item_padding_600_768=&#8220;12% 0 0 0&#8243; item_padding_480_600=&#8220;17% 0 0 0&#8243; item_padding_480=&#8220;21% 0 0 0&#8243;]<div class='image_hover ' style='' data-transition-delay=''><div class='images_holder'><a itemprop='url' href='https:\/\/serhumanos.org\/de\/proyecto\/principios\/' target='_self'><img itemprop='image' class='active_image ' src='https:\/\/serhumanos.org\/wp-content\/uploads\/2018\/03\/Proyecto_Principios_circ.png' alt='' style='' \/><img itemprop='image' class='hover_image' src='https:\/\/serhumanos.org\/wp-content\/uploads\/2018\/11\/Proyecto_Principios_circ_II.png' alt='' style='' \/><\/a><\/div><\/div>[\/qode_elements_holder_item][\/qode_elements_holder][\/vc_column][\/vc_row][vc_row css_animation=&#8220;&#8220; row_type=&#8220;row&#8220; use_row_as_full_screen_section=&#8220;no&#8220; type=&#8220;full_width&#8220; angled_section=&#8220;no&#8220; text_align=&#8220;left&#8220; background_image_as_pattern=&#8220;without_pattern&#8220;][vc_column][vc_empty_space][\/vc_column][\/vc_row]<\/p>","protected":false},"excerpt":{"rendered":"<p>[vc_row css_animation=&#8220;&#8220; row_type=&#8220;row&#8220; use_row_as_full_screen_section=&#8220;no&#8220; type=&#8220;grid&#8220; angled_section=&#8220;no&#8220; text_align=&#8220;center&#8220; background_image_as_pattern=&#8220;without_pattern&#8220; css=&#8220;.vc_custom_1478097484495{padding-top: 72px !important;}&#8220;][vc_column][qode_elements_holder background_color=&#8220;#f6f6f6&#8243; number_of_columns=&#8220;two_columns&#8220;][qode_elements_holder_item vertical_alignment=&#8220;middle&#8220; advanced_animations=&#8220;no&#8220;][\/qode_elements_holder_item][qode_elements_holder_item item_padding=&#8220;0 4%&#8220; vertical_alignment=&#8220;middle&#8220; advanced_animations=&#8220;no&#8220; item_padding_600_768=&#8220;9% 0 0 0&#8243; item_padding_480_600=&#8220;14% 0 0 0&#8243; item_padding_480=&#8220;17% 0 0 0&#8243;][vc_column_text] Idee und Konzept [\/vc_column_text][vc_empty_space height=&#8220;39px&#8220;][vc_column_text]Mit unserem Projekt beabsichtigen wir, Familien aus den urbanen Marginalsiedlungen&#8230;<\/p>\n","protected":false},"author":1,"featured_media":0,"parent":0,"menu_order":0,"comment_status":"closed","ping_status":"closed","template":"full_width.php","meta":[],"yoast_head":"<!-- This site is optimized with the Yoast SEO plugin v20.5 - https:\/\/yoast.com\/wordpress\/plugins\/seo\/ -->\n<title>PROJEKT - Ser Humanos<\/title>\n<meta name=\"robots\" content=\"index, follow, max-snippet:-1, max-image-preview:large, max-video-preview:-1\" \/>\n<link rel=\"canonical\" href=\"https:\/\/serhumanos.org\/de\/projekt\/\" \/>\n<meta property=\"og:locale\" content=\"de_DE\" \/>\n<meta property=\"og:type\" content=\"article\" \/>\n<meta property=\"og:title\" content=\"PROJEKT - Ser Humanos\" \/>\n<meta property=\"og:description\" content=\"[vc_row css_animation=&#8220;&#8220; row_type=&#8220;row&#8220; use_row_as_full_screen_section=&#8220;no&#8220; type=&#8220;grid&#8220; angled_section=&#8220;no&#8220; text_align=&#8220;center&#8220; background_image_as_pattern=&#8220;without_pattern&#8220; css=&#8220;.vc_custom_1478097484495{padding-top: 72px !important;}&#8220;][vc_column][qode_elements_holder background_color=&#8220;#f6f6f6&#8243; number_of_columns=&#8220;two_columns&#8220;][qode_elements_holder_item vertical_alignment=&#8220;middle&#8220; advanced_animations=&#8220;no&#8220;][\/qode_elements_holder_item][qode_elements_holder_item item_padding=&#8220;0 4%&#8220; vertical_alignment=&#8220;middle&#8220; advanced_animations=&#8220;no&#8220; item_padding_600_768=&#8220;9% 0 0 0&#8243; item_padding_480_600=&#8220;14% 0 0 0&#8243; item_padding_480=&#8220;17% 0 0 0&#8243;][vc_column_text] Idee und Konzept [\/vc_column_text][vc_empty_space height=&#8220;39px&#8220;][vc_column_text]Mit unserem Projekt beabsichtigen wir, Familien aus den urbanen Marginalsiedlungen...\" \/>\n<meta property=\"og:url\" content=\"https:\/\/serhumanos.org\/de\/projekt\/\" \/>\n<meta property=\"og:site_name\" content=\"Ser Humanos\" \/>\n<meta property=\"article:modified_time\" content=\"2018-11-05T21:13:47+00:00\" \/>\n<meta name=\"twitter:card\" content=\"summary_large_image\" \/>\n<meta name=\"twitter:label1\" content=\"Gesch\u00e4tzte Lesezeit\" \/>\n\t<meta name=\"twitter:data1\" content=\"13\u00a0Minuten\" \/>\n<script type=\"application\/ld+json\" class=\"yoast-schema-graph\">{\"@context\":\"https:\/\/schema.org\",\"@graph\":[{\"@type\":\"WebPage\",\"@id\":\"https:\/\/serhumanos.org\/de\/projekt\/\",\"url\":\"https:\/\/serhumanos.org\/de\/projekt\/\",\"name\":\"PROJEKT - Ser Humanos\",\"isPartOf\":{\"@id\":\"https:\/\/serhumanos.org\/de\/#website\"},\"datePublished\":\"2016-11-02T14:21:01+00:00\",\"dateModified\":\"2018-11-05T21:13:47+00:00\",\"breadcrumb\":{\"@id\":\"https:\/\/serhumanos.org\/de\/projekt\/#breadcrumb\"},\"inLanguage\":\"de\",\"potentialAction\":[{\"@type\":\"ReadAction\",\"target\":[\"https:\/\/serhumanos.org\/de\/projekt\/\"]}]},{\"@type\":\"BreadcrumbList\",\"@id\":\"https:\/\/serhumanos.org\/de\/projekt\/#breadcrumb\",\"itemListElement\":[{\"@type\":\"ListItem\",\"position\":1,\"name\":\"Portada\",\"item\":\"https:\/\/serhumanos.org\/\"},{\"@type\":\"ListItem\",\"position\":2,\"name\":\"PROJEKT\"}]},{\"@type\":\"WebSite\",\"@id\":\"https:\/\/serhumanos.org\/de\/#website\",\"url\":\"https:\/\/serhumanos.org\/de\/\",\"name\":\"Ser Humanos\",\"description\":\"Ayuda a familias carenciadas de C\u00f3rdoba, Argentina\",\"potentialAction\":[{\"@type\":\"SearchAction\",\"target\":{\"@type\":\"EntryPoint\",\"urlTemplate\":\"https:\/\/serhumanos.org\/de\/?s={search_term_string}\"},\"query-input\":\"required name=search_term_string\"}],\"inLanguage\":\"de\"}]}<\/script>\n<!-- \/ Yoast SEO plugin. -->","yoast_head_json":{"title":"PROJEKT - Ser Humanos","robots":{"index":"index","follow":"follow","max-snippet":"max-snippet:-1","max-image-preview":"max-image-preview:large","max-video-preview":"max-video-preview:-1"},"canonical":"https:\/\/serhumanos.org\/de\/projekt\/","og_locale":"de_DE","og_type":"article","og_title":"PROJEKT - Ser Humanos","og_description":"[vc_row css_animation=&#8220;&#8220; row_type=&#8220;row&#8220; use_row_as_full_screen_section=&#8220;no&#8220; type=&#8220;grid&#8220; angled_section=&#8220;no&#8220; text_align=&#8220;center&#8220; background_image_as_pattern=&#8220;without_pattern&#8220; css=&#8220;.vc_custom_1478097484495{padding-top: 72px !important;}&#8220;][vc_column][qode_elements_holder background_color=&#8220;#f6f6f6&#8243; number_of_columns=&#8220;two_columns&#8220;][qode_elements_holder_item vertical_alignment=&#8220;middle&#8220; advanced_animations=&#8220;no&#8220;][\/qode_elements_holder_item][qode_elements_holder_item item_padding=&#8220;0 4%&#8220; vertical_alignment=&#8220;middle&#8220; advanced_animations=&#8220;no&#8220; item_padding_600_768=&#8220;9% 0 0 0&#8243; item_padding_480_600=&#8220;14% 0 0 0&#8243; item_padding_480=&#8220;17% 0 0 0&#8243;][vc_column_text] Idee und Konzept [\/vc_column_text][vc_empty_space height=&#8220;39px&#8220;][vc_column_text]Mit unserem Projekt beabsichtigen wir, Familien aus den urbanen Marginalsiedlungen...","og_url":"https:\/\/serhumanos.org\/de\/projekt\/","og_site_name":"Ser Humanos","article_modified_time":"2018-11-05T21:13:47+00:00","twitter_card":"summary_large_image","twitter_misc":{"Gesch\u00e4tzte Lesezeit":"13\u00a0Minuten"},"schema":{"@context":"https:\/\/schema.org","@graph":[{"@type":"WebPage","@id":"https:\/\/serhumanos.org\/de\/projekt\/","url":"https:\/\/serhumanos.org\/de\/projekt\/","name":"PROJEKT - Ser Humanos","isPartOf":{"@id":"https:\/\/serhumanos.org\/de\/#website"},"datePublished":"2016-11-02T14:21:01+00:00","dateModified":"2018-11-05T21:13:47+00:00","breadcrumb":{"@id":"https:\/\/serhumanos.org\/de\/projekt\/#breadcrumb"},"inLanguage":"de","potentialAction":[{"@type":"ReadAction","target":["https:\/\/serhumanos.org\/de\/projekt\/"]}]},{"@type":"BreadcrumbList","@id":"https:\/\/serhumanos.org\/de\/projekt\/#breadcrumb","itemListElement":[{"@type":"ListItem","position":1,"name":"Portada","item":"https:\/\/serhumanos.org\/"},{"@type":"ListItem","position":2,"name":"PROJEKT"}]},{"@type":"WebSite","@id":"https:\/\/serhumanos.org\/de\/#website","url":"https:\/\/serhumanos.org\/de\/","name":"Ser Humanos","description":"Ayuda a familias carenciadas de C\u00f3rdoba, Argentina","potentialAction":[{"@type":"SearchAction","target":{"@type":"EntryPoint","urlTemplate":"https:\/\/serhumanos.org\/de\/?s={search_term_string}"},"query-input":"required name=search_term_string"}],"inLanguage":"de"}]}},"_links":{"self":[{"href":"https:\/\/serhumanos.org\/de\/wp-json\/wp\/v2\/pages\/143"}],"collection":[{"href":"https:\/\/serhumanos.org\/de\/wp-json\/wp\/v2\/pages"}],"about":[{"href":"https:\/\/serhumanos.org\/de\/wp-json\/wp\/v2\/types\/page"}],"author":[{"embeddable":true,"href":"https:\/\/serhumanos.org\/de\/wp-json\/wp\/v2\/users\/1"}],"replies":[{"embeddable":true,"href":"https:\/\/serhumanos.org\/de\/wp-json\/wp\/v2\/comments?post=143"}],"version-history":[{"count":48,"href":"https:\/\/serhumanos.org\/de\/wp-json\/wp\/v2\/pages\/143\/revisions"}],"predecessor-version":[{"id":909,"href":"https:\/\/serhumanos.org\/de\/wp-json\/wp\/v2\/pages\/143\/revisions\/909"}],"wp:attachment":[{"href":"https:\/\/serhumanos.org\/de\/wp-json\/wp\/v2\/media?parent=143"}],"curies":[{"name":"wp","href":"https:\/\/api.w.org\/{rel}","templated":true}]}}