{"id":331,"date":"2018-03-04T23:47:25","date_gmt":"2018-03-04T23:47:25","guid":{"rendered":"http:\/\/serhumanos.org\/?page_id=331"},"modified":"2023-03-02T17:16:12","modified_gmt":"2023-03-02T17:16:12","slug":"concepto-2","status":"publish","type":"page","link":"https:\/\/serhumanos.org\/de\/projekt\/konzept\/","title":{"rendered":"Idee und Konzept"},"content":{"rendered":"<p>[vc_row css_animation=&#8220;&#8220; row_type=&#8220;row&#8220; use_row_as_full_screen_section=&#8220;no&#8220; type=&#8220;grid&#8220; angled_section=&#8220;no&#8220; text_align=&#8220;center&#8220; background_image_as_pattern=&#8220;without_pattern&#8220; css=&#8220;.vc_custom_1478097559129{padding-top: 103px !important;}&#8220;][vc_column][qode_elements_holder background_color=&#8220;#f6f6f6&#8243; number_of_columns=&#8220;two_columns&#8220; columns_proportion=&#8220;66_33&#8243;][qode_elements_holder_item item_padding=&#8220;0 4%&#8220; vertical_alignment=&#8220;middle&#8220; horizontal_alignment=&#8220;left&#8220; advanced_animations=&#8220;no&#8220;][vc_column_text]<\/p>\n<h3>Idee und Konzept<\/h3>\n<p>[\/vc_column_text][vc_empty_space height=&#8220;39px&#8220;][vc_column_text]Unser Projekt \u201eAufnahme von Familien aus den Elendsvierteln Cordobas (Argentinien) und Aufbau einer nachhaltigen Dorfgemeinschaft\u201c ist ein Weg zur <strong>Resozialisierung bed\u00fcrftiger Familien<\/strong>.<\/p>\n<p>Unser prim\u00e4res Anliegen ist es, hilfsbed\u00fcrftige Familien aus dem Teufelskreis der Armut und den damit einhergehenden Problemen herauszuholen. Durch das Leben in einem neuen, sozialen Umfeld soll auch gleichzeitig <strong>eine neue Lebensperspektive<\/strong> aufgezeigt werden. Uns ist es in diesem Zusammenhang bereits gelungen, mit einigen Familien eine produktive Dorf-Gemeinschaft aufzubauen. Mittelfristig streben wir eine Selbstversorgung und -finanzierung an.<\/p>\n<p>Das Projekt richtet sich vorrangig an junge Familien mit Kindern im Vorschulalter, die unterhalb der Armutsgrenze leben. Unter bestimmten Umst\u00e4nden k\u00f6nnen die Kriterien f\u00fcr eine Aufnahme aber auch situativ erweitert werden.[\/vc_column_text][vc_empty_space height=&#8220;42px&#8220;][\/qode_elements_holder_item][qode_elements_holder_item vertical_alignment=&#8220;middle&#8220; advanced_animations=&#8220;no&#8220; item_padding_1280_1440=&#8220;0px 20px 0px 20px&#8220; item_padding_1024_1280=&#8220;0px 20px 0px 20px&#8220; item_padding_768_1024=&#8220;0px 20px 0px 20px&#8220; item_padding_600_768=&#8220;12% 0 0 0&#8243; item_padding_480_600=&#8220;17% 0 0 0&#8243; item_padding_480=&#8220;21% 0 0 0&#8243;][vc_empty_space]<div class='image_hover hovered' style='' data-transition-delay=''><div class='images_holder'><img itemprop='image' class='active_image ' src='https:\/\/serhumanos.org\/wp-content\/uploads\/2019\/09\/News_Sep2019.png' alt='' style='' \/><img itemprop='image' class='hover_image' src='https:\/\/serhumanos.org\/wp-content\/uploads\/2018\/11\/Proyecto_Idea_IV.png' alt='' style='' \/><\/div><\/div>[vc_empty_space][\/qode_elements_holder_item][\/qode_elements_holder][\/vc_column][\/vc_row][vc_row css_animation=&#8220;&#8220; row_type=&#8220;row&#8220; use_row_as_full_screen_section=&#8220;no&#8220; type=&#8220;grid&#8220; angled_section=&#8220;no&#8220; text_align=&#8220;center&#8220; background_image_as_pattern=&#8220;without_pattern&#8220; z_index=&#8220;&#8220;][vc_column width=&#8220;1\/2&#8243;][qode_elements_holder background_color=&#8220;#f6f6f6&#8243; number_of_columns=&#8220;one_column&#8220;][qode_elements_holder_item advanced_animations=&#8220;no&#8220; item_padding_1280_1440=&#8220;0px 10px 0px 20px&#8220; item_padding_1024_1280=&#8220;0px 10px 0px 20px&#8220;]<div class='service_table_holder'><ul class='service_table_inner'><li class='service_table_title_holder background_color_type' style='background-color: #a4c4c3;'><div class='service_table_title_inner'><div class='service_table_title_inner2'><h3 class='service_title' style=''>Projektspezifische Ziele<\/h3><\/div><\/div><\/li><li class='service_table_content' style='background-color: #70949d;'><\/p>\n<ul>\n<li style=\"text-align: left;\"><span style=\"color: #ffffff;\">Aufzeigen eines Weges aus der Armut sowie Aufbau eines sicheren Ortes f\u00fcr die Entwicklung der Familien<\/span><\/li>\n<li style=\"text-align: left;\"><span style=\"color: #ffffff;\">Bereitstellung der notwendigen Arbeitsmittel f\u00fcr die kontinuierliche Ausbildung beruflicher, kultureller und bildungsspezifischer F\u00e4higkeiten<\/span><\/li>\n<li style=\"text-align: left;\"><span style=\"color: #ffffff;\">St\u00e4rkung der Familie als Lebensort<\/span><\/li>\n<li style=\"text-align: left;\"><span style=\"color: #ffffff;\">Aufbau gesellschaftlicher Werten wie Solidarit\u00e4t, Verst\u00e4ndnis und gemeinn\u00fctziger Arbeit<\/span><\/li>\n<li style=\"text-align: left;\"><span style=\"color: #ffffff;\">F\u00f6rderung der gegenseitigen Anerkennung und des Bewusstseins f\u00fcr zivile, soziale und politische Rechte<\/span><\/li>\n<li style=\"text-align: left;\"><span style=\"color: #ffffff;\">Unterst\u00fctzung der Familien bei der aktiven Gestaltung ihrer eigenen Zukunft im Rahmen der gemeinschaftliche Arbeit<\/span><\/li>\n<li style=\"text-align: left;\"><span style=\"color: #ffffff;\">F\u00f6rderung einer besseren Bev\u00f6lkerungsverteilung<\/span><\/li>\n<\/ul>\n<p><\/li><\/ul><\/div>[\/qode_elements_holder_item][\/qode_elements_holder][vc_empty_space][\/vc_column][vc_column width=&#8220;1\/2&#8243;][qode_elements_holder background_color=&#8220;#f6f6f6&#8243; number_of_columns=&#8220;one_column&#8220;][qode_elements_holder_item vertical_alignment=&#8220;middle&#8220; horizontal_alignment=&#8220;left&#8220; advanced_animations=&#8220;no&#8220;][vc_column_text]W\u00e4hrend die Kinder Zugang zu kreativen, sportlichen und schulischen Bet\u00e4tigungen bekommen, k\u00f6nnen ihre Eltern einen Beruf erlernen sowie ihren h\u00e4uslichen Pflichten nachkommen. Am Ende dieses Prozesses sollen die Familien in der Lage sein, sich selbst zu versorgen.<br \/>\nDas Projekt basiert auf N\u00e4chstenliebe und Vertrauen.<\/p>\n<p>&nbsp;<\/p>\n<p>Die Familien werden Teil eines Umfelds, das sich von ihrem bisherigen Lebensumst\u00e4nden betr\u00e4chtlich unterscheidet. Ein Umfeld, das sie in eine bestehende Infrastruktur eingliedert und ihnen Zugang zu elementaren Dingen des Lebens wie Gesundheitsvorsorge und Bildung bietet. In dieser Umgebung sollen sich neue F\u00e4higkeiten ohne Druck entwickeln k\u00f6nnen, die sp\u00e4ter zu individuellen als auch gemeinschaftlichen Vorteilen f\u00fchren.<br \/>\nIn diesem Kontext werden den aufgenommenen Personen verschiedene Aufgaben zugeteilt, die der pers\u00f6nlichen und famili\u00e4ren Ausbildung sowie der Entwicklung der Gemeinschaft f\u00f6rderlich sind.<br \/>\nIn der Folge entsteht nicht nur eine verbesserte individuelle und gemeinschaftliche Lebensqualit\u00e4t sondern neu erlangtes Selbstbewusstsein und Engagement k\u00f6nnen auch au\u00dferhalb unserer Gemeinschaft Positives bewirken.<\/p>\n<p>Vorbild f\u00fcr unser Projekt sind die weltweit etablierten \u00d6kosiedlungen. Wir erhoffen uns\u00a0 auch, dass Bewohner, Unterstuetzer und Interessenten unsere Idee weiterverbreiten .[\/vc_column_text][\/qode_elements_holder_item][\/qode_elements_holder][qode_elements_holder number_of_columns=&#8220;two_columns&#8220;][qode_elements_holder_item advanced_animations=&#8220;no&#8220;][vc_empty_space]<a  itemprop=\"url\" href=\"http:\/\/serhumanos.org\/proyecto\/plan-de-accion\/\" target=\"_self\"  class=\"qbutton  medium default\" style=\"\">Aktionsplan<\/a>[\/qode_elements_holder_item][qode_elements_holder_item advanced_animations=&#8220;no&#8220;][vc_empty_space]<a  itemprop=\"url\" href=\"http:\/\/serhumanos.org\/proyecto\/principios\/\" target=\"_self\"  class=\"qbutton  medium default\" style=\"\">Grunds\u00e4tze<\/a>[\/qode_elements_holder_item][\/qode_elements_holder][\/vc_column][\/vc_row][vc_row css_animation=&#8220;&#8220; row_type=&#8220;row&#8220; use_row_as_full_screen_section=&#8220;no&#8220; type=&#8220;full_width&#8220; angled_section=&#8220;no&#8220; text_align=&#8220;left&#8220; background_image_as_pattern=&#8220;without_pattern&#8220;][vc_column][vc_empty_space][\/vc_column][\/vc_row]<\/p>","protected":false},"excerpt":{"rendered":"<p>[vc_row css_animation=&#8220;&#8220; row_type=&#8220;row&#8220; use_row_as_full_screen_section=&#8220;no&#8220; type=&#8220;grid&#8220; angled_section=&#8220;no&#8220; text_align=&#8220;center&#8220; background_image_as_pattern=&#8220;without_pattern&#8220; css=&#8220;.vc_custom_1478097559129{padding-top: 103px !important;}&#8220;][vc_column][qode_elements_holder background_color=&#8220;#f6f6f6&#8243; number_of_columns=&#8220;two_columns&#8220; columns_proportion=&#8220;66_33&#8243;][qode_elements_holder_item item_padding=&#8220;0 4%&#8220; vertical_alignment=&#8220;middle&#8220; horizontal_alignment=&#8220;left&#8220; advanced_animations=&#8220;no&#8220;][vc_column_text] Idee und Konzept [\/vc_column_text][vc_empty_space height=&#8220;39px&#8220;][vc_column_text]Unser Projekt \u201eAufnahme von Familien aus den Elendsvierteln Cordobas (Argentinien) und Aufbau einer nachhaltigen Dorfgemeinschaft\u201c ist ein Weg zur Resozialisierung bed\u00fcrftiger Familien&#8230;.<\/p>\n","protected":false},"author":1,"featured_media":0,"parent":143,"menu_order":0,"comment_status":"closed","ping_status":"closed","template":"full_width.php","meta":[],"yoast_head":"<!-- This site is optimized with the Yoast SEO plugin v20.5 - https:\/\/yoast.com\/wordpress\/plugins\/seo\/ -->\n<title>Idee und Konzept - Ser Humanos<\/title>\n<meta name=\"robots\" content=\"index, follow, max-snippet:-1, max-image-preview:large, max-video-preview:-1\" \/>\n<link rel=\"canonical\" href=\"https:\/\/serhumanos.org\/de\/projekt\/konzept\/\" \/>\n<meta property=\"og:locale\" content=\"de_DE\" \/>\n<meta property=\"og:type\" content=\"article\" \/>\n<meta property=\"og:title\" content=\"Idee und Konzept - Ser Humanos\" \/>\n<meta property=\"og:description\" content=\"[vc_row css_animation=&#8220;&#8220; row_type=&#8220;row&#8220; use_row_as_full_screen_section=&#8220;no&#8220; type=&#8220;grid&#8220; angled_section=&#8220;no&#8220; text_align=&#8220;center&#8220; background_image_as_pattern=&#8220;without_pattern&#8220; css=&#8220;.vc_custom_1478097559129{padding-top: 103px !important;}&#8220;][vc_column][qode_elements_holder background_color=&#8220;#f6f6f6&#8243; number_of_columns=&#8220;two_columns&#8220; columns_proportion=&#8220;66_33&#8243;][qode_elements_holder_item item_padding=&#8220;0 4%&#8220; vertical_alignment=&#8220;middle&#8220; horizontal_alignment=&#8220;left&#8220; advanced_animations=&#8220;no&#8220;][vc_column_text] Idee und Konzept [\/vc_column_text][vc_empty_space height=&#8220;39px&#8220;][vc_column_text]Unser Projekt \u201eAufnahme von Familien aus den Elendsvierteln Cordobas (Argentinien) und Aufbau einer nachhaltigen Dorfgemeinschaft\u201c ist ein Weg zur Resozialisierung bed\u00fcrftiger Familien....\" \/>\n<meta property=\"og:url\" content=\"https:\/\/serhumanos.org\/de\/projekt\/konzept\/\" \/>\n<meta property=\"og:site_name\" content=\"Ser Humanos\" \/>\n<meta property=\"article:modified_time\" content=\"2023-03-02T17:16:12+00:00\" \/>\n<meta name=\"twitter:card\" content=\"summary_large_image\" \/>\n<meta name=\"twitter:label1\" content=\"Gesch\u00e4tzte Lesezeit\" \/>\n\t<meta name=\"twitter:data1\" content=\"13\u00a0Minuten\" \/>\n<script type=\"application\/ld+json\" class=\"yoast-schema-graph\">{\"@context\":\"https:\/\/schema.org\",\"@graph\":[{\"@type\":\"WebPage\",\"@id\":\"https:\/\/serhumanos.org\/de\/projekt\/konzept\/\",\"url\":\"https:\/\/serhumanos.org\/de\/projekt\/konzept\/\",\"name\":\"Idee und Konzept - Ser Humanos\",\"isPartOf\":{\"@id\":\"https:\/\/serhumanos.org\/de\/#website\"},\"datePublished\":\"2018-03-04T23:47:25+00:00\",\"dateModified\":\"2023-03-02T17:16:12+00:00\",\"breadcrumb\":{\"@id\":\"https:\/\/serhumanos.org\/de\/projekt\/konzept\/#breadcrumb\"},\"inLanguage\":\"de\",\"potentialAction\":[{\"@type\":\"ReadAction\",\"target\":[\"https:\/\/serhumanos.org\/de\/projekt\/konzept\/\"]}]},{\"@type\":\"BreadcrumbList\",\"@id\":\"https:\/\/serhumanos.org\/de\/projekt\/konzept\/#breadcrumb\",\"itemListElement\":[{\"@type\":\"ListItem\",\"position\":1,\"name\":\"Portada\",\"item\":\"https:\/\/serhumanos.org\/\"},{\"@type\":\"ListItem\",\"position\":2,\"name\":\"PROJEKT\",\"item\":\"https:\/\/serhumanos.org\/de\/projekt\/\"},{\"@type\":\"ListItem\",\"position\":3,\"name\":\"Idee und Konzept\"}]},{\"@type\":\"WebSite\",\"@id\":\"https:\/\/serhumanos.org\/de\/#website\",\"url\":\"https:\/\/serhumanos.org\/de\/\",\"name\":\"Ser Humanos\",\"description\":\"Ayuda a familias carenciadas de C\u00f3rdoba, Argentina\",\"potentialAction\":[{\"@type\":\"SearchAction\",\"target\":{\"@type\":\"EntryPoint\",\"urlTemplate\":\"https:\/\/serhumanos.org\/de\/?s={search_term_string}\"},\"query-input\":\"required name=search_term_string\"}],\"inLanguage\":\"de\"}]}<\/script>\n<!-- \/ Yoast SEO plugin. -->","yoast_head_json":{"title":"Idee und Konzept - Ser Humanos","robots":{"index":"index","follow":"follow","max-snippet":"max-snippet:-1","max-image-preview":"max-image-preview:large","max-video-preview":"max-video-preview:-1"},"canonical":"https:\/\/serhumanos.org\/de\/projekt\/konzept\/","og_locale":"de_DE","og_type":"article","og_title":"Idee und Konzept - Ser Humanos","og_description":"[vc_row css_animation=&#8220;&#8220; row_type=&#8220;row&#8220; use_row_as_full_screen_section=&#8220;no&#8220; type=&#8220;grid&#8220; angled_section=&#8220;no&#8220; text_align=&#8220;center&#8220; background_image_as_pattern=&#8220;without_pattern&#8220; css=&#8220;.vc_custom_1478097559129{padding-top: 103px !important;}&#8220;][vc_column][qode_elements_holder background_color=&#8220;#f6f6f6&#8243; number_of_columns=&#8220;two_columns&#8220; columns_proportion=&#8220;66_33&#8243;][qode_elements_holder_item item_padding=&#8220;0 4%&#8220; vertical_alignment=&#8220;middle&#8220; horizontal_alignment=&#8220;left&#8220; advanced_animations=&#8220;no&#8220;][vc_column_text] Idee und Konzept [\/vc_column_text][vc_empty_space height=&#8220;39px&#8220;][vc_column_text]Unser Projekt \u201eAufnahme von Familien aus den Elendsvierteln Cordobas (Argentinien) und Aufbau einer nachhaltigen Dorfgemeinschaft\u201c ist ein Weg zur Resozialisierung bed\u00fcrftiger Familien....","og_url":"https:\/\/serhumanos.org\/de\/projekt\/konzept\/","og_site_name":"Ser Humanos","article_modified_time":"2023-03-02T17:16:12+00:00","twitter_card":"summary_large_image","twitter_misc":{"Gesch\u00e4tzte Lesezeit":"13\u00a0Minuten"},"schema":{"@context":"https:\/\/schema.org","@graph":[{"@type":"WebPage","@id":"https:\/\/serhumanos.org\/de\/projekt\/konzept\/","url":"https:\/\/serhumanos.org\/de\/projekt\/konzept\/","name":"Idee und Konzept - Ser Humanos","isPartOf":{"@id":"https:\/\/serhumanos.org\/de\/#website"},"datePublished":"2018-03-04T23:47:25+00:00","dateModified":"2023-03-02T17:16:12+00:00","breadcrumb":{"@id":"https:\/\/serhumanos.org\/de\/projekt\/konzept\/#breadcrumb"},"inLanguage":"de","potentialAction":[{"@type":"ReadAction","target":["https:\/\/serhumanos.org\/de\/projekt\/konzept\/"]}]},{"@type":"BreadcrumbList","@id":"https:\/\/serhumanos.org\/de\/projekt\/konzept\/#breadcrumb","itemListElement":[{"@type":"ListItem","position":1,"name":"Portada","item":"https:\/\/serhumanos.org\/"},{"@type":"ListItem","position":2,"name":"PROJEKT","item":"https:\/\/serhumanos.org\/de\/projekt\/"},{"@type":"ListItem","position":3,"name":"Idee und Konzept"}]},{"@type":"WebSite","@id":"https:\/\/serhumanos.org\/de\/#website","url":"https:\/\/serhumanos.org\/de\/","name":"Ser Humanos","description":"Ayuda a familias carenciadas de C\u00f3rdoba, Argentina","potentialAction":[{"@type":"SearchAction","target":{"@type":"EntryPoint","urlTemplate":"https:\/\/serhumanos.org\/de\/?s={search_term_string}"},"query-input":"required name=search_term_string"}],"inLanguage":"de"}]}},"_links":{"self":[{"href":"https:\/\/serhumanos.org\/de\/wp-json\/wp\/v2\/pages\/331"}],"collection":[{"href":"https:\/\/serhumanos.org\/de\/wp-json\/wp\/v2\/pages"}],"about":[{"href":"https:\/\/serhumanos.org\/de\/wp-json\/wp\/v2\/types\/page"}],"author":[{"embeddable":true,"href":"https:\/\/serhumanos.org\/de\/wp-json\/wp\/v2\/users\/1"}],"replies":[{"embeddable":true,"href":"https:\/\/serhumanos.org\/de\/wp-json\/wp\/v2\/comments?post=331"}],"version-history":[{"count":61,"href":"https:\/\/serhumanos.org\/de\/wp-json\/wp\/v2\/pages\/331\/revisions"}],"predecessor-version":[{"id":1108,"href":"https:\/\/serhumanos.org\/de\/wp-json\/wp\/v2\/pages\/331\/revisions\/1108"}],"up":[{"embeddable":true,"href":"https:\/\/serhumanos.org\/de\/wp-json\/wp\/v2\/pages\/143"}],"wp:attachment":[{"href":"https:\/\/serhumanos.org\/de\/wp-json\/wp\/v2\/media?parent=331"}],"curies":[{"name":"wp","href":"https:\/\/api.w.org\/{rel}","templated":true}]}}