{"id":353,"date":"2018-03-05T00:55:12","date_gmt":"2018-03-05T00:55:12","guid":{"rendered":"http:\/\/serhumanos.org\/?page_id=353"},"modified":"2021-04-22T15:35:55","modified_gmt":"2021-04-22T15:35:55","slug":"fundamento","status":"publish","type":"page","link":"https:\/\/serhumanos.org\/de\/projekt\/warum\/","title":{"rendered":"Grundlage &#8211; Warum"},"content":{"rendered":"<p>[vc_row css_animation=&#8220;&#8220; row_type=&#8220;row&#8220; use_row_as_full_screen_section=&#8220;no&#8220; type=&#8220;grid&#8220; angled_section=&#8220;no&#8220; text_align=&#8220;left&#8220; background_image_as_pattern=&#8220;without_pattern&#8220; z_index=&#8220;&#8220;][vc_column][vc_empty_space][\/vc_column][\/vc_row][vc_row css_animation=&#8220;&#8220; row_type=&#8220;row&#8220; use_row_as_full_screen_section=&#8220;no&#8220; type=&#8220;grid&#8220; angled_section=&#8220;no&#8220; text_align=&#8220;left&#8220; background_image_as_pattern=&#8220;without_pattern&#8220; z_index=&#8220;&#8220;][vc_column][qode_elements_holder number_of_columns=&#8220;two_columns&#8220; columns_proportion=&#8220;25_75&#8243;][qode_elements_holder_item background_color=&#8220;#ffffff&#8220; item_padding=&#8220;0.4%&#8220; vertical_alignment=&#8220;top&#8220; horizontal_alignment=&#8220;left&#8220; advanced_animations=&#8220;no&#8220;][vc_empty_space]<div class='service_table_holder' style='border-style:solid;border-width:15pxpx;border-color:#ffffff;'><ul class='service_table_inner'><li class='service_table_title_holder background_color_type' style='background-color: #d8cccb;'><div class='service_table_title_inner'><div class='service_table_title_inner2'><h3 class='service_title' style=''>Argentinien<\/h3><\/div><\/div><\/li><li class='service_table_content' style='background-color: #c5aba5;'><\/p>\n<ul>\n<li><span style=\"color: #ffffff;\">Fl\u00e4che: 2.780.400 km\u00b2<\/span><\/li>\n<li><span style=\"color: #ffffff;\">Einwohner: 44.044.811<\/span><\/li>\n<li><span style=\"color: #ffffff;\">Bev\u00f6lkerungsdichte : 5,84 hab.\/km\u00b2<\/span><\/li>\n<li><span style=\"color: #ffffff;\">BIP: USD\u00a0927.875 Millionen<\/span><\/li>\n<li><span style=\"color: #ffffff;\">BIP pro Einwohner: USD 22.404<\/span><\/li>\n<\/ul>\n<p><\/li><\/ul><\/div>[vc_empty_space][vc_column_text]<\/p>\n<h5>Bev\u00f6lkerungsdichte<\/h5>\n<p>[\/vc_column_text][vc_single_image image=&#8220;423&#8243; img_size=&#8220;large&#8220; qode_css_animation=&#8220;&#8220;]<a  itemprop=\"url\" href=\"http:\/\/serhumanos.org\/proyecto\/concepto\/\" target=\"_self\"  class=\"qbutton  medium default\" style=\"margin: 5px 5px 5px 5px; \">Idee &amp; Konzept<\/a><a  itemprop=\"url\" href=\"http:\/\/serhumanos.org\/proyecto\/plan-de-accion\/\" target=\"_self\"  class=\"qbutton  medium default\" style=\"margin: 5px 5px 5px 5px; \">Aktionsplan<\/a>[\/qode_elements_holder_item][qode_elements_holder_item background_color=&#8220;#ffffff&#8220; item_padding=&#8220;0 4%&#8220; advanced_animations=&#8220;no&#8220;][vc_empty_space][vc_column_text]In Argentinien ist ein reiches und sehr vielf\u00e4ltiges Spektrum von Naturressourcen (\u00d6l,\u00a0Erdgas, Kohle, Edelmetalle, Mineralsalze) zu finden, und aufgrund der geografischen\u00a0Besonderheiten spielen auch Viehzucht und Landwirtschaft eine wichtige Rolle. Dennoch\u00a0lebt, laut offiziellen Angaben, ungef\u00e4hr <strong>ein Drittel der argentinischen Bev\u00f6lkerung unter\u00a0der Armutsgrenze<\/strong>. Nach inoffiziellen Angaben sind die Zahlen deutlich gr\u00f6\u00dfer.<\/p>\n<p>&nbsp;<\/p>\n<p>Schon seit der Kolonialzeit exportiert Argentinien Mineralien und Lebensmittel. Durch den\u00a0erh\u00f6hten Arbeiterbedarf an den H\u00e4fen von Rosario und Buenos Aires zogen bestimmte\u00a0Sektoren der im Inland ans\u00e4ssigen Bev\u00f6lkerung in die St\u00e4dte, um dort eine bessere\u00a0Lebensqualit\u00e4t zu finden. Aufgrund der verschiedenen Ma\u00dfnahmen in der internationalen<br \/>\nExportagrarpolitik haben sich im Laufe der letzen 30 Jahre die Aufgaben im Bereich der\u00a0Lebensmittel und der Arbeiter in wenigen H\u00e4nden des privaten Sektors konzentriert, wodurch\u00a0viele Familien arbeitslos wurden. Au\u00dferdem wurden in den letzten Jahren viele Familien aus\u00a0den l\u00e4ndlichen Gebieten in die Ballungsr\u00e4ume gedr\u00e4ngt, vorwiegend aufgrund der\u00a0Entwicklung des massiven Bergbaus und des zunehmenden Anbaus der Monokultur Soja.<\/p>\n<p>Nach ihrer Ankunft in der Stadt werden viele Familien nicht in den Arbeitsmarkt\u00a0eingegliedert, da sie weder \u00fcber finanzielle Mittel noch \u00fcber die n\u00f6tige Ausbildung verf\u00fcgen,\u00a0wodurch sie an den Rand der Gesellschaft gedr\u00e4ngt werden und sich h\u00e4ufig in prek\u00e4ren Villas\u00a0Miseria (Marginalsiedlungen) niederlassen, wo ihnen die grundlegendsten Leistungen fehlen.\u00a0Die Familien der Villas Miseria <strong>wohnen auf engstem Raum und meistens ohne Anschluss\u00a0ans Strom-, oder Wassernetz, ohne M\u00fcllabfuhr, medizinische Versorgung und\u00a0<\/strong><strong>Bildungseinrichtungen.<\/strong><\/p>\n<p>&nbsp;<\/p>\n<p>Von diesen Umst\u00e4nden ist das Leben der Kinder und Jugendlichen, die die Mehrheit der\u00a0armen Bev\u00f6lkerung darstellen, besonders gepr\u00e4gt. Nach Angaben des argentinischen\u00a0Statistikamtes\u00a0INDEC (Nationales Institut f\u00fcr Statistik und Volksz\u00e4hlung) leben <strong>47 % der\u00a0argentinischen Kinder unter 14 Jahren unterhalb der Armutsgrenze<\/strong>. Nur 60 % aller\u00a0Kinder beenden die Schule und mehr als 422.000 Kinder brechen ihre Schulzeit nach der\u00a0Grundschule ab.\u00a0<strong>Die Kinderarbeitsquote betr\u00e4gt 31 %<\/strong>.[\/vc_column_text][vc_empty_space height=&#8220;16px&#8220;][vc_column_text]<\/p>\n<div id=\"attachment_976\" style=\"width: 290px\" class=\"wp-caption alignright\"><a href=\"https:\/\/www.indec.gob.ar\/uploads\/informesdeprensa\/eph_pobreza_02_2082FA92E916.pdf\" target=\"_blank\" rel=\"noopener noreferrer\"><img aria-describedby=\"caption-attachment-976\" decoding=\"async\" loading=\"lazy\" class=\"wp-image-976\" src=\"http:\/\/serhumanos.org\/wp-content\/uploads\/2021\/04\/Indec_2021-300x300.png\" alt=\"\" width=\"280\" height=\"279\" srcset=\"https:\/\/serhumanos.org\/wp-content\/uploads\/2021\/04\/Indec_2021-300x300.png 300w, https:\/\/serhumanos.org\/wp-content\/uploads\/2021\/04\/Indec_2021-150x150.png 150w, https:\/\/serhumanos.org\/wp-content\/uploads\/2021\/04\/Indec_2021.png 423w\" sizes=\"(max-width: 280px) 100vw, 280px\" \/><\/a><p id=\"caption-attachment-976\" class=\"wp-caption-text\">Armut und Bed\u00fcrftigkeit\/Einwohner. INDEC 2020<\/p><\/div>\n<p>Solche Statistiken zeigen, dass Armut, Bed\u00fcrftigkeit, Unterern\u00e4hrung usw. in Argentinien\u00a0st\u00e4ndig wachsen, wo sich die Villas Miseria bei jeder wirtschaftlichen Krise vervielfachen\u00a0und wo es politisch wichtiger erscheint, ein Auto mit Biodiesel vollzutanken als ein Kind\u00a0richtig zu ern\u00e4hren.<br \/>\nDie soziale Vernachl\u00e4ssigung und fehlende Perspektive f\u00fchrt in vielen F\u00e4llen zum\u00a0Abfallsammeln zur \u00dcberlebenssicherung, zu innerfamili\u00e4rer Gewalt, Sucht, Kriminalit\u00e4t usw.<br \/>\nEine Erniedrigung des Individuums durch den Verlust seiner Werte und seiner W\u00fcrde. In\u00a0diesen Marginalsiedlungen finden sich Familien, die seit \u00fcber sechs Generationen von\u00a0Unterern\u00e4hrung, An\u00e4mie, Missbildungen und Behinderungen betroffen sind.[\/vc_column_text][vc_empty_space][\/qode_elements_holder_item][\/qode_elements_holder][\/vc_column][\/vc_row][vc_row css_animation=&#8220;&#8220; row_type=&#8220;row&#8220; use_row_as_full_screen_section=&#8220;no&#8220; type=&#8220;full_width&#8220; angled_section=&#8220;no&#8220; text_align=&#8220;left&#8220; background_image_as_pattern=&#8220;without_pattern&#8220;][vc_column][vc_empty_space height=&#8220;32&#8243;][\/vc_column][\/vc_row]<\/p>","protected":false},"excerpt":{"rendered":"<p>[vc_row css_animation=&#8220;&#8220; row_type=&#8220;row&#8220; use_row_as_full_screen_section=&#8220;no&#8220; type=&#8220;grid&#8220; angled_section=&#8220;no&#8220; text_align=&#8220;left&#8220; background_image_as_pattern=&#8220;without_pattern&#8220; z_index=&#8220;&#8220;][vc_column][vc_empty_space][\/vc_column][\/vc_row][vc_row css_animation=&#8220;&#8220; row_type=&#8220;row&#8220; use_row_as_full_screen_section=&#8220;no&#8220; type=&#8220;grid&#8220; angled_section=&#8220;no&#8220; text_align=&#8220;left&#8220; background_image_as_pattern=&#8220;without_pattern&#8220; z_index=&#8220;&#8220;][vc_column][qode_elements_holder number_of_columns=&#8220;two_columns&#8220; columns_proportion=&#8220;25_75&#8243;][qode_elements_holder_item background_color=&#8220;#ffffff&#8220; item_padding=&#8220;0.4%&#8220; vertical_alignment=&#8220;top&#8220; horizontal_alignment=&#8220;left&#8220; advanced_animations=&#8220;no&#8220;][vc_empty_space][vc_empty_space][vc_column_text] Bev\u00f6lkerungsdichte [\/vc_column_text][vc_single_image image=&#8220;423&#8243; img_size=&#8220;large&#8220; qode_css_animation=&#8220;&#8220;][\/qode_elements_holder_item][qode_elements_holder_item background_color=&#8220;#ffffff&#8220; item_padding=&#8220;0 4%&#8220; advanced_animations=&#8220;no&#8220;][vc_empty_space][vc_column_text]In Argentinien ist ein reiches und sehr vielf\u00e4ltiges Spektrum von Naturressourcen (\u00d6l,\u00a0Erdgas, Kohle,&#8230;<\/p>\n","protected":false},"author":1,"featured_media":0,"parent":143,"menu_order":0,"comment_status":"closed","ping_status":"closed","template":"full_width.php","meta":[],"yoast_head":"<!-- This site is optimized with the Yoast SEO plugin v20.5 - https:\/\/yoast.com\/wordpress\/plugins\/seo\/ -->\n<title>Grundlage - Warum - Ser Humanos<\/title>\n<meta name=\"robots\" content=\"index, follow, max-snippet:-1, max-image-preview:large, max-video-preview:-1\" \/>\n<link rel=\"canonical\" href=\"https:\/\/serhumanos.org\/de\/projekt\/warum\/\" \/>\n<meta property=\"og:locale\" content=\"de_DE\" \/>\n<meta property=\"og:type\" content=\"article\" \/>\n<meta property=\"og:title\" content=\"Grundlage - Warum - Ser Humanos\" \/>\n<meta property=\"og:description\" content=\"[vc_row css_animation=&#8220;&#8220; row_type=&#8220;row&#8220; use_row_as_full_screen_section=&#8220;no&#8220; type=&#8220;grid&#8220; angled_section=&#8220;no&#8220; text_align=&#8220;left&#8220; background_image_as_pattern=&#8220;without_pattern&#8220; z_index=&#8220;&#8220;][vc_column][vc_empty_space][\/vc_column][\/vc_row][vc_row css_animation=&#8220;&#8220; row_type=&#8220;row&#8220; use_row_as_full_screen_section=&#8220;no&#8220; type=&#8220;grid&#8220; angled_section=&#8220;no&#8220; text_align=&#8220;left&#8220; background_image_as_pattern=&#8220;without_pattern&#8220; z_index=&#8220;&#8220;][vc_column][qode_elements_holder number_of_columns=&#8220;two_columns&#8220; columns_proportion=&#8220;25_75&#8243;][qode_elements_holder_item background_color=&#8220;#ffffff&#8220; item_padding=&#8220;0.4%&#8220; vertical_alignment=&#8220;top&#8220; horizontal_alignment=&#8220;left&#8220; advanced_animations=&#8220;no&#8220;][vc_empty_space][vc_empty_space][vc_column_text] Bev\u00f6lkerungsdichte [\/vc_column_text][vc_single_image image=&#8220;423&#8243; img_size=&#8220;large&#8220; qode_css_animation=&#8220;&#8220;][\/qode_elements_holder_item][qode_elements_holder_item background_color=&#8220;#ffffff&#8220; item_padding=&#8220;0 4%&#8220; advanced_animations=&#8220;no&#8220;][vc_empty_space][vc_column_text]In Argentinien ist ein reiches und sehr vielf\u00e4ltiges Spektrum von Naturressourcen (\u00d6l,\u00a0Erdgas, Kohle,...\" \/>\n<meta property=\"og:url\" content=\"https:\/\/serhumanos.org\/de\/projekt\/warum\/\" \/>\n<meta property=\"og:site_name\" content=\"Ser Humanos\" \/>\n<meta property=\"article:modified_time\" content=\"2021-04-22T15:35:55+00:00\" \/>\n<meta property=\"og:image\" content=\"http:\/\/serhumanos.org\/wp-content\/uploads\/2021\/04\/Indec_2021-300x300.png\" \/>\n<meta name=\"twitter:card\" content=\"summary_large_image\" \/>\n<meta name=\"twitter:label1\" content=\"Gesch\u00e4tzte Lesezeit\" \/>\n\t<meta name=\"twitter:data1\" content=\"12\u00a0Minuten\" \/>\n<script type=\"application\/ld+json\" class=\"yoast-schema-graph\">{\"@context\":\"https:\/\/schema.org\",\"@graph\":[{\"@type\":\"WebPage\",\"@id\":\"https:\/\/serhumanos.org\/de\/projekt\/warum\/\",\"url\":\"https:\/\/serhumanos.org\/de\/projekt\/warum\/\",\"name\":\"Grundlage - Warum - Ser Humanos\",\"isPartOf\":{\"@id\":\"https:\/\/serhumanos.org\/de\/#website\"},\"datePublished\":\"2018-03-05T00:55:12+00:00\",\"dateModified\":\"2021-04-22T15:35:55+00:00\",\"breadcrumb\":{\"@id\":\"https:\/\/serhumanos.org\/de\/projekt\/warum\/#breadcrumb\"},\"inLanguage\":\"de\",\"potentialAction\":[{\"@type\":\"ReadAction\",\"target\":[\"https:\/\/serhumanos.org\/de\/projekt\/warum\/\"]}]},{\"@type\":\"BreadcrumbList\",\"@id\":\"https:\/\/serhumanos.org\/de\/projekt\/warum\/#breadcrumb\",\"itemListElement\":[{\"@type\":\"ListItem\",\"position\":1,\"name\":\"Portada\",\"item\":\"https:\/\/serhumanos.org\/\"},{\"@type\":\"ListItem\",\"position\":2,\"name\":\"PROJEKT\",\"item\":\"https:\/\/serhumanos.org\/de\/projekt\/\"},{\"@type\":\"ListItem\",\"position\":3,\"name\":\"Grundlage &#8211; Warum\"}]},{\"@type\":\"WebSite\",\"@id\":\"https:\/\/serhumanos.org\/de\/#website\",\"url\":\"https:\/\/serhumanos.org\/de\/\",\"name\":\"Ser Humanos\",\"description\":\"Ayuda a familias carenciadas de C\u00f3rdoba, Argentina\",\"potentialAction\":[{\"@type\":\"SearchAction\",\"target\":{\"@type\":\"EntryPoint\",\"urlTemplate\":\"https:\/\/serhumanos.org\/de\/?s={search_term_string}\"},\"query-input\":\"required name=search_term_string\"}],\"inLanguage\":\"de\"}]}<\/script>\n<!-- \/ Yoast SEO plugin. -->","yoast_head_json":{"title":"Grundlage - Warum - Ser Humanos","robots":{"index":"index","follow":"follow","max-snippet":"max-snippet:-1","max-image-preview":"max-image-preview:large","max-video-preview":"max-video-preview:-1"},"canonical":"https:\/\/serhumanos.org\/de\/projekt\/warum\/","og_locale":"de_DE","og_type":"article","og_title":"Grundlage - Warum - Ser Humanos","og_description":"[vc_row css_animation=&#8220;&#8220; row_type=&#8220;row&#8220; use_row_as_full_screen_section=&#8220;no&#8220; type=&#8220;grid&#8220; angled_section=&#8220;no&#8220; text_align=&#8220;left&#8220; background_image_as_pattern=&#8220;without_pattern&#8220; z_index=&#8220;&#8220;][vc_column][vc_empty_space][\/vc_column][\/vc_row][vc_row css_animation=&#8220;&#8220; row_type=&#8220;row&#8220; use_row_as_full_screen_section=&#8220;no&#8220; type=&#8220;grid&#8220; angled_section=&#8220;no&#8220; text_align=&#8220;left&#8220; background_image_as_pattern=&#8220;without_pattern&#8220; z_index=&#8220;&#8220;][vc_column][qode_elements_holder number_of_columns=&#8220;two_columns&#8220; columns_proportion=&#8220;25_75&#8243;][qode_elements_holder_item background_color=&#8220;#ffffff&#8220; item_padding=&#8220;0.4%&#8220; vertical_alignment=&#8220;top&#8220; horizontal_alignment=&#8220;left&#8220; advanced_animations=&#8220;no&#8220;][vc_empty_space][vc_empty_space][vc_column_text] Bev\u00f6lkerungsdichte [\/vc_column_text][vc_single_image image=&#8220;423&#8243; img_size=&#8220;large&#8220; qode_css_animation=&#8220;&#8220;][\/qode_elements_holder_item][qode_elements_holder_item background_color=&#8220;#ffffff&#8220; item_padding=&#8220;0 4%&#8220; advanced_animations=&#8220;no&#8220;][vc_empty_space][vc_column_text]In Argentinien ist ein reiches und sehr vielf\u00e4ltiges Spektrum von Naturressourcen (\u00d6l,\u00a0Erdgas, Kohle,...","og_url":"https:\/\/serhumanos.org\/de\/projekt\/warum\/","og_site_name":"Ser Humanos","article_modified_time":"2021-04-22T15:35:55+00:00","og_image":[{"url":"http:\/\/serhumanos.org\/wp-content\/uploads\/2021\/04\/Indec_2021-300x300.png"}],"twitter_card":"summary_large_image","twitter_misc":{"Gesch\u00e4tzte Lesezeit":"12\u00a0Minuten"},"schema":{"@context":"https:\/\/schema.org","@graph":[{"@type":"WebPage","@id":"https:\/\/serhumanos.org\/de\/projekt\/warum\/","url":"https:\/\/serhumanos.org\/de\/projekt\/warum\/","name":"Grundlage - Warum - Ser Humanos","isPartOf":{"@id":"https:\/\/serhumanos.org\/de\/#website"},"datePublished":"2018-03-05T00:55:12+00:00","dateModified":"2021-04-22T15:35:55+00:00","breadcrumb":{"@id":"https:\/\/serhumanos.org\/de\/projekt\/warum\/#breadcrumb"},"inLanguage":"de","potentialAction":[{"@type":"ReadAction","target":["https:\/\/serhumanos.org\/de\/projekt\/warum\/"]}]},{"@type":"BreadcrumbList","@id":"https:\/\/serhumanos.org\/de\/projekt\/warum\/#breadcrumb","itemListElement":[{"@type":"ListItem","position":1,"name":"Portada","item":"https:\/\/serhumanos.org\/"},{"@type":"ListItem","position":2,"name":"PROJEKT","item":"https:\/\/serhumanos.org\/de\/projekt\/"},{"@type":"ListItem","position":3,"name":"Grundlage &#8211; Warum"}]},{"@type":"WebSite","@id":"https:\/\/serhumanos.org\/de\/#website","url":"https:\/\/serhumanos.org\/de\/","name":"Ser Humanos","description":"Ayuda a familias carenciadas de C\u00f3rdoba, Argentina","potentialAction":[{"@type":"SearchAction","target":{"@type":"EntryPoint","urlTemplate":"https:\/\/serhumanos.org\/de\/?s={search_term_string}"},"query-input":"required name=search_term_string"}],"inLanguage":"de"}]}},"_links":{"self":[{"href":"https:\/\/serhumanos.org\/de\/wp-json\/wp\/v2\/pages\/353"}],"collection":[{"href":"https:\/\/serhumanos.org\/de\/wp-json\/wp\/v2\/pages"}],"about":[{"href":"https:\/\/serhumanos.org\/de\/wp-json\/wp\/v2\/types\/page"}],"author":[{"embeddable":true,"href":"https:\/\/serhumanos.org\/de\/wp-json\/wp\/v2\/users\/1"}],"replies":[{"embeddable":true,"href":"https:\/\/serhumanos.org\/de\/wp-json\/wp\/v2\/comments?post=353"}],"version-history":[{"count":47,"href":"https:\/\/serhumanos.org\/de\/wp-json\/wp\/v2\/pages\/353\/revisions"}],"predecessor-version":[{"id":983,"href":"https:\/\/serhumanos.org\/de\/wp-json\/wp\/v2\/pages\/353\/revisions\/983"}],"up":[{"embeddable":true,"href":"https:\/\/serhumanos.org\/de\/wp-json\/wp\/v2\/pages\/143"}],"wp:attachment":[{"href":"https:\/\/serhumanos.org\/de\/wp-json\/wp\/v2\/media?parent=353"}],"curies":[{"name":"wp","href":"https:\/\/api.w.org\/{rel}","templated":true}]}}