{"id":456,"date":"2018-03-08T07:11:47","date_gmt":"2018-03-08T07:11:47","guid":{"rendered":"http:\/\/serhumanos.org\/?page_id=456"},"modified":"2018-06-04T10:10:10","modified_gmt":"2018-06-04T10:10:10","slug":"principios","status":"publish","type":"page","link":"https:\/\/serhumanos.org\/de\/projekt\/grundsatze\/","title":{"rendered":"GRUNDS\u00c4TZE"},"content":{"rendered":"<p>[vc_row css_animation=&#8220;&#8220; row_type=&#8220;row&#8220; use_row_as_full_screen_section=&#8220;no&#8220; type=&#8220;grid&#8220; angled_section=&#8220;no&#8220; text_align=&#8220;center&#8220; background_image_as_pattern=&#8220;without_pattern&#8220; css=&#8220;.vc_custom_1478097559129{padding-top: 103px !important;}&#8220;][vc_column][qode_elements_holder background_color=&#8220;#f6f6f6&#8243; number_of_columns=&#8220;one_column&#8220;][qode_elements_holder_item item_padding=&#8220;0 4%&#8220; vertical_alignment=&#8220;middle&#8220; horizontal_alignment=&#8220;left&#8220; advanced_animations=&#8220;no&#8220;][vc_column_text]Damit ein harmonisches und gesundes Zusammenleben in unserer bunt gemischten Dorfgemeinschaft funktioniert, m\u00fcssen alle an einem Strang ziehen. Respekt, Vertrauen und Toleranz sind nur drei wichtige Werte, die eine Gruppe von Menschen zu einer Gemeinschaft machen. Wir haben daher einige Grunds\u00e4tze f\u00fcr unser Zusammenleben formuliert, die in- und au\u00dferhalb unserer Dorfgemeinschaft bewusst gelebt werden sollen.[\/vc_column_text][vc_empty_space height=&#8220;42px&#8220;][\/qode_elements_holder_item][\/qode_elements_holder][\/vc_column][\/vc_row][vc_row css_animation=&#8220;&#8220; row_type=&#8220;row&#8220; use_row_as_full_screen_section=&#8220;no&#8220; type=&#8220;grid&#8220; angled_section=&#8220;no&#8220; text_align=&#8220;center&#8220; background_image_as_pattern=&#8220;without_pattern&#8220; z_index=&#8220;&#8220;][vc_column width=&#8220;1\/3&#8243;][vc_empty_space][vc_single_image image=&#8220;499&#8243; img_size=&#8220;large&#8220; qode_css_animation=&#8220;&#8220;][\/vc_column][vc_column width=&#8220;2\/3&#8243;][vc_empty_space height=&#8220;16px&#8220;][qode_elements_holder background_color=&#8220;#f6f6f6&#8243; number_of_columns=&#8220;one_column&#8220;][qode_elements_holder_item vertical_alignment=&#8220;middle&#8220; horizontal_alignment=&#8220;left&#8220; advanced_animations=&#8220;no&#8220;][vc_column_text]1.\u00a0 Liebe deinen N\u00e4chsten, wie dich selbst.[\/vc_column_text][vc_empty_space height=&#8220;16px&#8220;][vc_column_text]2.\u00a0 Respekt: Gegenseitiger Respekt f\u00f6rdert die Harmonie und die Toleranz in der Gemeinschaft. Jeder Bewohner der Dorfgemeinschaft soll sich frei ausleben k\u00f6nnen, ohne Diskriminierung oder Verrat aller Art (wie z. B. Diebstahl, L\u00fcgen, etc.). Wir setzen uns f\u00fcr ein ehrliches und faires Verhalten in einem solidarischen Umfeld ein.[\/vc_column_text][vc_empty_space height=&#8220;16px&#8220;][vc_column_text]3.\u00a0 Stetiges Streben nach einer guten und gesunden Entwicklung der einzelnen Personen, der Familie, aber auch der ganzen Gemeinschaft.[\/vc_column_text][vc_empty_space height=&#8220;16px&#8220;][vc_column_text]4.\u00a0 Respekt vor der Natur, indem nur das notwendigste verbraucht wird, ohne Zerst\u00f6rung des nat\u00fcrlichen Gleichgewichts.[\/vc_column_text][vc_empty_space height=&#8220;16px&#8220;][vc_column_text]5.\u00a0 Entwicklung pers\u00f6nlicher F\u00e4higkeiten: Wir m\u00f6chten Gemeinschaftsaktivit\u00e4ten organisieren und Projekte unterst\u00fctzen, die das soziale Zusammenleben in der Dorfgemeinschaft f\u00f6rdern.[\/vc_column_text][vc_empty_space height=&#8220;16px&#8220;][\/qode_elements_holder_item][\/qode_elements_holder][\/vc_column][\/vc_row][vc_row css_animation=&#8220;&#8220; row_type=&#8220;row&#8220; use_row_as_full_screen_section=&#8220;no&#8220; type=&#8220;full_width&#8220; angled_section=&#8220;no&#8220; text_align=&#8220;left&#8220; background_image_as_pattern=&#8220;without_pattern&#8220;][vc_column][vc_empty_space][\/vc_column][\/vc_row]<\/p>","protected":false},"excerpt":{"rendered":"<p>[vc_row css_animation=&#8220;&#8220; row_type=&#8220;row&#8220; use_row_as_full_screen_section=&#8220;no&#8220; type=&#8220;grid&#8220; angled_section=&#8220;no&#8220; text_align=&#8220;center&#8220; background_image_as_pattern=&#8220;without_pattern&#8220; css=&#8220;.vc_custom_1478097559129{padding-top: 103px !important;}&#8220;][vc_column][qode_elements_holder background_color=&#8220;#f6f6f6&#8243; number_of_columns=&#8220;one_column&#8220;][qode_elements_holder_item item_padding=&#8220;0 4%&#8220; vertical_alignment=&#8220;middle&#8220; horizontal_alignment=&#8220;left&#8220; advanced_animations=&#8220;no&#8220;][vc_column_text]Damit ein harmonisches und gesundes Zusammenleben in unserer bunt gemischten Dorfgemeinschaft funktioniert, m\u00fcssen alle an einem Strang ziehen. Respekt, Vertrauen und Toleranz sind nur drei wichtige Werte, die&#8230;<\/p>\n","protected":false},"author":1,"featured_media":0,"parent":143,"menu_order":0,"comment_status":"closed","ping_status":"closed","template":"full_width.php","meta":[],"yoast_head":"<!-- This site is optimized with the Yoast SEO plugin v20.5 - https:\/\/yoast.com\/wordpress\/plugins\/seo\/ -->\n<title>GRUNDS\u00c4TZE - Ser Humanos<\/title>\n<meta name=\"robots\" content=\"index, follow, max-snippet:-1, max-image-preview:large, max-video-preview:-1\" \/>\n<link rel=\"canonical\" href=\"https:\/\/serhumanos.org\/de\/projekt\/grundsatze\/\" \/>\n<meta property=\"og:locale\" content=\"de_DE\" \/>\n<meta property=\"og:type\" content=\"article\" \/>\n<meta property=\"og:title\" content=\"GRUNDS\u00c4TZE - Ser Humanos\" \/>\n<meta property=\"og:description\" content=\"[vc_row css_animation=&#8220;&#8220; row_type=&#8220;row&#8220; use_row_as_full_screen_section=&#8220;no&#8220; type=&#8220;grid&#8220; angled_section=&#8220;no&#8220; text_align=&#8220;center&#8220; background_image_as_pattern=&#8220;without_pattern&#8220; css=&#8220;.vc_custom_1478097559129{padding-top: 103px !important;}&#8220;][vc_column][qode_elements_holder background_color=&#8220;#f6f6f6&#8243; number_of_columns=&#8220;one_column&#8220;][qode_elements_holder_item item_padding=&#8220;0 4%&#8220; vertical_alignment=&#8220;middle&#8220; horizontal_alignment=&#8220;left&#8220; advanced_animations=&#8220;no&#8220;][vc_column_text]Damit ein harmonisches und gesundes Zusammenleben in unserer bunt gemischten Dorfgemeinschaft funktioniert, m\u00fcssen alle an einem Strang ziehen. Respekt, Vertrauen und Toleranz sind nur drei wichtige Werte, die...\" \/>\n<meta property=\"og:url\" content=\"https:\/\/serhumanos.org\/de\/projekt\/grundsatze\/\" \/>\n<meta property=\"og:site_name\" content=\"Ser Humanos\" \/>\n<meta property=\"article:modified_time\" content=\"2018-06-04T10:10:10+00:00\" \/>\n<meta name=\"twitter:card\" content=\"summary_large_image\" \/>\n<meta name=\"twitter:label1\" content=\"Gesch\u00e4tzte Lesezeit\" \/>\n\t<meta name=\"twitter:data1\" content=\"8\u00a0Minuten\" \/>\n<script type=\"application\/ld+json\" class=\"yoast-schema-graph\">{\"@context\":\"https:\/\/schema.org\",\"@graph\":[{\"@type\":\"WebPage\",\"@id\":\"https:\/\/serhumanos.org\/de\/projekt\/grundsatze\/\",\"url\":\"https:\/\/serhumanos.org\/de\/projekt\/grundsatze\/\",\"name\":\"GRUNDS\u00c4TZE - Ser Humanos\",\"isPartOf\":{\"@id\":\"https:\/\/serhumanos.org\/de\/#website\"},\"datePublished\":\"2018-03-08T07:11:47+00:00\",\"dateModified\":\"2018-06-04T10:10:10+00:00\",\"breadcrumb\":{\"@id\":\"https:\/\/serhumanos.org\/de\/projekt\/grundsatze\/#breadcrumb\"},\"inLanguage\":\"de\",\"potentialAction\":[{\"@type\":\"ReadAction\",\"target\":[\"https:\/\/serhumanos.org\/de\/projekt\/grundsatze\/\"]}]},{\"@type\":\"BreadcrumbList\",\"@id\":\"https:\/\/serhumanos.org\/de\/projekt\/grundsatze\/#breadcrumb\",\"itemListElement\":[{\"@type\":\"ListItem\",\"position\":1,\"name\":\"Portada\",\"item\":\"https:\/\/serhumanos.org\/\"},{\"@type\":\"ListItem\",\"position\":2,\"name\":\"PROJEKT\",\"item\":\"https:\/\/serhumanos.org\/de\/projekt\/\"},{\"@type\":\"ListItem\",\"position\":3,\"name\":\"GRUNDS\u00c4TZE\"}]},{\"@type\":\"WebSite\",\"@id\":\"https:\/\/serhumanos.org\/de\/#website\",\"url\":\"https:\/\/serhumanos.org\/de\/\",\"name\":\"Ser Humanos\",\"description\":\"Ayuda a familias carenciadas de C\u00f3rdoba, Argentina\",\"potentialAction\":[{\"@type\":\"SearchAction\",\"target\":{\"@type\":\"EntryPoint\",\"urlTemplate\":\"https:\/\/serhumanos.org\/de\/?s={search_term_string}\"},\"query-input\":\"required name=search_term_string\"}],\"inLanguage\":\"de\"}]}<\/script>\n<!-- \/ Yoast SEO plugin. -->","yoast_head_json":{"title":"GRUNDS\u00c4TZE - Ser Humanos","robots":{"index":"index","follow":"follow","max-snippet":"max-snippet:-1","max-image-preview":"max-image-preview:large","max-video-preview":"max-video-preview:-1"},"canonical":"https:\/\/serhumanos.org\/de\/projekt\/grundsatze\/","og_locale":"de_DE","og_type":"article","og_title":"GRUNDS\u00c4TZE - Ser Humanos","og_description":"[vc_row css_animation=&#8220;&#8220; row_type=&#8220;row&#8220; use_row_as_full_screen_section=&#8220;no&#8220; type=&#8220;grid&#8220; angled_section=&#8220;no&#8220; text_align=&#8220;center&#8220; background_image_as_pattern=&#8220;without_pattern&#8220; css=&#8220;.vc_custom_1478097559129{padding-top: 103px !important;}&#8220;][vc_column][qode_elements_holder background_color=&#8220;#f6f6f6&#8243; number_of_columns=&#8220;one_column&#8220;][qode_elements_holder_item item_padding=&#8220;0 4%&#8220; vertical_alignment=&#8220;middle&#8220; horizontal_alignment=&#8220;left&#8220; advanced_animations=&#8220;no&#8220;][vc_column_text]Damit ein harmonisches und gesundes Zusammenleben in unserer bunt gemischten Dorfgemeinschaft funktioniert, m\u00fcssen alle an einem Strang ziehen. Respekt, Vertrauen und Toleranz sind nur drei wichtige Werte, die...","og_url":"https:\/\/serhumanos.org\/de\/projekt\/grundsatze\/","og_site_name":"Ser Humanos","article_modified_time":"2018-06-04T10:10:10+00:00","twitter_card":"summary_large_image","twitter_misc":{"Gesch\u00e4tzte Lesezeit":"8\u00a0Minuten"},"schema":{"@context":"https:\/\/schema.org","@graph":[{"@type":"WebPage","@id":"https:\/\/serhumanos.org\/de\/projekt\/grundsatze\/","url":"https:\/\/serhumanos.org\/de\/projekt\/grundsatze\/","name":"GRUNDS\u00c4TZE - Ser Humanos","isPartOf":{"@id":"https:\/\/serhumanos.org\/de\/#website"},"datePublished":"2018-03-08T07:11:47+00:00","dateModified":"2018-06-04T10:10:10+00:00","breadcrumb":{"@id":"https:\/\/serhumanos.org\/de\/projekt\/grundsatze\/#breadcrumb"},"inLanguage":"de","potentialAction":[{"@type":"ReadAction","target":["https:\/\/serhumanos.org\/de\/projekt\/grundsatze\/"]}]},{"@type":"BreadcrumbList","@id":"https:\/\/serhumanos.org\/de\/projekt\/grundsatze\/#breadcrumb","itemListElement":[{"@type":"ListItem","position":1,"name":"Portada","item":"https:\/\/serhumanos.org\/"},{"@type":"ListItem","position":2,"name":"PROJEKT","item":"https:\/\/serhumanos.org\/de\/projekt\/"},{"@type":"ListItem","position":3,"name":"GRUNDS\u00c4TZE"}]},{"@type":"WebSite","@id":"https:\/\/serhumanos.org\/de\/#website","url":"https:\/\/serhumanos.org\/de\/","name":"Ser Humanos","description":"Ayuda a familias carenciadas de C\u00f3rdoba, Argentina","potentialAction":[{"@type":"SearchAction","target":{"@type":"EntryPoint","urlTemplate":"https:\/\/serhumanos.org\/de\/?s={search_term_string}"},"query-input":"required name=search_term_string"}],"inLanguage":"de"}]}},"_links":{"self":[{"href":"https:\/\/serhumanos.org\/de\/wp-json\/wp\/v2\/pages\/456"}],"collection":[{"href":"https:\/\/serhumanos.org\/de\/wp-json\/wp\/v2\/pages"}],"about":[{"href":"https:\/\/serhumanos.org\/de\/wp-json\/wp\/v2\/types\/page"}],"author":[{"embeddable":true,"href":"https:\/\/serhumanos.org\/de\/wp-json\/wp\/v2\/users\/1"}],"replies":[{"embeddable":true,"href":"https:\/\/serhumanos.org\/de\/wp-json\/wp\/v2\/comments?post=456"}],"version-history":[{"count":10,"href":"https:\/\/serhumanos.org\/de\/wp-json\/wp\/v2\/pages\/456\/revisions"}],"predecessor-version":[{"id":686,"href":"https:\/\/serhumanos.org\/de\/wp-json\/wp\/v2\/pages\/456\/revisions\/686"}],"up":[{"embeddable":true,"href":"https:\/\/serhumanos.org\/de\/wp-json\/wp\/v2\/pages\/143"}],"wp:attachment":[{"href":"https:\/\/serhumanos.org\/de\/wp-json\/wp\/v2\/media?parent=456"}],"curies":[{"name":"wp","href":"https:\/\/api.w.org\/{rel}","templated":true}]}}