{"id":466,"date":"2018-03-13T13:07:25","date_gmt":"2018-03-13T13:07:25","guid":{"rendered":"http:\/\/serhumanos.org\/?page_id=466"},"modified":"2018-11-13T12:23:03","modified_gmt":"2018-11-13T12:23:03","slug":"plan-de-accion","status":"publish","type":"page","link":"https:\/\/serhumanos.org\/de\/projekt\/aktionsplan\/","title":{"rendered":"AKTIONSPLAN"},"content":{"rendered":"<p>[vc_row css_animation=&#8220;&#8220; row_type=&#8220;row&#8220; use_row_as_full_screen_section=&#8220;no&#8220; type=&#8220;grid&#8220; angled_section=&#8220;no&#8220; text_align=&#8220;center&#8220; background_image_as_pattern=&#8220;without_pattern&#8220; css=&#8220;.vc_custom_1478097559129{padding-top: 103px !important;}&#8220;][vc_column][vc_column_text]<\/p>\n<h3 style=\"text-align: left;\">Aktionsplan<\/h3>\n<p>[\/vc_column_text][qode_elements_holder background_color=&#8220;#f6f6f6&#8243; number_of_columns=&#8220;one_column&#8220;][qode_elements_holder_item item_padding=&#8220;0 4%&#8220; vertical_alignment=&#8220;middle&#8220; horizontal_alignment=&#8220;left&#8220; advanced_animations=&#8220;no&#8220;][vc_empty_space height=&#8220;16px&#8220;][vc_column_text]Zur form- und fristgerechten Erzielung der richtigen Ergebnisse wurde das Projekt in drei\u00a0Phasen eingeteilt:[\/vc_column_text][vc_empty_space][\/qode_elements_holder_item][\/qode_elements_holder][\/vc_column][\/vc_row][vc_row css_animation=&#8220;&#8220; row_type=&#8220;row&#8220; use_row_as_full_screen_section=&#8220;no&#8220; type=&#8220;grid&#8220; angled_section=&#8220;no&#8220; text_align=&#8220;left&#8220; background_image_as_pattern=&#8220;without_pattern&#8220; z_index=&#8220;&#8220;][vc_column][qode_elements_holder number_of_columns=&#8220;two_columns&#8220; columns_proportion=&#8220;33_66&#8243;][qode_elements_holder_item background_color=&#8220;#ffffff&#8220; item_padding=&#8220;0.4%&#8220; advanced_animations=&#8220;no&#8220;][vc_empty_space height=&#8220;16px&#8220;]<div class='q_icon_with_title tiny circle '><div class=\"icon_holder \" style=\" \"><span data-icon-type=\"circle\"   class=\"qode_iwt_icon_holder fa-stack fa-lg  \" style=\"\"><i class=\"qode_icon_font_awesome fa fa-home qode_iwt_icon_element\" style=\"color: #70949d;\" ><\/i><\/span><\/div><div class=\"icon_text_holder\" style=\"\"><div class=\"icon_text_inner\" style=\"\"><h5 class=\"icon_title\" style=\"color: #70949d;\">Etappe 1<\/h5><p style=''>\u2022 Allgemeine Planung<br \/>\n\u2022 Wirtschaftliche Ressourcen<\/p><\/div><\/div><\/div><div class='q_icon_with_title tiny circle '><div class=\"icon_holder \" style=\" \"><span data-icon-type=\"circle\"   class=\"qode_iwt_icon_holder fa-stack fa-lg  \" style=\"\"><i class=\"qode_icon_font_awesome fa fa-child qode_iwt_icon_element\" style=\"color: #70949d;\" ><\/i><\/span><\/div><div class=\"icon_text_holder\" style=\"\"><div class=\"icon_text_inner\" style=\"\"><h5 class=\"icon_title\" style=\"color: #70949d;\">Etappe 2<\/h5><p style=''>\u2022 Auswahl der beg\u00fcnstigten Familien<br \/>\n\u2022 Platzzuteilung<br \/>\n\u2022 Wohnungsbau und Herrichtung des Gel\u00e4ndes<br \/>\n\u2022 Beginn der produktiven T\u00e4tigkeiten und der Selbstversorgung<br \/>\n\u2022 Aus- und Weiterbildung<br \/>\n\u2022 begleitende Workshops zur Unterst\u00fctzung und Beratung<\/p><\/div><\/div><\/div><div class='q_icon_with_title tiny circle '><div class=\"icon_holder \" style=\" \"><span data-icon-type=\"circle\"   class=\"qode_iwt_icon_holder fa-stack fa-lg  \" style=\"\"><i class=\"qode_icon_font_awesome fa fa-heart qode_iwt_icon_element\" style=\"color: #70949d;\" ><\/i><\/span><\/div><div class=\"icon_text_holder\" style=\"\"><div class=\"icon_text_inner\" style=\"\"><h5 class=\"icon_title\" style=\"color: #70949d;\">Etappe 3<\/h5><p style=''>\u2022 F\u00f6rdern der individuellen Potenziale<br \/>\n\u2022 Kultureller Austausch<br \/>\n\u2022 Rollen\u00e4nderung von Ser Humanos<\/p><\/div><\/div><\/div>[vc_empty_space height=&#8220;16px&#8220;][\/qode_elements_holder_item][qode_elements_holder_item item_padding=&#8220;0.8%&#8220; vertical_alignment=&#8220;top&#8220; horizontal_alignment=&#8220;left&#8220; advanced_animations=&#8220;no&#8220; item_padding_1280_1440=&#8220;0px 0px 0px 30px&#8220; item_padding_1024_1280=&#8220;0px 0px 0px 20px&#8220;][vc_column_text]Der Ausgangspunkt f\u00fcr die Arbeit mit den Familien war es, ein Grundst\u00fcck in der Provinz\u00a0C\u00f3rdoba zu finden, wo das Projekt durchgef\u00fchrt werden kann. Nachdem wir das Grundst\u00fcck\u00a0hatten, wurde mit einem technischen Team das detaillierte Konzept entwickelt, das auf\u00a0dieses Gebiet angepasst wurde. Damit soll die M\u00f6glichkeit der <strong>vollkommenen\u00a0Selbstversorgung<\/strong> des Projektes <strong>garantiert<\/strong> werden. Ziel ist die Entstehung einer Gemeinde\u00a0mit gemeinsamen Projekten wie Gem\u00fcseg\u00e4rten, Tierzucht, Tischlereien, Workshops und Freizeitm\u00f6glichkeiten.<\/p>\n<p>&nbsp;<\/p>\n<p>Nach der Ausarbeitung des detaillierten Konzepts beginnt die <strong>Auswahl der Familien<\/strong>. Das\u00a0Bildungsniveau jeder einzelnen Person wird ermittelt, die Familienmitglieder erhalten\u00a0psychologische Betreuung und es wird ein Programm mit kreativen, p\u00e4dagogischen und\u00a0beratenden T\u00e4tigkeiten angeboten.<br \/>\nEs wird gemeinschaftlich und freiwillig an der Resozialisierung der beg\u00fcnstigten Familien\u00a0gearbeitet, immer im Hinblick darauf, das Projekt zu erweitern. <strong>Auf diese Art und Weise\u00a0wird sich das Projekt nicht nur auf einige wenige auswirken, sondern so kann das Elend\u00a0in C\u00f3rdoba und Argentinien ausgehend von der Ursache langfristig bek\u00e4mpft werden.<\/strong><\/p>\n<p>&nbsp;<\/p>\n<p>Die gemeinsame Beteiligung der Familien an der Umsetzung, Umgestaltung und Anpassung\u00a0des Projekts ist in jeder Phase seiner Umsetzung entscheidend, damit die Familien den Wert\u00a0des Projekts anerkennen. Die Bereitschaft die Villas Miseria zu verlassen und so auch den\u00a0Teufelskreis der Passivit\u00e4t in der Armut, der famili\u00e4ren Gewalt, Kriminalit\u00e4t und Mangel an\u00a0Bildung zu durchbrechen, muss klar erkennbar sein.[\/vc_column_text][vc_empty_space height=&#8220;16px&#8220;][\/qode_elements_holder_item][\/qode_elements_holder][\/vc_column][\/vc_row][vc_row css_animation=&#8220;&#8220; row_type=&#8220;row&#8220; use_row_as_full_screen_section=&#8220;no&#8220; type=&#8220;full_width&#8220; angled_section=&#8220;no&#8220; text_align=&#8220;left&#8220; background_image_as_pattern=&#8220;without_pattern&#8220;][vc_column][vc_empty_space][\/vc_column][\/vc_row]<\/p>","protected":false},"excerpt":{"rendered":"<p>[vc_row css_animation=&#8220;&#8220; row_type=&#8220;row&#8220; use_row_as_full_screen_section=&#8220;no&#8220; type=&#8220;grid&#8220; angled_section=&#8220;no&#8220; text_align=&#8220;center&#8220; background_image_as_pattern=&#8220;without_pattern&#8220; css=&#8220;.vc_custom_1478097559129{padding-top: 103px !important;}&#8220;][vc_column][vc_column_text] Aktionsplan [\/vc_column_text][qode_elements_holder background_color=&#8220;#f6f6f6&#8243; number_of_columns=&#8220;one_column&#8220;][qode_elements_holder_item item_padding=&#8220;0 4%&#8220; vertical_alignment=&#8220;middle&#8220; horizontal_alignment=&#8220;left&#8220; advanced_animations=&#8220;no&#8220;][vc_empty_space height=&#8220;16px&#8220;][vc_column_text]Zur form- und fristgerechten Erzielung der richtigen Ergebnisse wurde das Projekt in drei\u00a0Phasen eingeteilt:[\/vc_column_text][vc_empty_space][\/qode_elements_holder_item][\/qode_elements_holder][\/vc_column][\/vc_row][vc_row css_animation=&#8220;&#8220; row_type=&#8220;row&#8220; use_row_as_full_screen_section=&#8220;no&#8220; type=&#8220;grid&#8220; angled_section=&#8220;no&#8220; text_align=&#8220;left&#8220; background_image_as_pattern=&#8220;without_pattern&#8220; z_index=&#8220;&#8220;][vc_column][qode_elements_holder number_of_columns=&#8220;two_columns&#8220; columns_proportion=&#8220;33_66&#8243;][qode_elements_holder_item background_color=&#8220;#ffffff&#8220;&#8230;<\/p>\n","protected":false},"author":1,"featured_media":0,"parent":143,"menu_order":0,"comment_status":"closed","ping_status":"closed","template":"full_width.php","meta":[],"yoast_head":"<!-- This site is optimized with the Yoast SEO plugin v20.5 - https:\/\/yoast.com\/wordpress\/plugins\/seo\/ -->\n<title>AKTIONSPLAN - Ser Humanos<\/title>\n<meta name=\"robots\" content=\"index, follow, max-snippet:-1, max-image-preview:large, max-video-preview:-1\" \/>\n<link rel=\"canonical\" href=\"https:\/\/serhumanos.org\/de\/projekt\/aktionsplan\/\" \/>\n<meta property=\"og:locale\" content=\"de_DE\" \/>\n<meta property=\"og:type\" content=\"article\" \/>\n<meta property=\"og:title\" content=\"AKTIONSPLAN - Ser Humanos\" \/>\n<meta property=\"og:description\" content=\"[vc_row css_animation=&#8220;&#8220; row_type=&#8220;row&#8220; use_row_as_full_screen_section=&#8220;no&#8220; type=&#8220;grid&#8220; angled_section=&#8220;no&#8220; text_align=&#8220;center&#8220; background_image_as_pattern=&#8220;without_pattern&#8220; css=&#8220;.vc_custom_1478097559129{padding-top: 103px !important;}&#8220;][vc_column][vc_column_text] Aktionsplan [\/vc_column_text][qode_elements_holder background_color=&#8220;#f6f6f6&#8243; number_of_columns=&#8220;one_column&#8220;][qode_elements_holder_item item_padding=&#8220;0 4%&#8220; vertical_alignment=&#8220;middle&#8220; horizontal_alignment=&#8220;left&#8220; advanced_animations=&#8220;no&#8220;][vc_empty_space height=&#8220;16px&#8220;][vc_column_text]Zur form- und fristgerechten Erzielung der richtigen Ergebnisse wurde das Projekt in drei\u00a0Phasen eingeteilt:[\/vc_column_text][vc_empty_space][\/qode_elements_holder_item][\/qode_elements_holder][\/vc_column][\/vc_row][vc_row css_animation=&#8220;&#8220; row_type=&#8220;row&#8220; use_row_as_full_screen_section=&#8220;no&#8220; type=&#8220;grid&#8220; angled_section=&#8220;no&#8220; text_align=&#8220;left&#8220; background_image_as_pattern=&#8220;without_pattern&#8220; z_index=&#8220;&#8220;][vc_column][qode_elements_holder number_of_columns=&#8220;two_columns&#8220; columns_proportion=&#8220;33_66&#8243;][qode_elements_holder_item background_color=&#8220;#ffffff&#8220;...\" \/>\n<meta property=\"og:url\" content=\"https:\/\/serhumanos.org\/de\/projekt\/aktionsplan\/\" \/>\n<meta property=\"og:site_name\" content=\"Ser Humanos\" \/>\n<meta property=\"article:modified_time\" content=\"2018-11-13T12:23:03+00:00\" \/>\n<meta name=\"twitter:card\" content=\"summary_large_image\" \/>\n<meta name=\"twitter:label1\" content=\"Gesch\u00e4tzte Lesezeit\" \/>\n\t<meta name=\"twitter:data1\" content=\"10\u00a0Minuten\" \/>\n<script type=\"application\/ld+json\" class=\"yoast-schema-graph\">{\"@context\":\"https:\/\/schema.org\",\"@graph\":[{\"@type\":\"WebPage\",\"@id\":\"https:\/\/serhumanos.org\/de\/projekt\/aktionsplan\/\",\"url\":\"https:\/\/serhumanos.org\/de\/projekt\/aktionsplan\/\",\"name\":\"AKTIONSPLAN - Ser Humanos\",\"isPartOf\":{\"@id\":\"https:\/\/serhumanos.org\/de\/#website\"},\"datePublished\":\"2018-03-13T13:07:25+00:00\",\"dateModified\":\"2018-11-13T12:23:03+00:00\",\"breadcrumb\":{\"@id\":\"https:\/\/serhumanos.org\/de\/projekt\/aktionsplan\/#breadcrumb\"},\"inLanguage\":\"de\",\"potentialAction\":[{\"@type\":\"ReadAction\",\"target\":[\"https:\/\/serhumanos.org\/de\/projekt\/aktionsplan\/\"]}]},{\"@type\":\"BreadcrumbList\",\"@id\":\"https:\/\/serhumanos.org\/de\/projekt\/aktionsplan\/#breadcrumb\",\"itemListElement\":[{\"@type\":\"ListItem\",\"position\":1,\"name\":\"Portada\",\"item\":\"https:\/\/serhumanos.org\/\"},{\"@type\":\"ListItem\",\"position\":2,\"name\":\"PROJEKT\",\"item\":\"https:\/\/serhumanos.org\/de\/projekt\/\"},{\"@type\":\"ListItem\",\"position\":3,\"name\":\"AKTIONSPLAN\"}]},{\"@type\":\"WebSite\",\"@id\":\"https:\/\/serhumanos.org\/de\/#website\",\"url\":\"https:\/\/serhumanos.org\/de\/\",\"name\":\"Ser Humanos\",\"description\":\"Ayuda a familias carenciadas de C\u00f3rdoba, Argentina\",\"potentialAction\":[{\"@type\":\"SearchAction\",\"target\":{\"@type\":\"EntryPoint\",\"urlTemplate\":\"https:\/\/serhumanos.org\/de\/?s={search_term_string}\"},\"query-input\":\"required name=search_term_string\"}],\"inLanguage\":\"de\"}]}<\/script>\n<!-- \/ Yoast SEO plugin. -->","yoast_head_json":{"title":"AKTIONSPLAN - Ser Humanos","robots":{"index":"index","follow":"follow","max-snippet":"max-snippet:-1","max-image-preview":"max-image-preview:large","max-video-preview":"max-video-preview:-1"},"canonical":"https:\/\/serhumanos.org\/de\/projekt\/aktionsplan\/","og_locale":"de_DE","og_type":"article","og_title":"AKTIONSPLAN - Ser Humanos","og_description":"[vc_row css_animation=&#8220;&#8220; row_type=&#8220;row&#8220; use_row_as_full_screen_section=&#8220;no&#8220; type=&#8220;grid&#8220; angled_section=&#8220;no&#8220; text_align=&#8220;center&#8220; background_image_as_pattern=&#8220;without_pattern&#8220; css=&#8220;.vc_custom_1478097559129{padding-top: 103px !important;}&#8220;][vc_column][vc_column_text] Aktionsplan [\/vc_column_text][qode_elements_holder background_color=&#8220;#f6f6f6&#8243; number_of_columns=&#8220;one_column&#8220;][qode_elements_holder_item item_padding=&#8220;0 4%&#8220; vertical_alignment=&#8220;middle&#8220; horizontal_alignment=&#8220;left&#8220; advanced_animations=&#8220;no&#8220;][vc_empty_space height=&#8220;16px&#8220;][vc_column_text]Zur form- und fristgerechten Erzielung der richtigen Ergebnisse wurde das Projekt in drei\u00a0Phasen eingeteilt:[\/vc_column_text][vc_empty_space][\/qode_elements_holder_item][\/qode_elements_holder][\/vc_column][\/vc_row][vc_row css_animation=&#8220;&#8220; row_type=&#8220;row&#8220; use_row_as_full_screen_section=&#8220;no&#8220; type=&#8220;grid&#8220; angled_section=&#8220;no&#8220; text_align=&#8220;left&#8220; background_image_as_pattern=&#8220;without_pattern&#8220; z_index=&#8220;&#8220;][vc_column][qode_elements_holder number_of_columns=&#8220;two_columns&#8220; columns_proportion=&#8220;33_66&#8243;][qode_elements_holder_item background_color=&#8220;#ffffff&#8220;...","og_url":"https:\/\/serhumanos.org\/de\/projekt\/aktionsplan\/","og_site_name":"Ser Humanos","article_modified_time":"2018-11-13T12:23:03+00:00","twitter_card":"summary_large_image","twitter_misc":{"Gesch\u00e4tzte Lesezeit":"10\u00a0Minuten"},"schema":{"@context":"https:\/\/schema.org","@graph":[{"@type":"WebPage","@id":"https:\/\/serhumanos.org\/de\/projekt\/aktionsplan\/","url":"https:\/\/serhumanos.org\/de\/projekt\/aktionsplan\/","name":"AKTIONSPLAN - Ser Humanos","isPartOf":{"@id":"https:\/\/serhumanos.org\/de\/#website"},"datePublished":"2018-03-13T13:07:25+00:00","dateModified":"2018-11-13T12:23:03+00:00","breadcrumb":{"@id":"https:\/\/serhumanos.org\/de\/projekt\/aktionsplan\/#breadcrumb"},"inLanguage":"de","potentialAction":[{"@type":"ReadAction","target":["https:\/\/serhumanos.org\/de\/projekt\/aktionsplan\/"]}]},{"@type":"BreadcrumbList","@id":"https:\/\/serhumanos.org\/de\/projekt\/aktionsplan\/#breadcrumb","itemListElement":[{"@type":"ListItem","position":1,"name":"Portada","item":"https:\/\/serhumanos.org\/"},{"@type":"ListItem","position":2,"name":"PROJEKT","item":"https:\/\/serhumanos.org\/de\/projekt\/"},{"@type":"ListItem","position":3,"name":"AKTIONSPLAN"}]},{"@type":"WebSite","@id":"https:\/\/serhumanos.org\/de\/#website","url":"https:\/\/serhumanos.org\/de\/","name":"Ser Humanos","description":"Ayuda a familias carenciadas de C\u00f3rdoba, Argentina","potentialAction":[{"@type":"SearchAction","target":{"@type":"EntryPoint","urlTemplate":"https:\/\/serhumanos.org\/de\/?s={search_term_string}"},"query-input":"required name=search_term_string"}],"inLanguage":"de"}]}},"_links":{"self":[{"href":"https:\/\/serhumanos.org\/de\/wp-json\/wp\/v2\/pages\/466"}],"collection":[{"href":"https:\/\/serhumanos.org\/de\/wp-json\/wp\/v2\/pages"}],"about":[{"href":"https:\/\/serhumanos.org\/de\/wp-json\/wp\/v2\/types\/page"}],"author":[{"embeddable":true,"href":"https:\/\/serhumanos.org\/de\/wp-json\/wp\/v2\/users\/1"}],"replies":[{"embeddable":true,"href":"https:\/\/serhumanos.org\/de\/wp-json\/wp\/v2\/comments?post=466"}],"version-history":[{"count":30,"href":"https:\/\/serhumanos.org\/de\/wp-json\/wp\/v2\/pages\/466\/revisions"}],"predecessor-version":[{"id":925,"href":"https:\/\/serhumanos.org\/de\/wp-json\/wp\/v2\/pages\/466\/revisions\/925"}],"up":[{"embeddable":true,"href":"https:\/\/serhumanos.org\/de\/wp-json\/wp\/v2\/pages\/143"}],"wp:attachment":[{"href":"https:\/\/serhumanos.org\/de\/wp-json\/wp\/v2\/media?parent=466"}],"curies":[{"name":"wp","href":"https:\/\/api.w.org\/{rel}","templated":true}]}}