{"id":527,"date":"2018-03-15T15:06:58","date_gmt":"2018-03-15T15:06:58","guid":{"rendered":"http:\/\/serhumanos.org\/?page_id=527"},"modified":"2018-06-06T18:54:21","modified_gmt":"2018-06-06T18:54:21","slug":"participar","status":"publish","type":"page","link":"https:\/\/serhumanos.org\/de\/mitwirken\/","title":{"rendered":"MITWIRKEN"},"content":{"rendered":"<p>[vc_row css_animation=&#8220;&#8220; row_type=&#8220;row&#8220; use_row_as_full_screen_section=&#8220;no&#8220; type=&#8220;grid&#8220; angled_section=&#8220;no&#8220; text_align=&#8220;center&#8220; background_image_as_pattern=&#8220;without_pattern&#8220; css=&#8220;.vc_custom_1478097559129{padding-top: 103px !important;}&#8220;][vc_column][qode_elements_holder background_color=&#8220;#f6f6f6&#8243; number_of_columns=&#8220;one_column&#8220;][qode_elements_holder_item item_padding=&#8220;0 4%&#8220; vertical_alignment=&#8220;top&#8220; horizontal_alignment=&#8220;left&#8220; advanced_animations=&#8220;no&#8220;][vc_column_text]<\/p>\n<h3>Einen kleinen Beitrag leisten<\/h3>\n<p>[\/vc_column_text][vc_empty_space height=&#8220;16px&#8220;][vc_column_text]Wir haben Ihr Interesse an SER HUMANOS geweckt? Gut!<\/p>\n<p><strong>Sie fragen sich, wie Sie mitmachen k\u00f6nnen?<\/strong> Noch besser!<\/p>\n<p>&nbsp;<\/p>\n<p>Wir sind ein Verein, der viele gro\u00dfe, aber auch zahlreiche kleine Aufgaben in Angriff nimmt. Und ganz egal, wie viele Unterst\u00fctzer gerade mit Eifer dabei sind \u2013 wir freuen uns immer \u00fcber Hilfe jeglicher Art. Jede Idee ist willkommen!<\/p>\n<p>Wir suchen Unterst\u00fctzer sowohl f\u00fcr Ser Humanos e.V. Deutschland (die Lust haben, Veranstaltungen zu organisieren, Kontakt zu m\u00f6glichen Geldgebern herzustellen oder ein buchhalterisches H\u00e4ndchen und einen Blick f\u00fcr Finanzen besitzen) als auch f\u00fcr Ser Humanos Argentinien.<\/p>\n<p>Jedes Paar H\u00e4nde kann einen kleinen Beitrag zum Gro\u00dfen leisten. Dabei suchen wir zum Beispiel in Argentinien \u00c4rzte, Psychologen, Lehrer, Architekten, Sozialarbeiter, Handwerker, Landwirte oder Studenten. Eventuell sind nach Absprache auch Praktika m\u00f6glich.<\/p>\n<p>&nbsp;<\/p>\n<p>Um ein menschliches Problem zu l\u00f6sen, bedarf es einer Zusammenarbeit von Personen, die gemeinsam im Team an einer L\u00f6sung arbeiten wollen.<\/p>\n<p>Kontaktieren Sie uns via E-mail <span style=\"color: #0000ff;\"><a style=\"color: #0000ff;\" href=\"mailto:info@serhumanos.org\">info@serhumanos.org<\/a><\/span>[\/vc_column_text][vc_empty_space height=&#8220;70px&#8220;][\/qode_elements_holder_item][\/qode_elements_holder][\/vc_column][\/vc_row][vc_row css_animation=&#8220;&#8220; row_type=&#8220;row&#8220; use_row_as_full_screen_section=&#8220;no&#8220; type=&#8220;full_width&#8220; angled_section=&#8220;no&#8220; text_align=&#8220;center&#8220; background_image_as_pattern=&#8220;without_pattern&#8220; css=&#8220;.vc_custom_1521129915683{padding-top: 30px !important;padding-bottom: 30px !important;background-color: #70949d !important;}&#8220; z_index=&#8220;&#8220;][vc_column][vc_column_text]<\/p>\n<h6><span style=\"color: #ffffff;\">Sachspenden<br \/>\n<\/span><\/h6>\n<p>[\/vc_column_text][\/vc_column][\/vc_row][vc_row css_animation=&#8220;&#8220; row_type=&#8220;row&#8220; use_row_as_full_screen_section=&#8220;no&#8220; type=&#8220;grid&#8220; angled_section=&#8220;no&#8220; text_align=&#8220;left&#8220; background_image_as_pattern=&#8220;without_pattern&#8220; z_index=&#8220;&#8220;][vc_column][vc_empty_space][qode_elements_holder number_of_columns=&#8220;one_column&#8220;][qode_elements_holder_item item_padding=&#8220;0 4%&#8220; advanced_animations=&#8220;no&#8220;][vc_column_text]Die folgenden <strong>Materialien<\/strong> und <strong>Werkzeuge<\/strong> sind f\u00fcr die Umsetzung des Projektes in Argentinien besonders wichtig, doch leider verf\u00fcgen wir derzeit noch nicht \u00fcber ausreichende finanzielle Mittel, um diese zu beschaffen.<\/p>\n<p>Wir freuen uns daher sehr \u00fcber Unterst\u00fctzung aller Art \u2013 sei es durch direktes Sponsoring oder die Bereitstellung von Materialien. <a href=\"mailto:info@serhumanos.org\"><span style=\"color: #3366ff;\">Sprechen Sie uns gerne an!<\/span><\/a>[\/vc_column_text][\/qode_elements_holder_item][\/qode_elements_holder][\/vc_column][\/vc_row][vc_row css_animation=&#8220;&#8220; row_type=&#8220;row&#8220; use_row_as_full_screen_section=&#8220;no&#8220; type=&#8220;grid&#8220; angled_section=&#8220;no&#8220; text_align=&#8220;left&#8220; background_image_as_pattern=&#8220;without_pattern&#8220; z_index=&#8220;&#8220;][vc_column width=&#8220;2\/3&#8243; css=&#8220;.vc_custom_1521135008774{padding-left: 20px !important;}&#8220;][vc_empty_space][qode_elements_holder number_of_columns=&#8220;one_column&#8220; alignment_one_column=&#8220;left&#8220;][qode_elements_holder_item advanced_animations=&#8220;no&#8220; item_padding_1280_1440=&#8220;0px 10px 0px 0px&#8220;]<div class='q_icon_with_title tiny normal_icon '><div class=\"icon_holder \" style=\" \"><span data-icon-type=\"normal\"   style=\"\" class=\"qode_iwt_icon_holder q_font_awsome_icon fa-lg  \"><i class=\"qode_icon_font_awesome fa  qode_iwt_icon_element\" style=\"\" ><\/i><\/span><\/div><div class=\"icon_text_holder\" style=\"\"><div class=\"icon_text_inner\" style=\"\"><h5 class=\"icon_title\" style=\"color: #70949d;\">Finanzierung<\/h5><p style=''>Spenden oder eine Patenschaft sind aktuell eine gro\u00dfe Hilfe f\u00fcr die Entwicklung unserer Projekte. Langfristig ist es unser Ziel, eine komplette Selbstversorgung und -finanzierung zu realisieren.<\/p><\/div><\/div><\/div><div class='q_icon_with_title tiny normal_icon '><div class=\"icon_holder \" style=\" \"><span data-icon-type=\"normal\"   style=\"\" class=\"qode_iwt_icon_holder q_font_awsome_icon fa-lg  \"><i class=\"qode_icon_font_awesome fa  qode_iwt_icon_element\" style=\"\" ><\/i><\/span><\/div><div class=\"icon_text_holder\" style=\"\"><div class=\"icon_text_inner\" style=\"\"><h5 class=\"icon_title\" style=\"color: #70949d;\">Konstruktion und Landwirtschaft<\/h5><p style=''><strong>Werkzeuge: <\/strong>F\u00fcr den Neubau und Instandhaltung von Geb\u00e4uden; kabelgebundene und akkubetriebene Ger\u00e4te wie Schrauber, S\u00e4gen, Bohrer; landwirtschaftliche Maschinen wie Traktor, Pflanz- und Erntemaschinen, etc.<br \/>\n<strong>Solarzellen: <\/strong>f\u00fcr die autarke Energieversorgung der Dorfgemeinschaft.<br \/>\n<strong>Baumaterialien: <\/strong>Wellblech, Zement, Kalk, Sand, Eisen, Holz, etc.<br \/>\n<strong>M\u00f6bel:<\/strong> Tische, St\u00fchle, K\u00fccheneinrichung, Betten, Schr\u00e4nke, Schreibtische, etc.<\/p><\/div><\/div><\/div><div class='q_icon_with_title tiny normal_icon '><div class=\"icon_holder \" style=\" \"><span data-icon-type=\"normal\"   style=\"\" class=\"qode_iwt_icon_holder q_font_awsome_icon fa-lg  \"><i class=\"qode_icon_font_awesome fa  qode_iwt_icon_element\" style=\"\" ><\/i><\/span><\/div><div class=\"icon_text_holder\" style=\"\"><div class=\"icon_text_inner\" style=\"\"><h5 class=\"icon_title\" style=\"color: #70949d;\">Transportmittel<\/h5><p style=''>Transporter, Lastwagen, Anh\u00e4nger, Ersatzteile<\/p><\/div><\/div><\/div><div class='q_icon_with_title tiny normal_icon '><div class=\"icon_holder \" style=\" \"><span data-icon-type=\"normal\"   style=\"\" class=\"qode_iwt_icon_holder q_font_awsome_icon fa-lg  \"><i class=\"qode_icon_font_awesome fa  qode_iwt_icon_element\" style=\"\" ><\/i><\/span><\/div><div class=\"icon_text_holder\" style=\"\"><div class=\"icon_text_inner\" style=\"\"><h5 class=\"icon_title\" style=\"color: #70949d;\">Versorgung<\/h5><p style=''><strong>Viehzucht: <\/strong>K\u00fche, Rinder, Schweine, Ziegen, H\u00fchner, etc.<br \/>\n<strong>Nutzpflanzen:<\/strong> Saatgut f\u00fcr lokale Pflanzen, Obstb\u00e4ume.<\/p><\/div><\/div><\/div><div class='q_icon_with_title tiny normal_icon '><div class=\"icon_holder \" style=\" \"><span data-icon-type=\"normal\"   style=\"\" class=\"qode_iwt_icon_holder q_font_awsome_icon fa-lg  \"><i class=\"qode_icon_font_awesome fa  qode_iwt_icon_element\" style=\"\" ><\/i><\/span><\/div><div class=\"icon_text_holder\" style=\"\"><div class=\"icon_text_inner\" style=\"\"><h5 class=\"icon_title\" style=\"color: #70949d;\">Gesundheit<\/h5><p style=''>Arzneimittel, Zugang zu medizinischer Vorsorge und \u00e4rztlicher Versorgung.<\/p><\/div><\/div><\/div><div class='q_icon_with_title tiny normal_icon '><div class=\"icon_holder \" style=\" \"><span data-icon-type=\"normal\"   style=\"\" class=\"qode_iwt_icon_holder q_font_awsome_icon fa-lg  \"><i class=\"qode_icon_font_awesome fa  qode_iwt_icon_element\" style=\"\" ><\/i><\/span><\/div><div class=\"icon_text_holder\" style=\"\"><div class=\"icon_text_inner\" style=\"\"><h5 class=\"icon_title\" style=\"color: #70949d;\">Kleidung<\/h5><p style=''>Turnschuhe, Arbeitskleidung, Winterkleidung.<\/p><\/div><\/div><\/div><div class='q_icon_with_title tiny normal_icon '><div class=\"icon_holder \" style=\" \"><span data-icon-type=\"normal\"   style=\"\" class=\"qode_iwt_icon_holder q_font_awsome_icon fa-lg  \"><i class=\"qode_icon_font_awesome fa  qode_iwt_icon_element\" style=\"\" ><\/i><\/span><\/div><div class=\"icon_text_holder\" style=\"\"><div class=\"icon_text_inner\" style=\"\"><h5 class=\"icon_title\" style=\"color: #70949d;\">Bildung<\/h5><p style=''>B\u00fccher, Schulmaterialen, Stipendien\/Patenschaften, Computer<\/p><\/div><\/div><\/div>[\/qode_elements_holder_item][\/qode_elements_holder][\/vc_column][vc_column width=&#8220;1\/3&#8243;][vc_empty_space height=&#8220;48px&#8220;][qode_elements_holder number_of_columns=&#8220;one_column&#8220; alignment_one_column=&#8220;center&#8220;][qode_elements_holder_item advanced_animations=&#8220;no&#8220; item_padding_1280_1440=&#8220;0px 40px 0px 60px&#8220;]<a  itemprop=\"url\" href=\"http:\/\/serhumanos.org\/donaciones\/\" target=\"_self\"  class=\"qbutton  medium center default\" style=\"\">Spenden<\/a>[vc_empty_space height=&#8220;40px&#8220;][\/qode_elements_holder_item][\/qode_elements_holder][qode_elements_holder number_of_columns=&#8220;one_column&#8220;][qode_elements_holder_item advanced_animations=&#8220;no&#8220; item_padding_1280_1440=&#8220;0px 30px 0px 30px&#8220;]<div class='image_hover hovered' style='' data-transition-delay=''><div class='images_holder'><img itemprop='image' class='active_image ' src='https:\/\/serhumanos.org\/wp-content\/uploads\/2018\/03\/Participar_jardin.png' alt='' style='' \/><img itemprop='image' class='hover_image' src='https:\/\/serhumanos.org\/wp-content\/uploads\/2018\/03\/Participar_compu.png' alt='' style='' \/><\/div><\/div>[vc_empty_space]<div class='image_hover hovered' style='' data-transition-delay=''><div class='images_holder'><img itemprop='image' class='active_image ' src='https:\/\/serhumanos.org\/wp-content\/uploads\/2018\/03\/Participar_bajofondo.png' alt='' style='' \/><img itemprop='image' class='hover_image' src='https:\/\/serhumanos.org\/wp-content\/uploads\/2018\/03\/Participar_chiringo.png' alt='' style='' \/><\/div><\/div>[\/qode_elements_holder_item][\/qode_elements_holder][\/vc_column][\/vc_row][vc_row css_animation=&#8220;&#8220; row_type=&#8220;row&#8220; use_row_as_full_screen_section=&#8220;no&#8220; type=&#8220;full_width&#8220; angled_section=&#8220;no&#8220; text_align=&#8220;left&#8220; background_image_as_pattern=&#8220;without_pattern&#8220;][vc_column][vc_column_text][\/vc_column_text][\/vc_column][\/vc_row]<\/p>","protected":false},"excerpt":{"rendered":"<p>[vc_row css_animation=&#8220;&#8220; row_type=&#8220;row&#8220; use_row_as_full_screen_section=&#8220;no&#8220; type=&#8220;grid&#8220; angled_section=&#8220;no&#8220; text_align=&#8220;center&#8220; background_image_as_pattern=&#8220;without_pattern&#8220; css=&#8220;.vc_custom_1478097559129{padding-top: 103px !important;}&#8220;][vc_column][qode_elements_holder background_color=&#8220;#f6f6f6&#8243; number_of_columns=&#8220;one_column&#8220;][qode_elements_holder_item item_padding=&#8220;0 4%&#8220; vertical_alignment=&#8220;top&#8220; horizontal_alignment=&#8220;left&#8220; advanced_animations=&#8220;no&#8220;][vc_column_text] Einen kleinen Beitrag leisten [\/vc_column_text][vc_empty_space height=&#8220;16px&#8220;][vc_column_text]Wir haben Ihr Interesse an SER HUMANOS geweckt? Gut! Sie fragen sich, wie Sie mitmachen k\u00f6nnen? Noch besser! &nbsp; Wir sind ein&#8230;<\/p>\n","protected":false},"author":1,"featured_media":0,"parent":0,"menu_order":0,"comment_status":"closed","ping_status":"closed","template":"full_width.php","meta":[],"yoast_head":"<!-- This site is optimized with the Yoast SEO plugin v20.5 - https:\/\/yoast.com\/wordpress\/plugins\/seo\/ -->\n<title>MITWIRKEN - Ser Humanos<\/title>\n<meta name=\"robots\" content=\"index, follow, max-snippet:-1, max-image-preview:large, max-video-preview:-1\" \/>\n<link rel=\"canonical\" href=\"https:\/\/serhumanos.org\/de\/mitwirken\/\" \/>\n<meta property=\"og:locale\" content=\"de_DE\" \/>\n<meta property=\"og:type\" content=\"article\" \/>\n<meta property=\"og:title\" content=\"MITWIRKEN - Ser Humanos\" \/>\n<meta property=\"og:description\" content=\"[vc_row css_animation=&#8220;&#8220; row_type=&#8220;row&#8220; use_row_as_full_screen_section=&#8220;no&#8220; type=&#8220;grid&#8220; angled_section=&#8220;no&#8220; text_align=&#8220;center&#8220; background_image_as_pattern=&#8220;without_pattern&#8220; css=&#8220;.vc_custom_1478097559129{padding-top: 103px !important;}&#8220;][vc_column][qode_elements_holder background_color=&#8220;#f6f6f6&#8243; number_of_columns=&#8220;one_column&#8220;][qode_elements_holder_item item_padding=&#8220;0 4%&#8220; vertical_alignment=&#8220;top&#8220; horizontal_alignment=&#8220;left&#8220; advanced_animations=&#8220;no&#8220;][vc_column_text] Einen kleinen Beitrag leisten [\/vc_column_text][vc_empty_space height=&#8220;16px&#8220;][vc_column_text]Wir haben Ihr Interesse an SER HUMANOS geweckt? Gut! Sie fragen sich, wie Sie mitmachen k\u00f6nnen? Noch besser! &nbsp; Wir sind ein...\" \/>\n<meta property=\"og:url\" content=\"https:\/\/serhumanos.org\/de\/mitwirken\/\" \/>\n<meta property=\"og:site_name\" content=\"Ser Humanos\" \/>\n<meta property=\"article:modified_time\" content=\"2018-06-06T18:54:21+00:00\" \/>\n<meta name=\"twitter:card\" content=\"summary_large_image\" \/>\n<meta name=\"twitter:label1\" content=\"Gesch\u00e4tzte Lesezeit\" \/>\n\t<meta name=\"twitter:data1\" content=\"16\u00a0Minuten\" \/>\n<script type=\"application\/ld+json\" class=\"yoast-schema-graph\">{\"@context\":\"https:\/\/schema.org\",\"@graph\":[{\"@type\":\"WebPage\",\"@id\":\"https:\/\/serhumanos.org\/de\/mitwirken\/\",\"url\":\"https:\/\/serhumanos.org\/de\/mitwirken\/\",\"name\":\"MITWIRKEN - Ser Humanos\",\"isPartOf\":{\"@id\":\"https:\/\/serhumanos.org\/de\/#website\"},\"datePublished\":\"2018-03-15T15:06:58+00:00\",\"dateModified\":\"2018-06-06T18:54:21+00:00\",\"breadcrumb\":{\"@id\":\"https:\/\/serhumanos.org\/de\/mitwirken\/#breadcrumb\"},\"inLanguage\":\"de\",\"potentialAction\":[{\"@type\":\"ReadAction\",\"target\":[\"https:\/\/serhumanos.org\/de\/mitwirken\/\"]}]},{\"@type\":\"BreadcrumbList\",\"@id\":\"https:\/\/serhumanos.org\/de\/mitwirken\/#breadcrumb\",\"itemListElement\":[{\"@type\":\"ListItem\",\"position\":1,\"name\":\"Portada\",\"item\":\"https:\/\/serhumanos.org\/\"},{\"@type\":\"ListItem\",\"position\":2,\"name\":\"MITWIRKEN\"}]},{\"@type\":\"WebSite\",\"@id\":\"https:\/\/serhumanos.org\/de\/#website\",\"url\":\"https:\/\/serhumanos.org\/de\/\",\"name\":\"Ser Humanos\",\"description\":\"Ayuda a familias carenciadas de C\u00f3rdoba, Argentina\",\"potentialAction\":[{\"@type\":\"SearchAction\",\"target\":{\"@type\":\"EntryPoint\",\"urlTemplate\":\"https:\/\/serhumanos.org\/de\/?s={search_term_string}\"},\"query-input\":\"required name=search_term_string\"}],\"inLanguage\":\"de\"}]}<\/script>\n<!-- \/ Yoast SEO plugin. -->","yoast_head_json":{"title":"MITWIRKEN - Ser Humanos","robots":{"index":"index","follow":"follow","max-snippet":"max-snippet:-1","max-image-preview":"max-image-preview:large","max-video-preview":"max-video-preview:-1"},"canonical":"https:\/\/serhumanos.org\/de\/mitwirken\/","og_locale":"de_DE","og_type":"article","og_title":"MITWIRKEN - Ser Humanos","og_description":"[vc_row css_animation=&#8220;&#8220; row_type=&#8220;row&#8220; use_row_as_full_screen_section=&#8220;no&#8220; type=&#8220;grid&#8220; angled_section=&#8220;no&#8220; text_align=&#8220;center&#8220; background_image_as_pattern=&#8220;without_pattern&#8220; css=&#8220;.vc_custom_1478097559129{padding-top: 103px !important;}&#8220;][vc_column][qode_elements_holder background_color=&#8220;#f6f6f6&#8243; number_of_columns=&#8220;one_column&#8220;][qode_elements_holder_item item_padding=&#8220;0 4%&#8220; vertical_alignment=&#8220;top&#8220; horizontal_alignment=&#8220;left&#8220; advanced_animations=&#8220;no&#8220;][vc_column_text] Einen kleinen Beitrag leisten [\/vc_column_text][vc_empty_space height=&#8220;16px&#8220;][vc_column_text]Wir haben Ihr Interesse an SER HUMANOS geweckt? Gut! Sie fragen sich, wie Sie mitmachen k\u00f6nnen? Noch besser! &nbsp; Wir sind ein...","og_url":"https:\/\/serhumanos.org\/de\/mitwirken\/","og_site_name":"Ser Humanos","article_modified_time":"2018-06-06T18:54:21+00:00","twitter_card":"summary_large_image","twitter_misc":{"Gesch\u00e4tzte Lesezeit":"16\u00a0Minuten"},"schema":{"@context":"https:\/\/schema.org","@graph":[{"@type":"WebPage","@id":"https:\/\/serhumanos.org\/de\/mitwirken\/","url":"https:\/\/serhumanos.org\/de\/mitwirken\/","name":"MITWIRKEN - Ser Humanos","isPartOf":{"@id":"https:\/\/serhumanos.org\/de\/#website"},"datePublished":"2018-03-15T15:06:58+00:00","dateModified":"2018-06-06T18:54:21+00:00","breadcrumb":{"@id":"https:\/\/serhumanos.org\/de\/mitwirken\/#breadcrumb"},"inLanguage":"de","potentialAction":[{"@type":"ReadAction","target":["https:\/\/serhumanos.org\/de\/mitwirken\/"]}]},{"@type":"BreadcrumbList","@id":"https:\/\/serhumanos.org\/de\/mitwirken\/#breadcrumb","itemListElement":[{"@type":"ListItem","position":1,"name":"Portada","item":"https:\/\/serhumanos.org\/"},{"@type":"ListItem","position":2,"name":"MITWIRKEN"}]},{"@type":"WebSite","@id":"https:\/\/serhumanos.org\/de\/#website","url":"https:\/\/serhumanos.org\/de\/","name":"Ser Humanos","description":"Ayuda a familias carenciadas de C\u00f3rdoba, Argentina","potentialAction":[{"@type":"SearchAction","target":{"@type":"EntryPoint","urlTemplate":"https:\/\/serhumanos.org\/de\/?s={search_term_string}"},"query-input":"required name=search_term_string"}],"inLanguage":"de"}]}},"_links":{"self":[{"href":"https:\/\/serhumanos.org\/de\/wp-json\/wp\/v2\/pages\/527"}],"collection":[{"href":"https:\/\/serhumanos.org\/de\/wp-json\/wp\/v2\/pages"}],"about":[{"href":"https:\/\/serhumanos.org\/de\/wp-json\/wp\/v2\/types\/page"}],"author":[{"embeddable":true,"href":"https:\/\/serhumanos.org\/de\/wp-json\/wp\/v2\/users\/1"}],"replies":[{"embeddable":true,"href":"https:\/\/serhumanos.org\/de\/wp-json\/wp\/v2\/comments?post=527"}],"version-history":[{"count":45,"href":"https:\/\/serhumanos.org\/de\/wp-json\/wp\/v2\/pages\/527\/revisions"}],"predecessor-version":[{"id":713,"href":"https:\/\/serhumanos.org\/de\/wp-json\/wp\/v2\/pages\/527\/revisions\/713"}],"wp:attachment":[{"href":"https:\/\/serhumanos.org\/de\/wp-json\/wp\/v2\/media?parent=527"}],"curies":[{"name":"wp","href":"https:\/\/api.w.org\/{rel}","templated":true}]}}