{"id":134,"date":"2016-11-02T14:00:39","date_gmt":"2016-11-02T14:00:39","guid":{"rendered":"http:\/\/bridge82.qodeinteractive.com\/?page_id=134"},"modified":"2021-05-10T07:36:26","modified_gmt":"2021-05-10T07:36:26","slug":"organizacion","status":"publish","type":"page","link":"https:\/\/serhumanos.org\/en\/organisation\/","title":{"rendered":"ORGANISATION"},"content":{"rendered":"<p>[vc_row css_animation=&#8221;&#8221; row_type=&#8221;row&#8221; use_row_as_full_screen_section=&#8221;no&#8221; type=&#8221;grid&#8221; angled_section=&#8221;no&#8221; text_align=&#8221;left&#8221; background_image_as_pattern=&#8221;without_pattern&#8221; z_index=&#8221;&#8221;][vc_column][vc_empty_space][\/vc_column][\/vc_row][vc_row css_animation=&#8221;&#8221; row_type=&#8221;row&#8221; use_row_as_full_screen_section=&#8221;no&#8221; type=&#8221;grid&#8221; angled_section=&#8221;no&#8221; text_align=&#8221;left&#8221; background_image_as_pattern=&#8221;without_pattern&#8221; z_index=&#8221;&#8221;][vc_column][qode_elements_holder number_of_columns=&#8221;two_columns&#8221; columns_proportion=&#8221;25_75&#8243;][qode_elements_holder_item background_color=&#8221;#ffffff&#8221; vertical_alignment=&#8221;middle&#8221; horizontal_alignment=&#8221;center&#8221; advanced_animations=&#8221;no&#8221;][vc_single_image image=&#8221;376&#8243; alignment=&#8221;center&#8221; qode_css_animation=&#8221;&#8221;][\/qode_elements_holder_item][qode_elements_holder_item background_color=&#8221;#ffffff&#8221; item_padding=&#8221;0.4&#8243; advanced_animations=&#8221;no&#8221;][vc_empty_space][vc_column_text]<strong>SER HUMANOS<\/strong><\/p>\n<p><span style=\"font-weight: 400;\">We are a Civil Association without Profit. We have one organisation in C\u00f3rdoba, Argentina and another in Leipzig, Germany. They pursue the same objective and mutually support one another.<\/span><\/p>\n<p>En Argentina el enfoque principal es la realizaci\u00f3n del proyecto PLAN DE REDISTRIBUCI\u00d3N POBLACIONAL PARA FAMILIAS DE BARRIOS URBANO-MARGINALES: CONSTRUCCI\u00d3N DE COMUNIDADES RURALES PRODUCTIVAS AUTOSUSTENTABLES.<\/p>\n<p>En\u00a0Alemania trabajamos tanto en conseguir los apoyos financieros y materiales para dicho proyecto, como en la concientizaci\u00f3n de la realidad Argentina y la promoci\u00f3n del intercambio cultural entre los pa\u00edses.[\/vc_column_text][vc_empty_space][\/qode_elements_holder_item][\/qode_elements_holder][\/vc_column][\/vc_row][vc_row css_animation=&#8221;&#8221; row_type=&#8221;row&#8221; use_row_as_full_screen_section=&#8221;no&#8221; type=&#8221;full_width&#8221; angled_section=&#8221;no&#8221; text_align=&#8221;left&#8221; background_image_as_pattern=&#8221;without_pattern&#8221;][vc_column][vc_empty_space][\/vc_column][\/vc_row][vc_row css_animation=&#8221;&#8221; row_type=&#8221;row&#8221; use_row_as_full_screen_section=&#8221;no&#8221; type=&#8221;grid&#8221; angled_section=&#8221;no&#8221; text_align=&#8221;left&#8221; background_image_as_pattern=&#8221;without_pattern&#8221; z_index=&#8221;&#8221;][vc_column width=&#8221;1\/2&#8243;][vc_separator type=&#8221;normal&#8221; color=&#8221;#444444&#8243;][vc_empty_space height=&#8221;15px&#8221;][vc_column_text]Argentina: <strong>Ser Humanos &#8211; Asociaci\u00f3n Civil<\/strong><\/p>\n<p class=\"bodytext\">registered\u00a0in\u00a0the Register\u00a0of\u00a0Associations\u00a0under\u00a0the Registration Code: 362&#8243;A&#8221;\/04<\/p>\n<p>[\/vc_column_text][vc_empty_space height=&#8221;15px&#8221;][vc_raw_html]JTNDYSUyMGhyZWYlM0QlMjJtYWlsdG8lM0FpbmZvJTQwc2VyaHVtYW5vcy5vcmclMjIlM0UlM0NzcGFuJTIwc3R5bGUlM0QlMjJjb2xvciUzQSUyMCUyMzMzNjZmZiUzQiUyMiUzRWluZm8lNDBzZXJodW1hbm9zLm9yZyUzQyUyRnNwYW4lM0UlM0MlMkZhJTNF[\/vc_raw_html][vc_empty_space height=&#8221;48px&#8221;][\/vc_column][vc_column width=&#8221;1\/2&#8243;][vc_separator type=&#8221;normal&#8221; color=&#8221;#444444&#8243;][vc_empty_space height=&#8221;15px&#8221;][vc_column_text]Germany: <strong>Ser Humanos e.V.<\/strong><\/p>\n<p>registered in\u00a0the Register\u00a0of\u00a0Associations\u00a0at the <span class=\"b1\">Leipzig\u00a0<\/span>District\u00a0Court\u00a0under\u00a0the Registration Number VR 4098[\/vc_column_text][vc_empty_space height=&#8221;15px&#8221;][vc_raw_html]JTNDYSUyMGhyZWYlM0QlMjJtYWlsdG8lM0FpbmZvJTQwc2VyaHVtYW5vcy5vcmclMjIlM0UlM0NzcGFuJTIwc3R5bGUlM0QlMjJjb2xvciUzQSUyMCUyMzMzNjZmZiUzQiUyMiUzRWluZm8lNDBzZXJodW1hbm9zLm9yZyUzQyUyRnNwYW4lM0UlM0MlMkZhJTNF[\/vc_raw_html][vc_empty_space height=&#8221;48px&#8221;][\/vc_column][\/vc_row][vc_row css_animation=&#8221;&#8221; row_type=&#8221;row&#8221; use_row_as_full_screen_section=&#8221;no&#8221; type=&#8221;grid&#8221; angled_section=&#8221;no&#8221; text_align=&#8221;left&#8221; background_image_as_pattern=&#8221;without_pattern&#8221; z_index=&#8221;&#8221;][vc_column][vc_empty_space][vc_column_text]<\/p>\n<h3>Voces de los miembros<\/h3>\n<p>[\/vc_column_text][vc_empty_space height=&#8221;15px&#8221;]<div class='testimonials_c_holder clearfix dark'><div class=\"testimonials_c testimonials_c_carousel\" data-show-navigation=\"yes\" data-animation-speed=\"\" data-auto-rotate-slides=\"5\" data-number-per-slide=\"3\"><ul class=\"slides\"><li id=\"testimonials-c-961\" class=\"testimonial_content\"><div class=\"testimonial_content_inner\"><div class=\"testimonial_image_holder\"><img src=\"https:\/\/serhumanos.org\/wp-content\/uploads\/2020\/10\/Franco_Voces.png\" \/><\/div><div class=\"testimonial_text_holder\"><div class=\"testimonial_text_inner\" style=\"\"><p>(Espa\u00f1ol) Vine desde la Ciudad de visita y me qued\u00e9 a planificar mi presente-futuro en el pueblo. Amo trabajar la tierra, no solo en la huerta comunitaria y\r\nen el vivero, sino tambi\u00e9n en la construcci\u00f3n, lo m\u00e1s natural posible de mi futuro hogar. Sumar\u00e9 todo lo que pueda para que otros puedan seguir este camino hacia la tierra y hacia un buen vivir.<\/p><p class=\"testimonial_author\" style=\"font-weight: 400;color: #414141;\">Franco Soria (AR)<\/p><\/div><\/div><\/div><\/li><li id=\"testimonials-c-960\" class=\"testimonial_content\"><div class=\"testimonial_content_inner\"><div class=\"testimonial_image_holder\"><img src=\"https:\/\/serhumanos.org\/wp-content\/uploads\/2020\/10\/Rocio_Voces.png\" \/><\/div><div class=\"testimonial_text_holder\"><div class=\"testimonial_text_inner\" style=\"\"><p>(Espa\u00f1ol) Junto a mis dos hijos, dejamos la ciudad atr\u00e1s por una\r\nvida m\u00e1s sana y tranquila. Nos adaptamos muy bien a esta tranquilidad, al contacto con la naturaleza, producir nuestros alimentos, tener algunos animalitos pero sobre todo, sentir que soy parte de una peque\u00f1a comunidad que se cuida, que quiere lo mejor para el otro.<\/p><p class=\"testimonial_author\" style=\"font-weight: 400;color: #414141;\">Roc\u00edo Sabadias (AR)<\/p><\/div><\/div><\/div><\/li><li id=\"testimonials-c-957\" class=\"testimonial_content\"><div class=\"testimonial_content_inner\"><div class=\"testimonial_image_holder\"><img src=\"https:\/\/serhumanos.org\/wp-content\/uploads\/2020\/10\/Gustavo_Voces.png\" \/><\/div><div class=\"testimonial_text_holder\"><div class=\"testimonial_text_inner\" style=\"\"><p>(Espa\u00f1ol) Nac\u00ed en Villa Albertina y ac\u00e1 vivo. A los 15 a\u00f1os, me acerqu\u00e9 al Centro Cultural de Ser Humanos para recibir apoyo escolar y fui colaborando cada vez m\u00e1s y comprometi\u00e9ndome con el proyecto. Desde la Asociaci\u00f3n seguiremos aportando para cuidar el pueblo y recibir a quienes quieran venir a cuidarlo con nosotros.<\/p><p class=\"testimonial_author\" style=\"font-weight: 400;color: #414141;\">Gustavo Moya (President AR)<\/p><\/div><\/div><\/div><\/li><li id=\"testimonials-c-68\" class=\"testimonial_content\"><div class=\"testimonial_content_inner\"><div class=\"testimonial_image_holder\"><img src=\"https:\/\/serhumanos.org\/wp-content\/uploads\/2016\/08\/Voces_Rodrigo.png\" \/><\/div><div class=\"testimonial_text_holder\"><div class=\"testimonial_text_inner\" style=\"\"><p>(Espa\u00f1ol) Me gustar\u00eda dejar el mundo un poquito mejor de lo que lo encontr\u00e9, colaborar con una mejor distribuci\u00f3n de todo.<\/p><p class=\"testimonial_author\" style=\"font-weight: 400;color: #414141;\">Rodrigo Zori Comba (Founder) (AR)<\/p><\/div><\/div><\/div><\/li><li id=\"testimonials-c-69\" class=\"testimonial_content\"><div class=\"testimonial_content_inner\"><div class=\"testimonial_image_holder\"><img src=\"https:\/\/serhumanos.org\/wp-content\/uploads\/2016\/08\/Voces_Eliana.png\" \/><\/div><div class=\"testimonial_text_holder\"><div class=\"testimonial_text_inner\" style=\"\"><p>(Espa\u00f1ol) Estoy al tanto del proyecto desde su gestaci\u00f3n. Decid\u00ed integrarme porque no creo que sirva de nada quedarse en la cr\u00edtica de brazos cruzados; est\u00e1 en cada uno aportar nuestro granito de arena para construir un mundo mejor, y siempre es el momento para empezar.<\/p><p class=\"testimonial_author\" style=\"font-weight: 400;color: #414141;\">Eliana La Rossa (AR)<\/p><\/div><\/div><\/div><\/li><li id=\"testimonials-c-70\" class=\"testimonial_content\"><div class=\"testimonial_content_inner\"><div class=\"testimonial_image_holder\"><img src=\"https:\/\/serhumanos.org\/wp-content\/uploads\/2016\/08\/Voces_Hanna.png\" \/><\/div><div class=\"testimonial_text_holder\"><div class=\"testimonial_text_inner\" style=\"\"><p>(Espa\u00f1ol) Me gusta estar en Ser Humanos, porque me permite contribuir de mi propia manera y tambi\u00e9n en un marco peque\u00f1o al todo. Por m\u00e1s que el camino sea largo y seguramente no siempre f\u00e1cil, nadie me demuestra desaliento o ganas de abandonar. Esto lo valoro mucho.<\/p><p class=\"testimonial_author\" style=\"font-weight: 400;color: #414141;\">Hanna Weber (DE)<\/p><\/div><\/div><\/div><\/li><li id=\"testimonials-c-65\" class=\"testimonial_content\"><div class=\"testimonial_content_inner\"><div class=\"testimonial_image_holder\"><img src=\"https:\/\/serhumanos.org\/wp-content\/uploads\/2016\/08\/Voces_Daniela.png\" \/><\/div><div class=\"testimonial_text_holder\"><div class=\"testimonial_text_inner\" style=\"\"><p>(Espa\u00f1ol) Me comprometo con la asociaci\u00f3n Ser Humanos porque me parece importante, que personas que viven en la pobreza y sin acceso a educaci\u00f3n, reciban nuevas perspectivas y puedan reorganizar su vida y su hogar con nuestro apoyo.<\/p><p class=\"testimonial_author\" style=\"font-weight: 400;color: #414141;\">Daniela Keil (DE)<\/p><\/div><\/div><\/div><\/li><li id=\"testimonials-c-67\" class=\"testimonial_content\"><div class=\"testimonial_content_inner\"><div class=\"testimonial_image_holder\"><img src=\"https:\/\/serhumanos.org\/wp-content\/uploads\/2016\/08\/Voces_Wiebke.png\" \/><\/div><div class=\"testimonial_text_holder\"><div class=\"testimonial_text_inner\" style=\"\"><p>(Espa\u00f1ol) Muchas peque\u00f1as cosas, hechas por muchas peque\u00f1as personas, en muchos peque\u00f1os lugares, podr\u00e1n cambiar la faz de la tierra...<\/p><p class=\"testimonial_author\" style=\"font-weight: 400;color: #414141;\">Wiebke Scheffler (DE)<\/p><\/div><\/div><\/div><\/li><li id=\"testimonials-c-66\" class=\"testimonial_content\"><div class=\"testimonial_content_inner\"><div class=\"testimonial_image_holder\"><img src=\"https:\/\/serhumanos.org\/wp-content\/uploads\/2016\/08\/Voces_Lucrecia-1.png\" \/><\/div><div class=\"testimonial_text_holder\"><div class=\"testimonial_text_inner\" style=\"\"><p>(Espa\u00f1ol) Decid\u00ed ayudar en Ser Humanos porque el proyecto, aunque ambicioso, es realizable y escalable y creo que podemos ayudar pasito a pasito.<\/p><p class=\"testimonial_author\" style=\"font-weight: 400;color: #414141;\">Lucrecia Capparelli (AR\/DE)<\/p><\/div><\/div><\/div><\/li><\/ul><\/div><\/div>[vc_empty_space][\/vc_column][\/vc_row][vc_row css_animation=&#8221;&#8221; row_type=&#8221;row&#8221; use_row_as_full_screen_section=&#8221;no&#8221; type=&#8221;grid&#8221; angled_section=&#8221;no&#8221; text_align=&#8221;center&#8221; background_image_as_pattern=&#8221;without_pattern&#8221; z_index=&#8221;&#8221;][vc_column][qode_elements_holder background_color=&#8221;#ffffff&#8221; number_of_columns=&#8221;two_columns&#8221; columns_proportion=&#8221;25_75&#8243;][qode_elements_holder_item vertical_alignment=&#8221;middle&#8221; horizontal_alignment=&#8221;center&#8221; advanced_animations=&#8221;no&#8221;][vc_single_image image=&#8221;965&#8243; alignment=&#8221;center&#8221; onclick=&#8221;custom_link&#8221; img_link_target=&#8221;_blank&#8221; qode_css_animation=&#8221;&#8221; link=&#8221;https:\/\/www.facebook.com\/Trabajadores-Unidos-por-la-Tierra-725470171137189\/&#8221;][\/qode_elements_holder_item][qode_elements_holder_item background_color=&#8221;#ffffff&#8221; item_padding=&#8221;0.4&#8243; advanced_animations=&#8221;no&#8221;][vc_empty_space height=&#8221;16px&#8221;][vc_column_text]<span style=\"font-weight: 400;\">We cooperate with TraUT (Trabajadores Unidos por la Tierra) another Civil Association without Profit.<\/span><\/p>\n<p>[\/vc_column_text][vc_empty_space height=&#8221;16px&#8221;][\/qode_elements_holder_item][\/qode_elements_holder][vc_empty_space height=&#8221;48px&#8221;][\/vc_column][\/vc_row][vc_row css_animation=&#8221;&#8221; row_type=&#8221;row&#8221; use_row_as_full_screen_section=&#8221;no&#8221; type=&#8221;full_width&#8221; angled_section=&#8221;no&#8221; text_align=&#8221;center&#8221; background_image_as_pattern=&#8221;without_pattern&#8221; css=&#8221;.vc_custom_1472634047354{padding-top: 30px !important;padding-bottom: 30px !important;background-color: #70949d !important;}&#8221;][vc_column][vc_column_text]<\/p>\n<h6><span style=\"color: #ffffff;\">Galer\u00eda de fotos<br \/>\n<\/span><\/h6>\n<p>[\/vc_column_text][\/vc_column][\/vc_row][vc_row css_animation=&#8221;&#8221; row_type=&#8221;row&#8221; use_row_as_full_screen_section=&#8221;no&#8221; type=&#8221;full_width&#8221; angled_section=&#8221;no&#8221; text_align=&#8221;left&#8221; background_image_as_pattern=&#8221;without_pattern&#8221;][vc_column][vc_gallery type=&#8221;image_grid&#8221; images=&#8221;347,345,346,348,578,579&#8243; img_size=&#8221;full&#8221; column_number=&#8221;6&#8243; grayscale=&#8221;no&#8221; images_space=&#8221;gallery_without_space&#8221;][\/vc_column][\/vc_row]<\/p>","protected":false},"excerpt":{"rendered":"<p>[vc_row css_animation=&#8221;&#8221; row_type=&#8221;row&#8221; use_row_as_full_screen_section=&#8221;no&#8221; type=&#8221;grid&#8221; angled_section=&#8221;no&#8221; text_align=&#8221;left&#8221; background_image_as_pattern=&#8221;without_pattern&#8221; z_index=&#8221;&#8221;][vc_column][vc_empty_space][\/vc_column][\/vc_row][vc_row css_animation=&#8221;&#8221; row_type=&#8221;row&#8221; use_row_as_full_screen_section=&#8221;no&#8221; type=&#8221;grid&#8221; angled_section=&#8221;no&#8221; text_align=&#8221;left&#8221; background_image_as_pattern=&#8221;without_pattern&#8221; z_index=&#8221;&#8221;][vc_column][qode_elements_holder number_of_columns=&#8221;two_columns&#8221; columns_proportion=&#8221;25_75&#8243;][qode_elements_holder_item background_color=&#8221;#ffffff&#8221; vertical_alignment=&#8221;middle&#8221; horizontal_alignment=&#8221;center&#8221; advanced_animations=&#8221;no&#8221;][vc_single_image image=&#8221;376&#8243; alignment=&#8221;center&#8221; qode_css_animation=&#8221;&#8221;][\/qode_elements_holder_item][qode_elements_holder_item background_color=&#8221;#ffffff&#8221; item_padding=&#8221;0.4&#8243; advanced_animations=&#8221;no&#8221;][vc_empty_space][vc_column_text]SER HUMANOS We are a Civil Association without Profit. We have one organisation in C\u00f3rdoba, Argentina and&#8230;<\/p>\n","protected":false},"author":1,"featured_media":0,"parent":0,"menu_order":0,"comment_status":"closed","ping_status":"closed","template":"full_width.php","meta":[],"yoast_head":"<!-- This site is optimized with the Yoast SEO plugin v20.5 - https:\/\/yoast.com\/wordpress\/plugins\/seo\/ -->\n<title>ORGANISATION - Ser Humanos<\/title>\n<meta name=\"description\" content=\"(Espa\u00f1ol) Somos una Organizaci\u00f3n No Gubernamental (ONG) compuesta por dos Asociaciones Civiles sin Fines de Lucro,\u00a0una en C\u00f3rdoba - Argentina y otra en Leipzig - Alemania.\" \/>\n<meta name=\"robots\" content=\"index, follow, max-snippet:-1, max-image-preview:large, max-video-preview:-1\" \/>\n<link rel=\"canonical\" href=\"https:\/\/serhumanos.org\/de\/organisation\/\" \/>\n<meta property=\"og:locale\" content=\"en_US\" \/>\n<meta property=\"og:type\" content=\"article\" \/>\n<meta property=\"og:title\" content=\"ORGANISATION - Ser Humanos\" \/>\n<meta property=\"og:description\" content=\"(Espa\u00f1ol) Somos una Organizaci\u00f3n No Gubernamental (ONG) compuesta por dos Asociaciones Civiles sin Fines de Lucro,\u00a0una en C\u00f3rdoba - Argentina y otra en Leipzig - Alemania.\" \/>\n<meta property=\"og:url\" content=\"https:\/\/serhumanos.org\/de\/organisation\/\" \/>\n<meta property=\"og:site_name\" content=\"Ser Humanos\" \/>\n<meta property=\"article:modified_time\" content=\"2021-05-10T07:36:26+00:00\" \/>\n<meta name=\"twitter:card\" content=\"summary_large_image\" \/>\n<meta name=\"twitter:label1\" content=\"Est. reading time\" \/>\n\t<meta name=\"twitter:data1\" content=\"12 minutes\" \/>\n<script type=\"application\/ld+json\" class=\"yoast-schema-graph\">{\"@context\":\"https:\/\/schema.org\",\"@graph\":[{\"@type\":\"WebPage\",\"@id\":\"https:\/\/serhumanos.org\/de\/organisation\/\",\"url\":\"https:\/\/serhumanos.org\/de\/organisation\/\",\"name\":\"ORGANISATION - Ser Humanos\",\"isPartOf\":{\"@id\":\"https:\/\/serhumanos.org\/de\/#website\"},\"datePublished\":\"2016-11-02T14:00:39+00:00\",\"dateModified\":\"2021-05-10T07:36:26+00:00\",\"description\":\"(Espa\u00f1ol) Somos una Organizaci\u00f3n No Gubernamental (ONG) compuesta por dos Asociaciones Civiles sin Fines de Lucro,\u00a0una en C\u00f3rdoba - Argentina y otra en Leipzig - Alemania.\",\"breadcrumb\":{\"@id\":\"https:\/\/serhumanos.org\/de\/organisation\/#breadcrumb\"},\"inLanguage\":\"en-US\",\"potentialAction\":[{\"@type\":\"ReadAction\",\"target\":[\"https:\/\/serhumanos.org\/de\/organisation\/\"]}]},{\"@type\":\"BreadcrumbList\",\"@id\":\"https:\/\/serhumanos.org\/de\/organisation\/#breadcrumb\",\"itemListElement\":[{\"@type\":\"ListItem\",\"position\":1,\"name\":\"Portada\",\"item\":\"https:\/\/serhumanos.org\/\"},{\"@type\":\"ListItem\",\"position\":2,\"name\":\"ORGANISATION\"}]},{\"@type\":\"WebSite\",\"@id\":\"https:\/\/serhumanos.org\/de\/#website\",\"url\":\"https:\/\/serhumanos.org\/de\/\",\"name\":\"Ser Humanos\",\"description\":\"Ayuda a familias carenciadas de C\u00f3rdoba, Argentina\",\"potentialAction\":[{\"@type\":\"SearchAction\",\"target\":{\"@type\":\"EntryPoint\",\"urlTemplate\":\"https:\/\/serhumanos.org\/de\/?s={search_term_string}\"},\"query-input\":\"required name=search_term_string\"}],\"inLanguage\":\"en-US\"}]}<\/script>\n<!-- \/ Yoast SEO plugin. -->","yoast_head_json":{"title":"ORGANISATION - Ser Humanos","description":"(Espa\u00f1ol) Somos una Organizaci\u00f3n No Gubernamental (ONG) compuesta por dos Asociaciones Civiles sin Fines de Lucro,\u00a0una en C\u00f3rdoba - Argentina y otra en Leipzig - Alemania.","robots":{"index":"index","follow":"follow","max-snippet":"max-snippet:-1","max-image-preview":"max-image-preview:large","max-video-preview":"max-video-preview:-1"},"canonical":"https:\/\/serhumanos.org\/de\/organisation\/","og_locale":"en_US","og_type":"article","og_title":"ORGANISATION - Ser Humanos","og_description":"(Espa\u00f1ol) Somos una Organizaci\u00f3n No Gubernamental (ONG) compuesta por dos Asociaciones Civiles sin Fines de Lucro,\u00a0una en C\u00f3rdoba - Argentina y otra en Leipzig - Alemania.","og_url":"https:\/\/serhumanos.org\/de\/organisation\/","og_site_name":"Ser Humanos","article_modified_time":"2021-05-10T07:36:26+00:00","twitter_card":"summary_large_image","twitter_misc":{"Est. reading time":"12 minutes"},"schema":{"@context":"https:\/\/schema.org","@graph":[{"@type":"WebPage","@id":"https:\/\/serhumanos.org\/de\/organisation\/","url":"https:\/\/serhumanos.org\/de\/organisation\/","name":"ORGANISATION - Ser Humanos","isPartOf":{"@id":"https:\/\/serhumanos.org\/de\/#website"},"datePublished":"2016-11-02T14:00:39+00:00","dateModified":"2021-05-10T07:36:26+00:00","description":"(Espa\u00f1ol) Somos una Organizaci\u00f3n No Gubernamental (ONG) compuesta por dos Asociaciones Civiles sin Fines de Lucro,\u00a0una en C\u00f3rdoba - Argentina y otra en Leipzig - Alemania.","breadcrumb":{"@id":"https:\/\/serhumanos.org\/de\/organisation\/#breadcrumb"},"inLanguage":"en-US","potentialAction":[{"@type":"ReadAction","target":["https:\/\/serhumanos.org\/de\/organisation\/"]}]},{"@type":"BreadcrumbList","@id":"https:\/\/serhumanos.org\/de\/organisation\/#breadcrumb","itemListElement":[{"@type":"ListItem","position":1,"name":"Portada","item":"https:\/\/serhumanos.org\/"},{"@type":"ListItem","position":2,"name":"ORGANISATION"}]},{"@type":"WebSite","@id":"https:\/\/serhumanos.org\/de\/#website","url":"https:\/\/serhumanos.org\/de\/","name":"Ser Humanos","description":"Ayuda a familias carenciadas de C\u00f3rdoba, Argentina","potentialAction":[{"@type":"SearchAction","target":{"@type":"EntryPoint","urlTemplate":"https:\/\/serhumanos.org\/de\/?s={search_term_string}"},"query-input":"required name=search_term_string"}],"inLanguage":"en-US"}]}},"_links":{"self":[{"href":"https:\/\/serhumanos.org\/en\/wp-json\/wp\/v2\/pages\/134"}],"collection":[{"href":"https:\/\/serhumanos.org\/en\/wp-json\/wp\/v2\/pages"}],"about":[{"href":"https:\/\/serhumanos.org\/en\/wp-json\/wp\/v2\/types\/page"}],"author":[{"embeddable":true,"href":"https:\/\/serhumanos.org\/en\/wp-json\/wp\/v2\/users\/1"}],"replies":[{"embeddable":true,"href":"https:\/\/serhumanos.org\/en\/wp-json\/wp\/v2\/comments?post=134"}],"version-history":[{"count":41,"href":"https:\/\/serhumanos.org\/en\/wp-json\/wp\/v2\/pages\/134\/revisions"}],"predecessor-version":[{"id":989,"href":"https:\/\/serhumanos.org\/en\/wp-json\/wp\/v2\/pages\/134\/revisions\/989"}],"wp:attachment":[{"href":"https:\/\/serhumanos.org\/en\/wp-json\/wp\/v2\/media?parent=134"}],"curies":[{"name":"wp","href":"https:\/\/api.w.org\/{rel}","templated":true}]}}