{"id":331,"date":"2018-03-04T23:47:25","date_gmt":"2018-03-04T23:47:25","guid":{"rendered":"http:\/\/serhumanos.org\/?page_id=331"},"modified":"2023-03-02T17:16:12","modified_gmt":"2023-03-02T17:16:12","slug":"concepto-2","status":"publish","type":"page","link":"https:\/\/serhumanos.org\/en\/project\/concept\/","title":{"rendered":"Idea and concept"},"content":{"rendered":"<p>[vc_row css_animation=&#8221;&#8221; row_type=&#8221;row&#8221; use_row_as_full_screen_section=&#8221;no&#8221; type=&#8221;grid&#8221; angled_section=&#8221;no&#8221; text_align=&#8221;center&#8221; background_image_as_pattern=&#8221;without_pattern&#8221; css=&#8221;.vc_custom_1478097559129{padding-top: 103px !important;}&#8221;][vc_column][qode_elements_holder background_color=&#8221;#f6f6f6&#8243; number_of_columns=&#8221;two_columns&#8221; columns_proportion=&#8221;66_33&#8243;][qode_elements_holder_item item_padding=&#8221;0 4%&#8221; vertical_alignment=&#8221;middle&#8221; horizontal_alignment=&#8221;left&#8221; advanced_animations=&#8221;no&#8221;][vc_column_text]<\/p>\n<h3>Idea and concept<\/h3>\n<p>[\/vc_column_text][vc_empty_space height=&#8221;39px&#8221;][vc_column_text]<span style=\"font-weight: 400;\">The objective of the project \u201c PLAN OF POPULATION REDISTRIBUTION FOR FAMILIES FROM URBAN MARGINAL NEIGHBORHOODS: CONSTRUCTION OF SELF SUSTAINABLE RURAL PRODUCTIVE COMMUNITIES\u201d is to <strong>construct a self sustainable, productive rural community with the families from \u201cvillas miseria\u201d or \u201cslums\u201d<\/strong> around the city of C\u00f3rdoba, Argentina.<\/span><\/p>\n<p><span style=\"font-weight: 400;\">Previous community work in the most poor neighborhoods of the City, have shown that families would like to go or return back to life in the countryside, and have shown the possibilities of living in the countryside to leave the vicious cycle they encounter in these urban settlements (addictions, crime, institutional violence, lack of public services, etc). Families begin gradually creating a new perspective of a dignified life through coexistence in a rural environment. With access to health services and education, families can create a productive self sustainable community, emphasizing the need for tools and the necessary roads for their personal and family development and also collaborating with a better distribution of the population.<\/span><\/p>\n<p>[\/vc_column_text][vc_empty_space height=&#8221;42px&#8221;][\/qode_elements_holder_item][qode_elements_holder_item vertical_alignment=&#8221;middle&#8221; advanced_animations=&#8221;no&#8221; item_padding_600_768=&#8221;12% 0 0 0&#8243; item_padding_480_600=&#8221;17% 0 0 0&#8243; item_padding_480=&#8221;21% 0 0 0&#8243;][vc_empty_space height=&#8221;16px&#8221;]<div class='image_hover ' style='' data-transition-delay=''><div class='images_holder'><img itemprop='image' class='active_image ' src='https:\/\/serhumanos.org\/wp-content\/uploads\/2018\/11\/Proyecto_Plan_circ_2.png' alt='' style='' \/><img itemprop='image' class='hover_image' src='https:\/\/serhumanos.org\/wp-content\/uploads\/2018\/11\/Proyecto_Idea_IV.png' alt='' style='' \/><\/div><\/div>[vc_empty_space][\/qode_elements_holder_item][\/qode_elements_holder][\/vc_column][\/vc_row][vc_row css_animation=&#8221;&#8221; row_type=&#8221;row&#8221; use_row_as_full_screen_section=&#8221;no&#8221; type=&#8221;grid&#8221; angled_section=&#8221;no&#8221; text_align=&#8221;center&#8221; background_image_as_pattern=&#8221;without_pattern&#8221; z_index=&#8221;&#8221;][vc_column width=&#8221;1\/2&#8243;][qode_elements_holder background_color=&#8221;#f6f6f6&#8243; number_of_columns=&#8221;one_column&#8221;][qode_elements_holder_item advanced_animations=&#8221;no&#8221; item_padding_1280_1440=&#8221;0px 10px 0px 20px&#8221; item_padding_1024_1280=&#8221;0px 10px 0px 20px&#8221;]<div class='service_table_holder'><ul class='service_table_inner'><li class='service_table_title_holder background_color_type' style='background-color: #a4c4c3;'><div class='service_table_title_inner'><div class='service_table_title_inner2'><h3 class='service_title' style=''>Specific Objectives<\/h3><\/div><\/div><\/li><li class='service_table_content' style='background-color: #70949d;'><\/p>\n<ul>\n<li style=\"text-align: left;\"><span style=\"font-weight: 400; color: #ffffff;\">helping recuperate families from indigence and providing them with a healthy space for their development<\/span><\/li>\n<li style=\"text-align: left;\"><span style=\"color: #ffffff;\">Brindarles herramientas para el desarrollo de capacidades laborales, culturales y educacionales<\/span><\/li>\n<li style=\"text-align: left;\"><span style=\"color: #ffffff;\">Fortalecer el n\u00facleo familiar<\/span><\/li>\n<li style=\"text-align: left;\"><span style=\"color: #ffffff;\">Recuperar los valores de solidaridad y el trabajo en comunidad<\/span><\/li>\n<li style=\"text-align: left;\"><span style=\"color: #ffffff;\">Promover el reconocimiento de derechos civiles, sociales y pol\u00edticos<\/span><\/li>\n<li style=\"text-align: left;\"><span style=\"color: #ffffff;\">Favorecer en las familias la apropiaci\u00f3n de su realidad tomando conciencia de sus posibilidades en la construcci\u00f3n de un nuevo futuro a trav\u00e9s de un trabajo desarrollado mancomunadamente con los destinatarios del proyecto<\/span><\/li>\n<li style=\"text-align: left;\"><span style=\"color: #ffffff;\">Articular actividades en pos del desarrollo local y regional con otras comunidades, pueblos y\/o ciudades<\/span><\/li>\n<\/ul>\n<p><\/li><\/ul><\/div>[\/qode_elements_holder_item][\/qode_elements_holder][vc_empty_space][\/vc_column][vc_column width=&#8221;1\/2&#8243;][qode_elements_holder background_color=&#8221;#f6f6f6&#8243; number_of_columns=&#8221;one_column&#8221;][qode_elements_holder_item vertical_alignment=&#8221;middle&#8221; horizontal_alignment=&#8221;left&#8221; advanced_animations=&#8221;no&#8221;][vc_column_text]<span style=\"font-weight: 400;\">The project works with young families with children under 4 years of age, who live in urban marginal settlements in precarious situations, but also with other people in other actualities. While the children have access to recreational activities, sporty and educational, their parents can strengthen or develop their skills in a healthy environment and continuous contact with nature, in an environment that incorporates them into an existing basic infrastructure that offers them the possibility of fulfilling their family duties, so that in the long term they will be able to sustain their families themselves.<\/span><\/p>\n<p><span style=\"font-weight: 400;\">The project is based on loving your neighbor and trust. The families become part of social community that has a considerable difference to the circumstances or their actual life . A rural, agricultural, sustainable and organic environment is the developmental goal. In this new environment, the people need to complete diverse tasks that favor individual, family and community growth. By improving the quality of life through their new self-esteem will be able to contribute to the community and society itself.<\/span><\/p>\n<p><span style=\"font-weight: 400;\">This project plans to work with different ideas of eco-villages and care of our planet.<\/span><\/p>\n<p><span style=\"font-weight: 400;\">In the long term, our objective is that the families will one day contribute themselves to expand and advance the basic idea of \u200b\u200bthe project.<\/span>[\/vc_column_text][\/qode_elements_holder_item][\/qode_elements_holder][qode_elements_holder number_of_columns=&#8221;two_columns&#8221;][qode_elements_holder_item advanced_animations=&#8221;no&#8221;][vc_empty_space]<a  itemprop=\"url\" href=\"http:\/\/serhumanos.org\/proyecto\/plan-de-accion\/\" target=\"_self\"  class=\"qbutton  medium default\" style=\"\">Plan de acci\u00f3n<\/a>[\/qode_elements_holder_item][qode_elements_holder_item advanced_animations=&#8221;no&#8221;][vc_empty_space]<a  itemprop=\"url\" href=\"http:\/\/serhumanos.org\/proyecto\/principios\/\" target=\"_self\"  class=\"qbutton  medium default\" style=\"\">Principios<\/a>[\/qode_elements_holder_item][\/qode_elements_holder][\/vc_column][\/vc_row][vc_row css_animation=&#8221;&#8221; row_type=&#8221;row&#8221; use_row_as_full_screen_section=&#8221;no&#8221; type=&#8221;full_width&#8221; angled_section=&#8221;no&#8221; text_align=&#8221;left&#8221; background_image_as_pattern=&#8221;without_pattern&#8221;][vc_column][vc_empty_space][\/vc_column][\/vc_row]<\/p>","protected":false},"excerpt":{"rendered":"<p>[vc_row css_animation=&#8221;&#8221; row_type=&#8221;row&#8221; use_row_as_full_screen_section=&#8221;no&#8221; type=&#8221;grid&#8221; angled_section=&#8221;no&#8221; text_align=&#8221;center&#8221; background_image_as_pattern=&#8221;without_pattern&#8221; css=&#8221;.vc_custom_1478097559129{padding-top: 103px !important;}&#8221;][vc_column][qode_elements_holder background_color=&#8221;#f6f6f6&#8243; number_of_columns=&#8221;two_columns&#8221; columns_proportion=&#8221;66_33&#8243;][qode_elements_holder_item item_padding=&#8221;0 4%&#8221; vertical_alignment=&#8221;middle&#8221; horizontal_alignment=&#8221;left&#8221; advanced_animations=&#8221;no&#8221;][vc_column_text] Idea and concept [\/vc_column_text][vc_empty_space height=&#8221;39px&#8221;][vc_column_text]The objective of the project \u201c PLAN OF POPULATION REDISTRIBUTION FOR FAMILIES FROM URBAN MARGINAL NEIGHBORHOODS: CONSTRUCTION OF SELF SUSTAINABLE RURAL PRODUCTIVE&#8230;<\/p>\n","protected":false},"author":1,"featured_media":0,"parent":143,"menu_order":0,"comment_status":"closed","ping_status":"closed","template":"full_width.php","meta":[],"yoast_head":"<!-- This site is optimized with the Yoast SEO plugin v20.5 - https:\/\/yoast.com\/wordpress\/plugins\/seo\/ -->\n<title>Idea and concept - Ser Humanos<\/title>\n<meta name=\"robots\" content=\"index, follow, max-snippet:-1, max-image-preview:large, max-video-preview:-1\" \/>\n<link rel=\"canonical\" href=\"https:\/\/serhumanos.org\/de\/projekt\/konzept\/\" \/>\n<meta property=\"og:locale\" content=\"en_US\" \/>\n<meta property=\"og:type\" content=\"article\" \/>\n<meta property=\"og:title\" content=\"Idea and concept - Ser Humanos\" \/>\n<meta property=\"og:description\" content=\"[vc_row css_animation=&#8221;&#8221; row_type=&#8221;row&#8221; use_row_as_full_screen_section=&#8221;no&#8221; type=&#8221;grid&#8221; angled_section=&#8221;no&#8221; text_align=&#8221;center&#8221; background_image_as_pattern=&#8221;without_pattern&#8221; css=&#8221;.vc_custom_1478097559129{padding-top: 103px !important;}&#8221;][vc_column][qode_elements_holder background_color=&#8221;#f6f6f6&#8243; number_of_columns=&#8221;two_columns&#8221; columns_proportion=&#8221;66_33&#8243;][qode_elements_holder_item item_padding=&#8221;0 4%&#8221; vertical_alignment=&#8221;middle&#8221; horizontal_alignment=&#8221;left&#8221; advanced_animations=&#8221;no&#8221;][vc_column_text] Idea and concept [\/vc_column_text][vc_empty_space height=&#8221;39px&#8221;][vc_column_text]The objective of the project \u201c PLAN OF POPULATION REDISTRIBUTION FOR FAMILIES FROM URBAN MARGINAL NEIGHBORHOODS: CONSTRUCTION OF SELF SUSTAINABLE RURAL PRODUCTIVE...\" \/>\n<meta property=\"og:url\" content=\"https:\/\/serhumanos.org\/de\/projekt\/konzept\/\" \/>\n<meta property=\"og:site_name\" content=\"Ser Humanos\" \/>\n<meta property=\"article:modified_time\" content=\"2023-03-02T17:16:12+00:00\" \/>\n<meta name=\"twitter:card\" content=\"summary_large_image\" \/>\n<meta name=\"twitter:label1\" content=\"Est. reading time\" \/>\n\t<meta name=\"twitter:data1\" content=\"13 minutes\" \/>\n<script type=\"application\/ld+json\" class=\"yoast-schema-graph\">{\"@context\":\"https:\/\/schema.org\",\"@graph\":[{\"@type\":\"WebPage\",\"@id\":\"https:\/\/serhumanos.org\/de\/projekt\/konzept\/\",\"url\":\"https:\/\/serhumanos.org\/de\/projekt\/konzept\/\",\"name\":\"Idea and concept - Ser Humanos\",\"isPartOf\":{\"@id\":\"https:\/\/serhumanos.org\/de\/#website\"},\"datePublished\":\"2018-03-04T23:47:25+00:00\",\"dateModified\":\"2023-03-02T17:16:12+00:00\",\"breadcrumb\":{\"@id\":\"https:\/\/serhumanos.org\/de\/projekt\/konzept\/#breadcrumb\"},\"inLanguage\":\"en-US\",\"potentialAction\":[{\"@type\":\"ReadAction\",\"target\":[\"https:\/\/serhumanos.org\/de\/projekt\/konzept\/\"]}]},{\"@type\":\"BreadcrumbList\",\"@id\":\"https:\/\/serhumanos.org\/de\/projekt\/konzept\/#breadcrumb\",\"itemListElement\":[{\"@type\":\"ListItem\",\"position\":1,\"name\":\"Portada\",\"item\":\"https:\/\/serhumanos.org\/\"},{\"@type\":\"ListItem\",\"position\":2,\"name\":\"PROJEKT\",\"item\":\"https:\/\/serhumanos.org\/de\/projekt\/\"},{\"@type\":\"ListItem\",\"position\":3,\"name\":\"Idee und Konzept\"}]},{\"@type\":\"WebSite\",\"@id\":\"https:\/\/serhumanos.org\/de\/#website\",\"url\":\"https:\/\/serhumanos.org\/de\/\",\"name\":\"Ser Humanos\",\"description\":\"Ayuda a familias carenciadas de C\u00f3rdoba, Argentina\",\"potentialAction\":[{\"@type\":\"SearchAction\",\"target\":{\"@type\":\"EntryPoint\",\"urlTemplate\":\"https:\/\/serhumanos.org\/de\/?s={search_term_string}\"},\"query-input\":\"required name=search_term_string\"}],\"inLanguage\":\"en-US\"}]}<\/script>\n<!-- \/ Yoast SEO plugin. -->","yoast_head_json":{"title":"Idea and concept - Ser Humanos","robots":{"index":"index","follow":"follow","max-snippet":"max-snippet:-1","max-image-preview":"max-image-preview:large","max-video-preview":"max-video-preview:-1"},"canonical":"https:\/\/serhumanos.org\/de\/projekt\/konzept\/","og_locale":"en_US","og_type":"article","og_title":"Idea and concept - Ser Humanos","og_description":"[vc_row css_animation=&#8221;&#8221; row_type=&#8221;row&#8221; use_row_as_full_screen_section=&#8221;no&#8221; type=&#8221;grid&#8221; angled_section=&#8221;no&#8221; text_align=&#8221;center&#8221; background_image_as_pattern=&#8221;without_pattern&#8221; css=&#8221;.vc_custom_1478097559129{padding-top: 103px !important;}&#8221;][vc_column][qode_elements_holder background_color=&#8221;#f6f6f6&#8243; number_of_columns=&#8221;two_columns&#8221; columns_proportion=&#8221;66_33&#8243;][qode_elements_holder_item item_padding=&#8221;0 4%&#8221; vertical_alignment=&#8221;middle&#8221; horizontal_alignment=&#8221;left&#8221; advanced_animations=&#8221;no&#8221;][vc_column_text] Idea and concept [\/vc_column_text][vc_empty_space height=&#8221;39px&#8221;][vc_column_text]The objective of the project \u201c PLAN OF POPULATION REDISTRIBUTION FOR FAMILIES FROM URBAN MARGINAL NEIGHBORHOODS: CONSTRUCTION OF SELF SUSTAINABLE RURAL PRODUCTIVE...","og_url":"https:\/\/serhumanos.org\/de\/projekt\/konzept\/","og_site_name":"Ser Humanos","article_modified_time":"2023-03-02T17:16:12+00:00","twitter_card":"summary_large_image","twitter_misc":{"Est. reading time":"13 minutes"},"schema":{"@context":"https:\/\/schema.org","@graph":[{"@type":"WebPage","@id":"https:\/\/serhumanos.org\/de\/projekt\/konzept\/","url":"https:\/\/serhumanos.org\/de\/projekt\/konzept\/","name":"Idea and concept - Ser Humanos","isPartOf":{"@id":"https:\/\/serhumanos.org\/de\/#website"},"datePublished":"2018-03-04T23:47:25+00:00","dateModified":"2023-03-02T17:16:12+00:00","breadcrumb":{"@id":"https:\/\/serhumanos.org\/de\/projekt\/konzept\/#breadcrumb"},"inLanguage":"en-US","potentialAction":[{"@type":"ReadAction","target":["https:\/\/serhumanos.org\/de\/projekt\/konzept\/"]}]},{"@type":"BreadcrumbList","@id":"https:\/\/serhumanos.org\/de\/projekt\/konzept\/#breadcrumb","itemListElement":[{"@type":"ListItem","position":1,"name":"Portada","item":"https:\/\/serhumanos.org\/"},{"@type":"ListItem","position":2,"name":"PROJEKT","item":"https:\/\/serhumanos.org\/de\/projekt\/"},{"@type":"ListItem","position":3,"name":"Idee und Konzept"}]},{"@type":"WebSite","@id":"https:\/\/serhumanos.org\/de\/#website","url":"https:\/\/serhumanos.org\/de\/","name":"Ser Humanos","description":"Ayuda a familias carenciadas de C\u00f3rdoba, Argentina","potentialAction":[{"@type":"SearchAction","target":{"@type":"EntryPoint","urlTemplate":"https:\/\/serhumanos.org\/de\/?s={search_term_string}"},"query-input":"required name=search_term_string"}],"inLanguage":"en-US"}]}},"_links":{"self":[{"href":"https:\/\/serhumanos.org\/en\/wp-json\/wp\/v2\/pages\/331"}],"collection":[{"href":"https:\/\/serhumanos.org\/en\/wp-json\/wp\/v2\/pages"}],"about":[{"href":"https:\/\/serhumanos.org\/en\/wp-json\/wp\/v2\/types\/page"}],"author":[{"embeddable":true,"href":"https:\/\/serhumanos.org\/en\/wp-json\/wp\/v2\/users\/1"}],"replies":[{"embeddable":true,"href":"https:\/\/serhumanos.org\/en\/wp-json\/wp\/v2\/comments?post=331"}],"version-history":[{"count":61,"href":"https:\/\/serhumanos.org\/en\/wp-json\/wp\/v2\/pages\/331\/revisions"}],"predecessor-version":[{"id":1108,"href":"https:\/\/serhumanos.org\/en\/wp-json\/wp\/v2\/pages\/331\/revisions\/1108"}],"up":[{"embeddable":true,"href":"https:\/\/serhumanos.org\/en\/wp-json\/wp\/v2\/pages\/143"}],"wp:attachment":[{"href":"https:\/\/serhumanos.org\/en\/wp-json\/wp\/v2\/media?parent=331"}],"curies":[{"name":"wp","href":"https:\/\/api.w.org\/{rel}","templated":true}]}}