{"id":353,"date":"2018-03-05T00:55:12","date_gmt":"2018-03-05T00:55:12","guid":{"rendered":"http:\/\/serhumanos.org\/?page_id=353"},"modified":"2021-04-22T15:35:55","modified_gmt":"2021-04-22T15:35:55","slug":"fundamento","status":"publish","type":"page","link":"https:\/\/serhumanos.org\/en\/project\/fundamento-porque\/","title":{"rendered":"Fundamento &#8211; porqu\u00e9"},"content":{"rendered":"<p>[vc_row css_animation=&#8221;&#8221; row_type=&#8221;row&#8221; use_row_as_full_screen_section=&#8221;no&#8221; type=&#8221;grid&#8221; angled_section=&#8221;no&#8221; text_align=&#8221;left&#8221; background_image_as_pattern=&#8221;without_pattern&#8221; z_index=&#8221;&#8221;][vc_column][vc_empty_space][\/vc_column][\/vc_row][vc_row css_animation=&#8221;&#8221; row_type=&#8221;row&#8221; use_row_as_full_screen_section=&#8221;no&#8221; type=&#8221;grid&#8221; angled_section=&#8221;no&#8221; text_align=&#8221;left&#8221; background_image_as_pattern=&#8221;without_pattern&#8221; z_index=&#8221;&#8221;][vc_column][qode_elements_holder number_of_columns=&#8221;two_columns&#8221; columns_proportion=&#8221;25_75&#8243;][qode_elements_holder_item background_color=&#8221;#ffffff&#8221; item_padding=&#8221;0.4%&#8221; vertical_alignment=&#8221;top&#8221; horizontal_alignment=&#8221;left&#8221; advanced_animations=&#8221;no&#8221;][vc_empty_space]<div class='service_table_holder' style='border-style:solid;border-width:15pxpx;border-color:#ffffff;'><ul class='service_table_inner'><li class='service_table_title_holder background_color_type' style='background-color: #d8cccb;'><div class='service_table_title_inner'><div class='service_table_title_inner2'><h3 class='service_title' style=''>Argentina<\/h3><\/div><\/div><\/li><li class='service_table_content' style='background-color: #c5aba5;'><\/p>\n<ul>\n<li><span style=\"color: #ffffff;\">Superficie: 2.780.400 km\u00b2<\/span><\/li>\n<li><span style=\"color: #ffffff;\">Poblaci\u00f3n: 44.044.811<\/span><\/li>\n<li><span style=\"color: #ffffff;\">Densidad pobl.: 5,84 hab.\/km\u00b2<\/span><\/li>\n<li><span style=\"color: #ffffff;\">PBI: USD\u00a0927.875 millones<\/span><\/li>\n<li><span style=\"color: #ffffff;\">PBI p. capita: USD 22.404<\/span><\/li>\n<\/ul>\n<p><\/li><\/ul><\/div>[vc_empty_space][vc_column_text]<\/p>\n<h5>Densidad poblacional<\/h5>\n<p>[\/vc_column_text][vc_single_image image=&#8221;423&#8243; img_size=&#8221;large&#8221; qode_css_animation=&#8221;&#8221;]<a  itemprop=\"url\" href=\"http:\/\/serhumanos.org\/proyecto\/concepto\/\" target=\"_self\"  class=\"qbutton  medium default\" style=\"margin: 5px 5px 5px 5px; \">Idea y concepto<\/a><a  itemprop=\"url\" href=\"http:\/\/serhumanos.org\/proyecto\/plan-de-accion\/\" target=\"_self\"  class=\"qbutton  medium default\" style=\"margin: 5px 5px 5px 5px; \">Plan de acci\u00f3n<\/a>[\/qode_elements_holder_item][qode_elements_holder_item background_color=&#8221;#ffffff&#8221; item_padding=&#8221;0 4%&#8221; advanced_animations=&#8221;no&#8221;][vc_empty_space][vc_column_text]A pesar de una <strong>rica y gran diversidad de recursos naturales<\/strong> (petr\u00f3leo, gas natural, carb\u00f3n, metales nobles, sales) y una producci\u00f3n agr\u00edcola ganadera importante\u00a0debido a las peculiaridades geogr\u00e1ficas, seg\u00fan datos oficiales, <strong>aproximadamente la tercera parte de la\u00a0poblaci\u00f3n argentina vive por debajo del l\u00edmite de pobreza<\/strong>. Seg\u00fan datos no oficiales son a\u00fan muchos m\u00e1s.<\/p>\n<p>Desde la \u00e9poca colonial la Argentina exporta minerales y alimentos. Los puertos como Rosario y Buenos Aires ten\u00edan una gran demanda laboral e incentivaban a ciertos sectores de la poblaci\u00f3n del interior de las provincias a migrar a las urbes en busca de mejores condiciones de vida. Durante los \u00faltimos 30 a\u00f1os, por diferentes pol\u00edticas internacionales de agro exportaci\u00f3n, esta demanda de alimentos y de trabajo se concentr\u00f3 en pocas manos privadas dejando a muchas familias sin trabajo. En los \u00faltimos a\u00f1os, las familias provenientes del interior, han sido empujadas a los centros urbanos por el avance de la mega miner\u00eda y del monocultivo de soja principalmente.<\/p>\n<p>Al llegar a las ciudades, las familias que no cuentan con recursos econ\u00f3micos y capacitaci\u00f3n no son absorbidas por el mercado laboral, quedando en situaci\u00f3n de marginalidad, estableci\u00e9ndose en sitios habitacionales de gran precariedad tales como \u201cVillas Miserias\u201d (barrios urbano-marginales), careciendo de los servicios m\u00e1s elementales. <strong>Las\u00a0familias de las villas miseria viven en condiciones de hacinamiento<\/strong>, y en la gran mayor\u00eda de los casos sin acceso al sistema de abastecimiento, de agua potable, de recolecci\u00f3n de basura, de salud, de educaci\u00f3n, etc.<\/p>\n<p>Estas circunstancias tienen un efecto especial en la vida de los ni\u00f1os y j\u00f3venes\u00a0que forman la mayor parte de los habitantes pobres. Seg\u00fan del INDEC (Instituto Nacional de Estadisticas y censos de la Argentina), <strong>el 47% de los ni\u00f1os argentinos menores de 14 a\u00f1os son pobres<\/strong>. Solamente un 60 % de todos los ni\u00f1os argentinos terminan la escuela, m\u00e1s de 422. 000 ni\u00f1os la dejan despu\u00e9s de la primaria. <strong>La tasa de trabajo infantil se sit\u00faa en un 31%<\/strong>.<\/p>\n<p>[\/vc_column_text][vc_column_text]<\/p>\n<div id=\"attachment_976\" style=\"width: 285px\" class=\"wp-caption alignright\"><a href=\"https:\/\/www.indec.gob.ar\/uploads\/informesdeprensa\/eph_pobreza_02_2082FA92E916.pdf\" target=\"_blank\" rel=\"noopener noreferrer\"><img aria-describedby=\"caption-attachment-976\" decoding=\"async\" loading=\"lazy\" class=\"wp-image-976\" src=\"http:\/\/serhumanos.org\/wp-content\/uploads\/2021\/04\/Indec_2021-300x300.png\" alt=\"\" width=\"275\" height=\"274\" srcset=\"https:\/\/serhumanos.org\/wp-content\/uploads\/2021\/04\/Indec_2021-300x300.png 300w, https:\/\/serhumanos.org\/wp-content\/uploads\/2021\/04\/Indec_2021-150x150.png 150w, https:\/\/serhumanos.org\/wp-content\/uploads\/2021\/04\/Indec_2021.png 423w\" sizes=\"(max-width: 275px) 100vw, 275px\" \/><\/a><p id=\"caption-attachment-976\" class=\"wp-caption-text\">Pobreza e Indigencia. INDEC 2020<\/p><\/div>\n<p>Este tipo de estad\u00edsticas sobre pobreza, indigencia, desnutrici\u00f3n, etc. van siempre en crecimiento en una Argentina d\u00f3nde cada vez que hay una crisis econ\u00f3mica las villas se multiplican y d\u00f3nde pol\u00edticamente es m\u00e1s importante tener un auto con el tanque lleno de biodiesel que un ni\u00f1o bien alimentado.<\/p>\n<p>El abandono social y la falta de oportunidades generan en muchos casos el cirujeo, violencia familiar, vicios, delincuencia, etc. Una degradaci\u00f3n del individuo con la p\u00e9rdida de sus valores y su dignidad. En estos barrios marginales se encuentran familias con m\u00e1s de seis generaciones de desnutridos, an\u00e9micos, con malformaciones f\u00edsicas y discapacidades.[\/vc_column_text][vc_empty_space][\/qode_elements_holder_item][\/qode_elements_holder][\/vc_column][\/vc_row][vc_row css_animation=&#8221;&#8221; row_type=&#8221;row&#8221; use_row_as_full_screen_section=&#8221;no&#8221; type=&#8221;full_width&#8221; angled_section=&#8221;no&#8221; text_align=&#8221;left&#8221; background_image_as_pattern=&#8221;without_pattern&#8221;][vc_column][vc_empty_space height=&#8221;32&#8243;][\/vc_column][\/vc_row]<\/p>","protected":false},"excerpt":{"rendered":"<p>[vc_row css_animation=&#8221;&#8221; row_type=&#8221;row&#8221; use_row_as_full_screen_section=&#8221;no&#8221; type=&#8221;grid&#8221; angled_section=&#8221;no&#8221; text_align=&#8221;left&#8221; background_image_as_pattern=&#8221;without_pattern&#8221; z_index=&#8221;&#8221;][vc_column][vc_empty_space][\/vc_column][\/vc_row][vc_row css_animation=&#8221;&#8221; row_type=&#8221;row&#8221; use_row_as_full_screen_section=&#8221;no&#8221; type=&#8221;grid&#8221; angled_section=&#8221;no&#8221; text_align=&#8221;left&#8221; background_image_as_pattern=&#8221;without_pattern&#8221; z_index=&#8221;&#8221;][vc_column][qode_elements_holder number_of_columns=&#8221;two_columns&#8221; columns_proportion=&#8221;25_75&#8243;][qode_elements_holder_item background_color=&#8221;#ffffff&#8221; item_padding=&#8221;0.4%&#8221; vertical_alignment=&#8221;top&#8221; horizontal_alignment=&#8221;left&#8221; advanced_animations=&#8221;no&#8221;][vc_empty_space][vc_empty_space][vc_column_text] Densidad poblacional [\/vc_column_text][vc_single_image image=&#8221;423&#8243; img_size=&#8221;large&#8221; qode_css_animation=&#8221;&#8221;][\/qode_elements_holder_item][qode_elements_holder_item background_color=&#8221;#ffffff&#8221; item_padding=&#8221;0 4%&#8221; advanced_animations=&#8221;no&#8221;][vc_empty_space][vc_column_text]A pesar de una rica y gran diversidad de recursos naturales (petr\u00f3leo,&#8230;<\/p>\n","protected":false},"author":1,"featured_media":0,"parent":143,"menu_order":0,"comment_status":"closed","ping_status":"closed","template":"full_width.php","meta":[],"yoast_head":"<!-- This site is optimized with the Yoast SEO plugin v20.5 - https:\/\/yoast.com\/wordpress\/plugins\/seo\/ -->\n<title>Fundamento - porqu\u00e9 - Ser Humanos<\/title>\n<meta name=\"robots\" content=\"index, follow, max-snippet:-1, max-image-preview:large, max-video-preview:-1\" \/>\n<link rel=\"canonical\" href=\"https:\/\/serhumanos.org\/de\/projekt\/warum\/\" \/>\n<meta property=\"og:locale\" content=\"en_US\" \/>\n<meta property=\"og:type\" content=\"article\" \/>\n<meta property=\"og:title\" content=\"Fundamento - porqu\u00e9 - Ser Humanos\" \/>\n<meta property=\"og:description\" content=\"[vc_row css_animation=&#8221;&#8221; row_type=&#8221;row&#8221; use_row_as_full_screen_section=&#8221;no&#8221; type=&#8221;grid&#8221; angled_section=&#8221;no&#8221; text_align=&#8221;left&#8221; background_image_as_pattern=&#8221;without_pattern&#8221; z_index=&#8221;&#8221;][vc_column][vc_empty_space][\/vc_column][\/vc_row][vc_row css_animation=&#8221;&#8221; row_type=&#8221;row&#8221; use_row_as_full_screen_section=&#8221;no&#8221; type=&#8221;grid&#8221; angled_section=&#8221;no&#8221; text_align=&#8221;left&#8221; background_image_as_pattern=&#8221;without_pattern&#8221; z_index=&#8221;&#8221;][vc_column][qode_elements_holder number_of_columns=&#8221;two_columns&#8221; columns_proportion=&#8221;25_75&#8243;][qode_elements_holder_item background_color=&#8221;#ffffff&#8221; item_padding=&#8221;0.4%&#8221; vertical_alignment=&#8221;top&#8221; horizontal_alignment=&#8221;left&#8221; advanced_animations=&#8221;no&#8221;][vc_empty_space][vc_empty_space][vc_column_text] Densidad poblacional [\/vc_column_text][vc_single_image image=&#8221;423&#8243; img_size=&#8221;large&#8221; qode_css_animation=&#8221;&#8221;][\/qode_elements_holder_item][qode_elements_holder_item background_color=&#8221;#ffffff&#8221; item_padding=&#8221;0 4%&#8221; advanced_animations=&#8221;no&#8221;][vc_empty_space][vc_column_text]A pesar de una rica y gran diversidad de recursos naturales (petr\u00f3leo,...\" \/>\n<meta property=\"og:url\" content=\"https:\/\/serhumanos.org\/de\/projekt\/warum\/\" \/>\n<meta property=\"og:site_name\" content=\"Ser Humanos\" \/>\n<meta property=\"article:modified_time\" content=\"2021-04-22T15:35:55+00:00\" \/>\n<meta property=\"og:image\" content=\"http:\/\/serhumanos.org\/wp-content\/uploads\/2021\/04\/Indec_2021-300x300.png\" \/>\n<meta name=\"twitter:card\" content=\"summary_large_image\" \/>\n<meta name=\"twitter:label1\" content=\"Est. reading time\" \/>\n\t<meta name=\"twitter:data1\" content=\"12 minutes\" \/>\n<script type=\"application\/ld+json\" class=\"yoast-schema-graph\">{\"@context\":\"https:\/\/schema.org\",\"@graph\":[{\"@type\":\"WebPage\",\"@id\":\"https:\/\/serhumanos.org\/de\/projekt\/warum\/\",\"url\":\"https:\/\/serhumanos.org\/de\/projekt\/warum\/\",\"name\":\"Fundamento - porqu\u00e9 - Ser Humanos\",\"isPartOf\":{\"@id\":\"https:\/\/serhumanos.org\/de\/#website\"},\"datePublished\":\"2018-03-05T00:55:12+00:00\",\"dateModified\":\"2021-04-22T15:35:55+00:00\",\"breadcrumb\":{\"@id\":\"https:\/\/serhumanos.org\/de\/projekt\/warum\/#breadcrumb\"},\"inLanguage\":\"en-US\",\"potentialAction\":[{\"@type\":\"ReadAction\",\"target\":[\"https:\/\/serhumanos.org\/de\/projekt\/warum\/\"]}]},{\"@type\":\"BreadcrumbList\",\"@id\":\"https:\/\/serhumanos.org\/de\/projekt\/warum\/#breadcrumb\",\"itemListElement\":[{\"@type\":\"ListItem\",\"position\":1,\"name\":\"Portada\",\"item\":\"https:\/\/serhumanos.org\/\"},{\"@type\":\"ListItem\",\"position\":2,\"name\":\"PROJEKT\",\"item\":\"https:\/\/serhumanos.org\/de\/projekt\/\"},{\"@type\":\"ListItem\",\"position\":3,\"name\":\"Grundlage &#8211; Warum\"}]},{\"@type\":\"WebSite\",\"@id\":\"https:\/\/serhumanos.org\/de\/#website\",\"url\":\"https:\/\/serhumanos.org\/de\/\",\"name\":\"Ser Humanos\",\"description\":\"Ayuda a familias carenciadas de C\u00f3rdoba, Argentina\",\"potentialAction\":[{\"@type\":\"SearchAction\",\"target\":{\"@type\":\"EntryPoint\",\"urlTemplate\":\"https:\/\/serhumanos.org\/de\/?s={search_term_string}\"},\"query-input\":\"required name=search_term_string\"}],\"inLanguage\":\"en-US\"}]}<\/script>\n<!-- \/ Yoast SEO plugin. -->","yoast_head_json":{"title":"Fundamento - porqu\u00e9 - Ser Humanos","robots":{"index":"index","follow":"follow","max-snippet":"max-snippet:-1","max-image-preview":"max-image-preview:large","max-video-preview":"max-video-preview:-1"},"canonical":"https:\/\/serhumanos.org\/de\/projekt\/warum\/","og_locale":"en_US","og_type":"article","og_title":"Fundamento - porqu\u00e9 - Ser Humanos","og_description":"[vc_row css_animation=&#8221;&#8221; row_type=&#8221;row&#8221; use_row_as_full_screen_section=&#8221;no&#8221; type=&#8221;grid&#8221; angled_section=&#8221;no&#8221; text_align=&#8221;left&#8221; background_image_as_pattern=&#8221;without_pattern&#8221; z_index=&#8221;&#8221;][vc_column][vc_empty_space][\/vc_column][\/vc_row][vc_row css_animation=&#8221;&#8221; row_type=&#8221;row&#8221; use_row_as_full_screen_section=&#8221;no&#8221; type=&#8221;grid&#8221; angled_section=&#8221;no&#8221; text_align=&#8221;left&#8221; background_image_as_pattern=&#8221;without_pattern&#8221; z_index=&#8221;&#8221;][vc_column][qode_elements_holder number_of_columns=&#8221;two_columns&#8221; columns_proportion=&#8221;25_75&#8243;][qode_elements_holder_item background_color=&#8221;#ffffff&#8221; item_padding=&#8221;0.4%&#8221; vertical_alignment=&#8221;top&#8221; horizontal_alignment=&#8221;left&#8221; advanced_animations=&#8221;no&#8221;][vc_empty_space][vc_empty_space][vc_column_text] Densidad poblacional [\/vc_column_text][vc_single_image image=&#8221;423&#8243; img_size=&#8221;large&#8221; qode_css_animation=&#8221;&#8221;][\/qode_elements_holder_item][qode_elements_holder_item background_color=&#8221;#ffffff&#8221; item_padding=&#8221;0 4%&#8221; advanced_animations=&#8221;no&#8221;][vc_empty_space][vc_column_text]A pesar de una rica y gran diversidad de recursos naturales (petr\u00f3leo,...","og_url":"https:\/\/serhumanos.org\/de\/projekt\/warum\/","og_site_name":"Ser Humanos","article_modified_time":"2021-04-22T15:35:55+00:00","og_image":[{"url":"http:\/\/serhumanos.org\/wp-content\/uploads\/2021\/04\/Indec_2021-300x300.png"}],"twitter_card":"summary_large_image","twitter_misc":{"Est. reading time":"12 minutes"},"schema":{"@context":"https:\/\/schema.org","@graph":[{"@type":"WebPage","@id":"https:\/\/serhumanos.org\/de\/projekt\/warum\/","url":"https:\/\/serhumanos.org\/de\/projekt\/warum\/","name":"Fundamento - porqu\u00e9 - Ser Humanos","isPartOf":{"@id":"https:\/\/serhumanos.org\/de\/#website"},"datePublished":"2018-03-05T00:55:12+00:00","dateModified":"2021-04-22T15:35:55+00:00","breadcrumb":{"@id":"https:\/\/serhumanos.org\/de\/projekt\/warum\/#breadcrumb"},"inLanguage":"en-US","potentialAction":[{"@type":"ReadAction","target":["https:\/\/serhumanos.org\/de\/projekt\/warum\/"]}]},{"@type":"BreadcrumbList","@id":"https:\/\/serhumanos.org\/de\/projekt\/warum\/#breadcrumb","itemListElement":[{"@type":"ListItem","position":1,"name":"Portada","item":"https:\/\/serhumanos.org\/"},{"@type":"ListItem","position":2,"name":"PROJEKT","item":"https:\/\/serhumanos.org\/de\/projekt\/"},{"@type":"ListItem","position":3,"name":"Grundlage &#8211; Warum"}]},{"@type":"WebSite","@id":"https:\/\/serhumanos.org\/de\/#website","url":"https:\/\/serhumanos.org\/de\/","name":"Ser Humanos","description":"Ayuda a familias carenciadas de C\u00f3rdoba, Argentina","potentialAction":[{"@type":"SearchAction","target":{"@type":"EntryPoint","urlTemplate":"https:\/\/serhumanos.org\/de\/?s={search_term_string}"},"query-input":"required name=search_term_string"}],"inLanguage":"en-US"}]}},"_links":{"self":[{"href":"https:\/\/serhumanos.org\/en\/wp-json\/wp\/v2\/pages\/353"}],"collection":[{"href":"https:\/\/serhumanos.org\/en\/wp-json\/wp\/v2\/pages"}],"about":[{"href":"https:\/\/serhumanos.org\/en\/wp-json\/wp\/v2\/types\/page"}],"author":[{"embeddable":true,"href":"https:\/\/serhumanos.org\/en\/wp-json\/wp\/v2\/users\/1"}],"replies":[{"embeddable":true,"href":"https:\/\/serhumanos.org\/en\/wp-json\/wp\/v2\/comments?post=353"}],"version-history":[{"count":47,"href":"https:\/\/serhumanos.org\/en\/wp-json\/wp\/v2\/pages\/353\/revisions"}],"predecessor-version":[{"id":983,"href":"https:\/\/serhumanos.org\/en\/wp-json\/wp\/v2\/pages\/353\/revisions\/983"}],"up":[{"embeddable":true,"href":"https:\/\/serhumanos.org\/en\/wp-json\/wp\/v2\/pages\/143"}],"wp:attachment":[{"href":"https:\/\/serhumanos.org\/en\/wp-json\/wp\/v2\/media?parent=353"}],"curies":[{"name":"wp","href":"https:\/\/api.w.org\/{rel}","templated":true}]}}