{"id":456,"date":"2018-03-08T07:11:47","date_gmt":"2018-03-08T07:11:47","guid":{"rendered":"http:\/\/serhumanos.org\/?page_id=456"},"modified":"2018-06-04T10:10:10","modified_gmt":"2018-06-04T10:10:10","slug":"principios","status":"publish","type":"page","link":"https:\/\/serhumanos.org\/en\/project\/principios\/","title":{"rendered":"PRINCIPIOS"},"content":{"rendered":"<p>[vc_row css_animation=&#8221;&#8221; row_type=&#8221;row&#8221; use_row_as_full_screen_section=&#8221;no&#8221; type=&#8221;grid&#8221; angled_section=&#8221;no&#8221; text_align=&#8221;center&#8221; background_image_as_pattern=&#8221;without_pattern&#8221; css=&#8221;.vc_custom_1478097559129{padding-top: 103px !important;}&#8221;][vc_column][qode_elements_holder background_color=&#8221;#f6f6f6&#8243; number_of_columns=&#8221;one_column&#8221;][qode_elements_holder_item item_padding=&#8221;0 4%&#8221; vertical_alignment=&#8221;middle&#8221; horizontal_alignment=&#8221;left&#8221; advanced_animations=&#8221;no&#8221;][vc_column_text]Estos enunciados han sido escritos con el objetivo de fomentar los ideales que contienen y que dentro y fuera de la comunidad tratemos conscientemente de llevarlos a la pr\u00e1ctica.<\/p>\n<p>Consideramos que los mismos son b\u00e1sicamente buenos para una mayor y mejor convivencia sana.[\/vc_column_text][vc_empty_space height=&#8221;42px&#8221;][\/qode_elements_holder_item][\/qode_elements_holder][\/vc_column][\/vc_row][vc_row css_animation=&#8221;&#8221; row_type=&#8221;row&#8221; use_row_as_full_screen_section=&#8221;no&#8221; type=&#8221;grid&#8221; angled_section=&#8221;no&#8221; text_align=&#8221;center&#8221; background_image_as_pattern=&#8221;without_pattern&#8221; z_index=&#8221;&#8221;][vc_column width=&#8221;1\/3&#8243;][vc_empty_space][vc_single_image image=&#8221;499&#8243; img_size=&#8221;large&#8221; qode_css_animation=&#8221;&#8221;][\/vc_column][vc_column width=&#8221;2\/3&#8243;][vc_empty_space height=&#8221;16px&#8221;][qode_elements_holder background_color=&#8221;#f6f6f6&#8243; number_of_columns=&#8221;one_column&#8221;][qode_elements_holder_item vertical_alignment=&#8221;middle&#8221; horizontal_alignment=&#8221;left&#8221; advanced_animations=&#8221;no&#8221;][vc_column_text]1.\u00a0 Amar al pr\u00f3jimo como yo deseo ser amado, entendiendo esto como un respeto extremo, tratando de llevar a cabo esta acci\u00f3n con la mayor armon\u00eda, y tolerancia posible, respetando tambi\u00e9n la diversidad y libertad de elecci\u00f3n de cada persona, siempre y cuando esto no vaya en detrimento de ninguna persona en particular, ni del conjunto o\u00a0 la comunidad en general.[\/vc_column_text][vc_empty_space height=&#8221;16px&#8221;][vc_column_text]2.\u00a0 El Respeto: la libertad de las personas de relacionarse sin discriminaci\u00f3n y sin enga\u00f1os de ning\u00fan tipo (robos, mentiras, etc), es decir, la practica constante de la honestidad y la sinceridad en un ambiente solidario.[\/vc_column_text][vc_empty_space height=&#8221;16px&#8221;][vc_column_text]3.\u00a0 Buscar constantemente la evoluci\u00f3n buena y sana, desde lo personal hacia la Familia y la comunidad.[\/vc_column_text][vc_empty_space height=&#8221;16px&#8221;][vc_column_text]4.\u00a0 Respetar la Naturaleza, aprovechando siempre lo justo y necesario, preservando y manteniendo el equilibrio en nuestro intercambio con ella para una vida feliz. No abusar de lo que Dios y\/o la Naturaleza nos da.[\/vc_column_text][vc_empty_space height=&#8221;16px&#8221;][vc_column_text]5.\u00a0 Buscar sana\u00a0 y honestamente el desarrollo econ\u00f3mico y social. En lo particular, fomentando aptitudes, como as\u00ed tambi\u00e9n apoyando los proyectos que de \u00e9stas surjan; y en lo general contribuyendo al desarrollo de las actividades en com\u00fan, bas\u00e1ndonos siempre en el trabajo solidario y la cooperaci\u00f3n honesta entre todos.[\/vc_column_text][vc_empty_space height=&#8221;16px&#8221;][\/qode_elements_holder_item][\/qode_elements_holder][\/vc_column][\/vc_row][vc_row css_animation=&#8221;&#8221; row_type=&#8221;row&#8221; use_row_as_full_screen_section=&#8221;no&#8221; type=&#8221;full_width&#8221; angled_section=&#8221;no&#8221; text_align=&#8221;left&#8221; background_image_as_pattern=&#8221;without_pattern&#8221;][vc_column][vc_empty_space][\/vc_column][\/vc_row]<\/p>","protected":false},"excerpt":{"rendered":"<p>[vc_row css_animation=&#8221;&#8221; row_type=&#8221;row&#8221; use_row_as_full_screen_section=&#8221;no&#8221; type=&#8221;grid&#8221; angled_section=&#8221;no&#8221; text_align=&#8221;center&#8221; background_image_as_pattern=&#8221;without_pattern&#8221; css=&#8221;.vc_custom_1478097559129{padding-top: 103px !important;}&#8221;][vc_column][qode_elements_holder background_color=&#8221;#f6f6f6&#8243; number_of_columns=&#8221;one_column&#8221;][qode_elements_holder_item item_padding=&#8221;0 4%&#8221; vertical_alignment=&#8221;middle&#8221; horizontal_alignment=&#8221;left&#8221; advanced_animations=&#8221;no&#8221;][vc_column_text]Estos enunciados han sido escritos con el objetivo de fomentar los ideales que contienen y que dentro y fuera de la comunidad tratemos conscientemente de llevarlos a la&#8230;<\/p>\n","protected":false},"author":1,"featured_media":0,"parent":143,"menu_order":0,"comment_status":"closed","ping_status":"closed","template":"full_width.php","meta":[],"yoast_head":"<!-- This site is optimized with the Yoast SEO plugin v20.5 - https:\/\/yoast.com\/wordpress\/plugins\/seo\/ -->\n<title>PRINCIPIOS - Ser Humanos<\/title>\n<meta name=\"robots\" content=\"index, follow, max-snippet:-1, max-image-preview:large, max-video-preview:-1\" \/>\n<link rel=\"canonical\" href=\"https:\/\/serhumanos.org\/de\/projekt\/grundsatze\/\" \/>\n<meta property=\"og:locale\" content=\"en_US\" \/>\n<meta property=\"og:type\" content=\"article\" \/>\n<meta property=\"og:title\" content=\"PRINCIPIOS - Ser Humanos\" \/>\n<meta property=\"og:description\" content=\"[vc_row css_animation=&#8221;&#8221; row_type=&#8221;row&#8221; use_row_as_full_screen_section=&#8221;no&#8221; type=&#8221;grid&#8221; angled_section=&#8221;no&#8221; text_align=&#8221;center&#8221; background_image_as_pattern=&#8221;without_pattern&#8221; css=&#8221;.vc_custom_1478097559129{padding-top: 103px !important;}&#8221;][vc_column][qode_elements_holder background_color=&#8221;#f6f6f6&#8243; number_of_columns=&#8221;one_column&#8221;][qode_elements_holder_item item_padding=&#8221;0 4%&#8221; vertical_alignment=&#8221;middle&#8221; horizontal_alignment=&#8221;left&#8221; advanced_animations=&#8221;no&#8221;][vc_column_text]Estos enunciados han sido escritos con el objetivo de fomentar los ideales que contienen y que dentro y fuera de la comunidad tratemos conscientemente de llevarlos a la...\" \/>\n<meta property=\"og:url\" content=\"https:\/\/serhumanos.org\/de\/projekt\/grundsatze\/\" \/>\n<meta property=\"og:site_name\" content=\"Ser Humanos\" \/>\n<meta property=\"article:modified_time\" content=\"2018-06-04T10:10:10+00:00\" \/>\n<meta name=\"twitter:card\" content=\"summary_large_image\" \/>\n<meta name=\"twitter:label1\" content=\"Est. reading time\" \/>\n\t<meta name=\"twitter:data1\" content=\"8 minutes\" \/>\n<script type=\"application\/ld+json\" class=\"yoast-schema-graph\">{\"@context\":\"https:\/\/schema.org\",\"@graph\":[{\"@type\":\"WebPage\",\"@id\":\"https:\/\/serhumanos.org\/de\/projekt\/grundsatze\/\",\"url\":\"https:\/\/serhumanos.org\/de\/projekt\/grundsatze\/\",\"name\":\"PRINCIPIOS - Ser Humanos\",\"isPartOf\":{\"@id\":\"https:\/\/serhumanos.org\/de\/#website\"},\"datePublished\":\"2018-03-08T07:11:47+00:00\",\"dateModified\":\"2018-06-04T10:10:10+00:00\",\"breadcrumb\":{\"@id\":\"https:\/\/serhumanos.org\/de\/projekt\/grundsatze\/#breadcrumb\"},\"inLanguage\":\"en-US\",\"potentialAction\":[{\"@type\":\"ReadAction\",\"target\":[\"https:\/\/serhumanos.org\/de\/projekt\/grundsatze\/\"]}]},{\"@type\":\"BreadcrumbList\",\"@id\":\"https:\/\/serhumanos.org\/de\/projekt\/grundsatze\/#breadcrumb\",\"itemListElement\":[{\"@type\":\"ListItem\",\"position\":1,\"name\":\"Portada\",\"item\":\"https:\/\/serhumanos.org\/\"},{\"@type\":\"ListItem\",\"position\":2,\"name\":\"PROJEKT\",\"item\":\"https:\/\/serhumanos.org\/de\/projekt\/\"},{\"@type\":\"ListItem\",\"position\":3,\"name\":\"GRUNDS\u00c4TZE\"}]},{\"@type\":\"WebSite\",\"@id\":\"https:\/\/serhumanos.org\/de\/#website\",\"url\":\"https:\/\/serhumanos.org\/de\/\",\"name\":\"Ser Humanos\",\"description\":\"Ayuda a familias carenciadas de C\u00f3rdoba, Argentina\",\"potentialAction\":[{\"@type\":\"SearchAction\",\"target\":{\"@type\":\"EntryPoint\",\"urlTemplate\":\"https:\/\/serhumanos.org\/de\/?s={search_term_string}\"},\"query-input\":\"required name=search_term_string\"}],\"inLanguage\":\"en-US\"}]}<\/script>\n<!-- \/ Yoast SEO plugin. -->","yoast_head_json":{"title":"PRINCIPIOS - Ser Humanos","robots":{"index":"index","follow":"follow","max-snippet":"max-snippet:-1","max-image-preview":"max-image-preview:large","max-video-preview":"max-video-preview:-1"},"canonical":"https:\/\/serhumanos.org\/de\/projekt\/grundsatze\/","og_locale":"en_US","og_type":"article","og_title":"PRINCIPIOS - Ser Humanos","og_description":"[vc_row css_animation=&#8221;&#8221; row_type=&#8221;row&#8221; use_row_as_full_screen_section=&#8221;no&#8221; type=&#8221;grid&#8221; angled_section=&#8221;no&#8221; text_align=&#8221;center&#8221; background_image_as_pattern=&#8221;without_pattern&#8221; css=&#8221;.vc_custom_1478097559129{padding-top: 103px !important;}&#8221;][vc_column][qode_elements_holder background_color=&#8221;#f6f6f6&#8243; number_of_columns=&#8221;one_column&#8221;][qode_elements_holder_item item_padding=&#8221;0 4%&#8221; vertical_alignment=&#8221;middle&#8221; horizontal_alignment=&#8221;left&#8221; advanced_animations=&#8221;no&#8221;][vc_column_text]Estos enunciados han sido escritos con el objetivo de fomentar los ideales que contienen y que dentro y fuera de la comunidad tratemos conscientemente de llevarlos a la...","og_url":"https:\/\/serhumanos.org\/de\/projekt\/grundsatze\/","og_site_name":"Ser Humanos","article_modified_time":"2018-06-04T10:10:10+00:00","twitter_card":"summary_large_image","twitter_misc":{"Est. reading time":"8 minutes"},"schema":{"@context":"https:\/\/schema.org","@graph":[{"@type":"WebPage","@id":"https:\/\/serhumanos.org\/de\/projekt\/grundsatze\/","url":"https:\/\/serhumanos.org\/de\/projekt\/grundsatze\/","name":"PRINCIPIOS - Ser Humanos","isPartOf":{"@id":"https:\/\/serhumanos.org\/de\/#website"},"datePublished":"2018-03-08T07:11:47+00:00","dateModified":"2018-06-04T10:10:10+00:00","breadcrumb":{"@id":"https:\/\/serhumanos.org\/de\/projekt\/grundsatze\/#breadcrumb"},"inLanguage":"en-US","potentialAction":[{"@type":"ReadAction","target":["https:\/\/serhumanos.org\/de\/projekt\/grundsatze\/"]}]},{"@type":"BreadcrumbList","@id":"https:\/\/serhumanos.org\/de\/projekt\/grundsatze\/#breadcrumb","itemListElement":[{"@type":"ListItem","position":1,"name":"Portada","item":"https:\/\/serhumanos.org\/"},{"@type":"ListItem","position":2,"name":"PROJEKT","item":"https:\/\/serhumanos.org\/de\/projekt\/"},{"@type":"ListItem","position":3,"name":"GRUNDS\u00c4TZE"}]},{"@type":"WebSite","@id":"https:\/\/serhumanos.org\/de\/#website","url":"https:\/\/serhumanos.org\/de\/","name":"Ser Humanos","description":"Ayuda a familias carenciadas de C\u00f3rdoba, Argentina","potentialAction":[{"@type":"SearchAction","target":{"@type":"EntryPoint","urlTemplate":"https:\/\/serhumanos.org\/de\/?s={search_term_string}"},"query-input":"required name=search_term_string"}],"inLanguage":"en-US"}]}},"_links":{"self":[{"href":"https:\/\/serhumanos.org\/en\/wp-json\/wp\/v2\/pages\/456"}],"collection":[{"href":"https:\/\/serhumanos.org\/en\/wp-json\/wp\/v2\/pages"}],"about":[{"href":"https:\/\/serhumanos.org\/en\/wp-json\/wp\/v2\/types\/page"}],"author":[{"embeddable":true,"href":"https:\/\/serhumanos.org\/en\/wp-json\/wp\/v2\/users\/1"}],"replies":[{"embeddable":true,"href":"https:\/\/serhumanos.org\/en\/wp-json\/wp\/v2\/comments?post=456"}],"version-history":[{"count":10,"href":"https:\/\/serhumanos.org\/en\/wp-json\/wp\/v2\/pages\/456\/revisions"}],"predecessor-version":[{"id":686,"href":"https:\/\/serhumanos.org\/en\/wp-json\/wp\/v2\/pages\/456\/revisions\/686"}],"up":[{"embeddable":true,"href":"https:\/\/serhumanos.org\/en\/wp-json\/wp\/v2\/pages\/143"}],"wp:attachment":[{"href":"https:\/\/serhumanos.org\/en\/wp-json\/wp\/v2\/media?parent=456"}],"curies":[{"name":"wp","href":"https:\/\/api.w.org\/{rel}","templated":true}]}}