{"id":466,"date":"2018-03-13T13:07:25","date_gmt":"2018-03-13T13:07:25","guid":{"rendered":"http:\/\/serhumanos.org\/?page_id=466"},"modified":"2018-11-13T12:23:03","modified_gmt":"2018-11-13T12:23:03","slug":"plan-de-accion","status":"publish","type":"page","link":"https:\/\/serhumanos.org\/en\/project\/plan-of-action\/","title":{"rendered":"PLAN OF ACTION"},"content":{"rendered":"<p>[vc_row css_animation=&#8221;&#8221; row_type=&#8221;row&#8221; use_row_as_full_screen_section=&#8221;no&#8221; type=&#8221;grid&#8221; angled_section=&#8221;no&#8221; text_align=&#8221;center&#8221; background_image_as_pattern=&#8221;without_pattern&#8221; css=&#8221;.vc_custom_1478097559129{padding-top: 103px !important;}&#8221;][vc_column][vc_column_text]<\/p>\n<h3 style=\"text-align: left;\">Plan de acci\u00f3n<\/h3>\n<p>[\/vc_column_text][qode_elements_holder background_color=&#8221;#f6f6f6&#8243; number_of_columns=&#8221;one_column&#8221;][qode_elements_holder_item item_padding=&#8221;0 4%&#8221; vertical_alignment=&#8221;middle&#8221; horizontal_alignment=&#8221;left&#8221; advanced_animations=&#8221;no&#8221;][vc_empty_space height=&#8221;16px&#8221;][vc_column_text]Para obtener los resultados adecuados en tiempo y forma hemos dividido el proyecto en tres fases:[\/vc_column_text][vc_empty_space][\/qode_elements_holder_item][\/qode_elements_holder][\/vc_column][\/vc_row][vc_row css_animation=&#8221;&#8221; row_type=&#8221;row&#8221; use_row_as_full_screen_section=&#8221;no&#8221; type=&#8221;grid&#8221; angled_section=&#8221;no&#8221; text_align=&#8221;left&#8221; background_image_as_pattern=&#8221;without_pattern&#8221; z_index=&#8221;&#8221;][vc_column][qode_elements_holder number_of_columns=&#8221;two_columns&#8221; columns_proportion=&#8221;33_66&#8243;][qode_elements_holder_item background_color=&#8221;#ffffff&#8221; item_padding=&#8221;0.4%&#8221; advanced_animations=&#8221;no&#8221;][vc_empty_space height=&#8221;16px&#8221;]<div class='q_icon_with_title tiny circle '><div class=\"icon_holder \" style=\" \"><span data-icon-type=\"circle\"   class=\"qode_iwt_icon_holder fa-stack fa-lg  \" style=\"\"><i class=\"qode_icon_font_awesome fa fa-home qode_iwt_icon_element\" style=\"color: #70949d;\" ><\/i><\/span><\/div><div class=\"icon_text_holder\" style=\"\"><div class=\"icon_text_inner\" style=\"\"><h5 class=\"icon_title\" style=\"color: #70949d;\">1\u00aa Fase<\/h5><p style=''>\u2022 Planificaci\u00f3n general<br \/>\n\u2022 Recursos econ\u00f3micos<\/p><\/div><\/div><\/div><div class='q_icon_with_title tiny circle '><div class=\"icon_holder \" style=\" \"><span data-icon-type=\"circle\"   class=\"qode_iwt_icon_holder fa-stack fa-lg  \" style=\"\"><i class=\"qode_icon_font_awesome fa fa-child qode_iwt_icon_element\" style=\"color: #70949d;\" ><\/i><\/span><\/div><div class=\"icon_text_holder\" style=\"\"><div class=\"icon_text_inner\" style=\"\"><h5 class=\"icon_title\" style=\"color: #70949d;\">2\u00aa Fase<\/h5><p style=''>\u2022 Selecci\u00f3n de destinatarios<br \/>\n\u2022 Distribuci\u00f3n de espacios<br \/>\n\u2022 Construcci\u00f3n de viviendas y acondicionamiento del terreno<br \/>\n\u2022 Inicio de actividades productivas y de autoabastecimiento<br \/>\n\u2022 Capacitaci\u00f3n<br \/>\n\u2022 Talleres de contenci\u00f3n y acompa\u00f1amiento<\/p><\/div><\/div><\/div><div class='q_icon_with_title tiny circle '><div class=\"icon_holder \" style=\" \"><span data-icon-type=\"circle\"   class=\"qode_iwt_icon_holder fa-stack fa-lg  \" style=\"\"><i class=\"qode_icon_font_awesome fa fa-heart qode_iwt_icon_element\" style=\"color: #70949d;\" ><\/i><\/span><\/div><div class=\"icon_text_holder\" style=\"\"><div class=\"icon_text_inner\" style=\"\"><h5 class=\"icon_title\" style=\"color: #70949d;\">3\u00aa Fase<\/h5><p style=''>\u2022 Propulsi\u00f3n de los potenciales individuales<br \/>\n\u2022 Intercambio cultural<br \/>\n\u2022 Cambio de rol de Ser Humanos<\/p><\/div><\/div><\/div>[vc_empty_space height=&#8221;16px&#8221;][\/qode_elements_holder_item][qode_elements_holder_item item_padding=&#8221;0.8%&#8221; vertical_alignment=&#8221;top&#8221; horizontal_alignment=&#8221;left&#8221; advanced_animations=&#8221;no&#8221; item_padding_1280_1440=&#8221;0px 0px 0px 30px&#8221; item_padding_1024_1280=&#8221;0px 0px 0px 20px&#8221;][vc_column_text]El punto de partida para el trabajo con las familias fue encontrar <strong>un terreno en\u00a0la Provincia\u00a0de C\u00f3rdoba<\/strong>, d\u00f3nde desarrollar el proyecto.\u00a0Una vez que contamos con \u00a0el terreno, se desarroll\u00f3 junto a un <strong>equipo t\u00e9cnico<\/strong> el\u00a0concepto detallado y adaptado a dicho terreno. Con esto se pretende <strong>garantizar<\/strong>\u00a0la posibilidad del <strong>pleno autoabastecimiento<\/strong> del proyecto.<br \/>\nSe apunta a la creaci\u00f3n de una comunidad con espacios comunes como huertas, criadero de animales, carpinter\u00edas, talleres, y espacios para la recreaci\u00f3n.<\/p>\n<p>Tras haber elaborado este concepto detallado, se empezar\u00e1 con la <strong>selecci\u00f3n de las familias<\/strong>. Se determinar\u00e1n los niveles educativos de cada una de las personas, se empezar\u00e1 con el cuidado psicol\u00f3gico de los miembros familiares y se ofrecer\u00e1 un programa con actividades creativas, educativas y aconsejadoras.<\/p>\n<p>Se trabajar\u00e1 comunitaria y voluntariamente en la resocializaci\u00f3n de las familias favorecidas, siempre con vista a expandir el proyecto, <strong>de modo que no repercuta s\u00f3lo en unos pocos sino que a largo plazo ser\u00e1 capaz de cambiar la miseria en C\u00f3rdoba y en Argentina desde su ra\u00edz<\/strong>.<br \/>\nLa <strong>participaci\u00f3n de las familias en colaborar<\/strong> a aplicar, remodelar\u00a0y adaptar el proyecto en s\u00ed\u00a0ser\u00e1 decisiva en cada fase de la realizaci\u00f3n del mismo para que reconozcan el valor de \u00e9l. La voluntad de querer dejar las villas y as\u00ed tambi\u00e9n el circulo de la pasividad de la pobreza, de la violencia familiar, de la criminalidad y de la falta de educaci\u00f3n tiene que ser claramente notable.[\/vc_column_text][vc_empty_space height=&#8221;16px&#8221;][\/qode_elements_holder_item][\/qode_elements_holder][\/vc_column][\/vc_row][vc_row css_animation=&#8221;&#8221; row_type=&#8221;row&#8221; use_row_as_full_screen_section=&#8221;no&#8221; type=&#8221;full_width&#8221; angled_section=&#8221;no&#8221; text_align=&#8221;left&#8221; background_image_as_pattern=&#8221;without_pattern&#8221;][vc_column][vc_empty_space][\/vc_column][\/vc_row]<\/p>","protected":false},"excerpt":{"rendered":"<p>[vc_row css_animation=&#8221;&#8221; row_type=&#8221;row&#8221; use_row_as_full_screen_section=&#8221;no&#8221; type=&#8221;grid&#8221; angled_section=&#8221;no&#8221; text_align=&#8221;center&#8221; background_image_as_pattern=&#8221;without_pattern&#8221; css=&#8221;.vc_custom_1478097559129{padding-top: 103px !important;}&#8221;][vc_column][vc_column_text] Plan de acci\u00f3n [\/vc_column_text][qode_elements_holder background_color=&#8221;#f6f6f6&#8243; number_of_columns=&#8221;one_column&#8221;][qode_elements_holder_item item_padding=&#8221;0 4%&#8221; vertical_alignment=&#8221;middle&#8221; horizontal_alignment=&#8221;left&#8221; advanced_animations=&#8221;no&#8221;][vc_empty_space height=&#8221;16px&#8221;][vc_column_text]Para obtener los resultados adecuados en tiempo y forma hemos dividido el proyecto en tres fases:[\/vc_column_text][vc_empty_space][\/qode_elements_holder_item][\/qode_elements_holder][\/vc_column][\/vc_row][vc_row css_animation=&#8221;&#8221; row_type=&#8221;row&#8221; use_row_as_full_screen_section=&#8221;no&#8221; type=&#8221;grid&#8221; angled_section=&#8221;no&#8221; text_align=&#8221;left&#8221; background_image_as_pattern=&#8221;without_pattern&#8221;&#8230;<\/p>\n","protected":false},"author":1,"featured_media":0,"parent":143,"menu_order":0,"comment_status":"closed","ping_status":"closed","template":"full_width.php","meta":[],"yoast_head":"<!-- This site is optimized with the Yoast SEO plugin v20.5 - https:\/\/yoast.com\/wordpress\/plugins\/seo\/ -->\n<title>PLAN OF ACTION - Ser Humanos<\/title>\n<meta name=\"robots\" content=\"index, follow, max-snippet:-1, max-image-preview:large, max-video-preview:-1\" \/>\n<link rel=\"canonical\" href=\"https:\/\/serhumanos.org\/de\/projekt\/aktionsplan\/\" \/>\n<meta property=\"og:locale\" content=\"en_US\" \/>\n<meta property=\"og:type\" content=\"article\" \/>\n<meta property=\"og:title\" content=\"PLAN OF ACTION - Ser Humanos\" \/>\n<meta property=\"og:description\" content=\"[vc_row css_animation=&#8221;&#8221; row_type=&#8221;row&#8221; use_row_as_full_screen_section=&#8221;no&#8221; type=&#8221;grid&#8221; angled_section=&#8221;no&#8221; text_align=&#8221;center&#8221; background_image_as_pattern=&#8221;without_pattern&#8221; css=&#8221;.vc_custom_1478097559129{padding-top: 103px !important;}&#8221;][vc_column][vc_column_text] Plan de acci\u00f3n [\/vc_column_text][qode_elements_holder background_color=&#8221;#f6f6f6&#8243; number_of_columns=&#8221;one_column&#8221;][qode_elements_holder_item item_padding=&#8221;0 4%&#8221; vertical_alignment=&#8221;middle&#8221; horizontal_alignment=&#8221;left&#8221; advanced_animations=&#8221;no&#8221;][vc_empty_space height=&#8221;16px&#8221;][vc_column_text]Para obtener los resultados adecuados en tiempo y forma hemos dividido el proyecto en tres fases:[\/vc_column_text][vc_empty_space][\/qode_elements_holder_item][\/qode_elements_holder][\/vc_column][\/vc_row][vc_row css_animation=&#8221;&#8221; row_type=&#8221;row&#8221; use_row_as_full_screen_section=&#8221;no&#8221; type=&#8221;grid&#8221; angled_section=&#8221;no&#8221; text_align=&#8221;left&#8221; background_image_as_pattern=&#8221;without_pattern&#8221;...\" \/>\n<meta property=\"og:url\" content=\"https:\/\/serhumanos.org\/de\/projekt\/aktionsplan\/\" \/>\n<meta property=\"og:site_name\" content=\"Ser Humanos\" \/>\n<meta property=\"article:modified_time\" content=\"2018-11-13T12:23:03+00:00\" \/>\n<meta name=\"twitter:card\" content=\"summary_large_image\" \/>\n<meta name=\"twitter:label1\" content=\"Est. reading time\" \/>\n\t<meta name=\"twitter:data1\" content=\"10 minutes\" \/>\n<script type=\"application\/ld+json\" class=\"yoast-schema-graph\">{\"@context\":\"https:\/\/schema.org\",\"@graph\":[{\"@type\":\"WebPage\",\"@id\":\"https:\/\/serhumanos.org\/de\/projekt\/aktionsplan\/\",\"url\":\"https:\/\/serhumanos.org\/de\/projekt\/aktionsplan\/\",\"name\":\"PLAN OF ACTION - Ser Humanos\",\"isPartOf\":{\"@id\":\"https:\/\/serhumanos.org\/de\/#website\"},\"datePublished\":\"2018-03-13T13:07:25+00:00\",\"dateModified\":\"2018-11-13T12:23:03+00:00\",\"breadcrumb\":{\"@id\":\"https:\/\/serhumanos.org\/de\/projekt\/aktionsplan\/#breadcrumb\"},\"inLanguage\":\"en-US\",\"potentialAction\":[{\"@type\":\"ReadAction\",\"target\":[\"https:\/\/serhumanos.org\/de\/projekt\/aktionsplan\/\"]}]},{\"@type\":\"BreadcrumbList\",\"@id\":\"https:\/\/serhumanos.org\/de\/projekt\/aktionsplan\/#breadcrumb\",\"itemListElement\":[{\"@type\":\"ListItem\",\"position\":1,\"name\":\"Portada\",\"item\":\"https:\/\/serhumanos.org\/\"},{\"@type\":\"ListItem\",\"position\":2,\"name\":\"PROJEKT\",\"item\":\"https:\/\/serhumanos.org\/de\/projekt\/\"},{\"@type\":\"ListItem\",\"position\":3,\"name\":\"AKTIONSPLAN\"}]},{\"@type\":\"WebSite\",\"@id\":\"https:\/\/serhumanos.org\/de\/#website\",\"url\":\"https:\/\/serhumanos.org\/de\/\",\"name\":\"Ser Humanos\",\"description\":\"Ayuda a familias carenciadas de C\u00f3rdoba, Argentina\",\"potentialAction\":[{\"@type\":\"SearchAction\",\"target\":{\"@type\":\"EntryPoint\",\"urlTemplate\":\"https:\/\/serhumanos.org\/de\/?s={search_term_string}\"},\"query-input\":\"required name=search_term_string\"}],\"inLanguage\":\"en-US\"}]}<\/script>\n<!-- \/ Yoast SEO plugin. -->","yoast_head_json":{"title":"PLAN OF ACTION - Ser Humanos","robots":{"index":"index","follow":"follow","max-snippet":"max-snippet:-1","max-image-preview":"max-image-preview:large","max-video-preview":"max-video-preview:-1"},"canonical":"https:\/\/serhumanos.org\/de\/projekt\/aktionsplan\/","og_locale":"en_US","og_type":"article","og_title":"PLAN OF ACTION - Ser Humanos","og_description":"[vc_row css_animation=&#8221;&#8221; row_type=&#8221;row&#8221; use_row_as_full_screen_section=&#8221;no&#8221; type=&#8221;grid&#8221; angled_section=&#8221;no&#8221; text_align=&#8221;center&#8221; background_image_as_pattern=&#8221;without_pattern&#8221; css=&#8221;.vc_custom_1478097559129{padding-top: 103px !important;}&#8221;][vc_column][vc_column_text] Plan de acci\u00f3n [\/vc_column_text][qode_elements_holder background_color=&#8221;#f6f6f6&#8243; number_of_columns=&#8221;one_column&#8221;][qode_elements_holder_item item_padding=&#8221;0 4%&#8221; vertical_alignment=&#8221;middle&#8221; horizontal_alignment=&#8221;left&#8221; advanced_animations=&#8221;no&#8221;][vc_empty_space height=&#8221;16px&#8221;][vc_column_text]Para obtener los resultados adecuados en tiempo y forma hemos dividido el proyecto en tres fases:[\/vc_column_text][vc_empty_space][\/qode_elements_holder_item][\/qode_elements_holder][\/vc_column][\/vc_row][vc_row css_animation=&#8221;&#8221; row_type=&#8221;row&#8221; use_row_as_full_screen_section=&#8221;no&#8221; type=&#8221;grid&#8221; angled_section=&#8221;no&#8221; text_align=&#8221;left&#8221; background_image_as_pattern=&#8221;without_pattern&#8221;...","og_url":"https:\/\/serhumanos.org\/de\/projekt\/aktionsplan\/","og_site_name":"Ser Humanos","article_modified_time":"2018-11-13T12:23:03+00:00","twitter_card":"summary_large_image","twitter_misc":{"Est. reading time":"10 minutes"},"schema":{"@context":"https:\/\/schema.org","@graph":[{"@type":"WebPage","@id":"https:\/\/serhumanos.org\/de\/projekt\/aktionsplan\/","url":"https:\/\/serhumanos.org\/de\/projekt\/aktionsplan\/","name":"PLAN OF ACTION - Ser Humanos","isPartOf":{"@id":"https:\/\/serhumanos.org\/de\/#website"},"datePublished":"2018-03-13T13:07:25+00:00","dateModified":"2018-11-13T12:23:03+00:00","breadcrumb":{"@id":"https:\/\/serhumanos.org\/de\/projekt\/aktionsplan\/#breadcrumb"},"inLanguage":"en-US","potentialAction":[{"@type":"ReadAction","target":["https:\/\/serhumanos.org\/de\/projekt\/aktionsplan\/"]}]},{"@type":"BreadcrumbList","@id":"https:\/\/serhumanos.org\/de\/projekt\/aktionsplan\/#breadcrumb","itemListElement":[{"@type":"ListItem","position":1,"name":"Portada","item":"https:\/\/serhumanos.org\/"},{"@type":"ListItem","position":2,"name":"PROJEKT","item":"https:\/\/serhumanos.org\/de\/projekt\/"},{"@type":"ListItem","position":3,"name":"AKTIONSPLAN"}]},{"@type":"WebSite","@id":"https:\/\/serhumanos.org\/de\/#website","url":"https:\/\/serhumanos.org\/de\/","name":"Ser Humanos","description":"Ayuda a familias carenciadas de C\u00f3rdoba, Argentina","potentialAction":[{"@type":"SearchAction","target":{"@type":"EntryPoint","urlTemplate":"https:\/\/serhumanos.org\/de\/?s={search_term_string}"},"query-input":"required name=search_term_string"}],"inLanguage":"en-US"}]}},"_links":{"self":[{"href":"https:\/\/serhumanos.org\/en\/wp-json\/wp\/v2\/pages\/466"}],"collection":[{"href":"https:\/\/serhumanos.org\/en\/wp-json\/wp\/v2\/pages"}],"about":[{"href":"https:\/\/serhumanos.org\/en\/wp-json\/wp\/v2\/types\/page"}],"author":[{"embeddable":true,"href":"https:\/\/serhumanos.org\/en\/wp-json\/wp\/v2\/users\/1"}],"replies":[{"embeddable":true,"href":"https:\/\/serhumanos.org\/en\/wp-json\/wp\/v2\/comments?post=466"}],"version-history":[{"count":30,"href":"https:\/\/serhumanos.org\/en\/wp-json\/wp\/v2\/pages\/466\/revisions"}],"predecessor-version":[{"id":925,"href":"https:\/\/serhumanos.org\/en\/wp-json\/wp\/v2\/pages\/466\/revisions\/925"}],"up":[{"embeddable":true,"href":"https:\/\/serhumanos.org\/en\/wp-json\/wp\/v2\/pages\/143"}],"wp:attachment":[{"href":"https:\/\/serhumanos.org\/en\/wp-json\/wp\/v2\/media?parent=466"}],"curies":[{"name":"wp","href":"https:\/\/api.w.org\/{rel}","templated":true}]}}