{"id":527,"date":"2018-03-15T15:06:58","date_gmt":"2018-03-15T15:06:58","guid":{"rendered":"http:\/\/serhumanos.org\/?page_id=527"},"modified":"2018-06-06T18:54:21","modified_gmt":"2018-06-06T18:54:21","slug":"participar","status":"publish","type":"page","link":"https:\/\/serhumanos.org\/en\/take-part\/","title":{"rendered":"PARTICIPAR"},"content":{"rendered":"<p><\/p>\n<p>[vc_row css_animation=&#8221;&#8221; row_type=&#8221;row&#8221; use_row_as_full_screen_section=&#8221;no&#8221; type=&#8221;grid&#8221; angled_section=&#8221;no&#8221; text_align=&#8221;center&#8221; background_image_as_pattern=&#8221;without_pattern&#8221; css=&#8221;.vc_custom_1478097559129{padding-top: 103px !important;}&#8221;][vc_column][qode_elements_holder background_color=&#8221;#f6f6f6&#8243; number_of_columns=&#8221;one_column&#8221;][qode_elements_holder_item item_padding=&#8221;0 4%&#8221; vertical_alignment=&#8221;top&#8221; horizontal_alignment=&#8221;left&#8221; advanced_animations=&#8221;no&#8221;][vc_column_text]<\/p>\n<h3>Aportar un grano de arena<\/h3>\n<p>[\/vc_column_text][vc_empty_space height=&#8221;16px&#8221;][vc_column_text]\u00bfDespertamos su inter\u00e9s en SER HUMANOS? \u00a1Bien! \u00bfSe pregunta c\u00f3mo puede colaborar? \u00a1Todav\u00eda mejor!<\/p>\n<p>&nbsp;<\/p>\n<p>Somos una Asociaci\u00f3n que para llegar a cumplir sus objetivos da muchos pasos &#8211; grandes y peque\u00f1os. Nos interesa mucho combinar el trabajo social con el cultural. Toda idea es bienvenida &#8211; no importa de cu\u00e1nto tiempo se disponga.<\/p>\n<p>&nbsp;<\/p>\n<p>Buscamos voluntarios tanto para Ser Humanos e.V. en Alemania (para organizar eventos, hacer contactos con posibles patrocinadores o llevar a cabo la contabilidad, entre otras cosas) como para Ser Humanos Argentina.<\/p>\n<p>Cada par de manos puede dar su peque\u00f1a contribuci\u00f3n para algo grande. Por eso buscamos por ejemplo en Argentina agricultores, m\u00e9dicos, psic\u00f3logos, profesores, arquitectos, ingenieros, trabajadores sociales, artesanos o personas que tengan ganas de colaborar.<\/p>\n<p>Tambi\u00e9n ofrecemos pr\u00e1cticas no-remuneradas.<\/p>\n<p>&nbsp;<\/p>\n<p>Para poder solucionar un problema humano, se necesita la colaboraci\u00f3n de seres humanos que quieran trabajar conjuntamente en una soluci\u00f3n.<br \/>\nCont\u00e1ctenos v\u00eda e-mail a <span style=\"color: #0000ff;\"><a style=\"color: #0000ff;\" href=\"mailto:info@serhumanos.org\">info@serhumanos.org<\/a><\/span>[\/vc_column_text][vc_empty_space height=&#8221;70px&#8221;][\/qode_elements_holder_item][\/qode_elements_holder][\/vc_column][\/vc_row][vc_row css_animation=&#8221;&#8221; row_type=&#8221;row&#8221; use_row_as_full_screen_section=&#8221;no&#8221; type=&#8221;full_width&#8221; angled_section=&#8221;no&#8221; text_align=&#8221;center&#8221; background_image_as_pattern=&#8221;without_pattern&#8221; css=&#8221;.vc_custom_1521129915683{padding-top: 30px !important;padding-bottom: 30px !important;background-color: #70949d !important;}&#8221; z_index=&#8221;&#8221;][vc_column][vc_column_text]<\/p>\n<h6><span style=\"color: #ffffff;\">Donaciones en especie<br \/>\n<\/span><\/h6>\n<p>[\/vc_column_text][\/vc_column][\/vc_row][vc_row css_animation=&#8221;&#8221; row_type=&#8221;row&#8221; use_row_as_full_screen_section=&#8221;no&#8221; type=&#8221;grid&#8221; angled_section=&#8221;no&#8221; text_align=&#8221;left&#8221; background_image_as_pattern=&#8221;without_pattern&#8221; z_index=&#8221;&#8221;][vc_column][vc_empty_space][qode_elements_holder number_of_columns=&#8221;one_column&#8221;][qode_elements_holder_item item_padding=&#8221;0 4%&#8221; advanced_animations=&#8221;no&#8221;][vc_column_text]A continuaci\u00f3n encontrar\u00e1 <strong>una lista de materiales y herramientas<\/strong> que son especialmente importantes para la realizaci\u00f3n de nuestros proyectos. Lamentablemente, todav\u00eda no disponemos de los medios \u00e9con\u00f3micos para obtener las herramientas necesarias, por este motivo <strong>contamos con su apoyo<\/strong>. <a href=\"mailto:info@serhumanos.org\"><span style=\"color: #3366ff;\">Cont\u00e1ctenos<\/span><\/a>[\/vc_column_text][\/qode_elements_holder_item][\/qode_elements_holder][\/vc_column][\/vc_row][vc_row css_animation=&#8221;&#8221; row_type=&#8221;row&#8221; use_row_as_full_screen_section=&#8221;no&#8221; type=&#8221;grid&#8221; angled_section=&#8221;no&#8221; text_align=&#8221;left&#8221; background_image_as_pattern=&#8221;without_pattern&#8221; z_index=&#8221;&#8221;][vc_column width=&#8221;2\/3&#8243; css=&#8221;.vc_custom_1521135008774{padding-left: 20px !important;}&#8221;][vc_empty_space][qode_elements_holder number_of_columns=&#8221;one_column&#8221; alignment_one_column=&#8221;left&#8221;][qode_elements_holder_item advanced_animations=&#8221;no&#8221; item_padding_1280_1440=&#8221;0px 10px 0px 0px&#8221;]<div class='q_icon_with_title tiny normal_icon '><div class=\"icon_holder \" style=\" \"><span data-icon-type=\"normal\"   style=\"\" class=\"qode_iwt_icon_holder q_font_awsome_icon fa-lg  \"><i class=\"qode_icon_font_awesome fa  qode_iwt_icon_element\" style=\"\" ><\/i><\/span><\/div><div class=\"icon_text_holder\" style=\"\"><div class=\"icon_text_inner\" style=\"\"><h5 class=\"icon_title\" style=\"color: #70949d;\">Financiamiento<\/h5><p style=''>Donaciones o un padrinazgo para personas, familias y\/o acciones de SER HUMANOS son de gran ayuda para el crecimiento de nuestro proyecto. A largo plazo, se busca un autofinanciamiento total del mismo.<\/p><\/div><\/div><\/div><div class='q_icon_with_title tiny normal_icon '><div class=\"icon_holder \" style=\" \"><span data-icon-type=\"normal\"   style=\"\" class=\"qode_iwt_icon_holder q_font_awsome_icon fa-lg  \"><i class=\"qode_icon_font_awesome fa  qode_iwt_icon_element\" style=\"\" ><\/i><\/span><\/div><div class=\"icon_text_holder\" style=\"\"><div class=\"icon_text_inner\" style=\"\"><h5 class=\"icon_title\" style=\"color: #70949d;\">Herramientas<\/h5><p style=''><strong>Herramientas: <\/strong>Para la construcci\u00f3n y mantenimiento. Herramientas de mano a bateria o combustible para el trabajo de campo, como trilladoras, cosechadoras, sembradoras, tractor, etc.<br \/>\n<strong>Pantallas Solares: <\/strong>Para garantizar el abastecimiento energ\u00e9tico en el terreno.<br \/>\n<strong>Materiales para la Construcci\u00f3n: <\/strong>Chapas, cemento, cal, arena, hierro, madera, etc.<br \/>\n<strong>Muebles<\/strong>: Mesas, sillas, muebles de cocina, camas, armarios, escritorios, etc.<\/p><\/div><\/div><\/div><div class='q_icon_with_title tiny normal_icon '><div class=\"icon_holder \" style=\" \"><span data-icon-type=\"normal\"   style=\"\" class=\"qode_iwt_icon_holder q_font_awsome_icon fa-lg  \"><i class=\"qode_icon_font_awesome fa  qode_iwt_icon_element\" style=\"\" ><\/i><\/span><\/div><div class=\"icon_text_holder\" style=\"\"><div class=\"icon_text_inner\" style=\"\"><h5 class=\"icon_title\" style=\"color: #70949d;\">Veh\u00edculo<\/h5><p style=''><strong>Camioneta o cami\u00f3n:<\/strong> Transportes para personas y materiales \u00fatiles para el desarrollo del proyecto como materiales para la construcci\u00f3n, herramientas, alimentos, medicamentos, etc.<\/p><\/div><\/div><\/div><div class='q_icon_with_title tiny normal_icon '><div class=\"icon_holder \" style=\" \"><span data-icon-type=\"normal\"   style=\"\" class=\"qode_iwt_icon_holder q_font_awsome_icon fa-lg  \"><i class=\"qode_icon_font_awesome fa  qode_iwt_icon_element\" style=\"\" ><\/i><\/span><\/div><div class=\"icon_text_holder\" style=\"\"><div class=\"icon_text_inner\" style=\"\"><h5 class=\"icon_title\" style=\"color: #70949d;\">Alimentos<\/h5><p style=''>Todo tipo de alimento es necesario para empezar. A largo plazo, se buscar\u00e1 implementar un sistema de autoabastecimiento de alimentos.<br \/>\n<strong>Ganado y Aves: <\/strong>Vacunos, ovinos, porcinos, caprinos, gallinas ponedoras, etc.<br \/>\n<strong>Semillas: <\/strong>Todo tipo de semillas de frutas y verduras aptas para la regi\u00f3n en la que se desarrolla el proyecto.<\/p><\/div><\/div><\/div><div class='q_icon_with_title tiny normal_icon '><div class=\"icon_holder \" style=\" \"><span data-icon-type=\"normal\"   style=\"\" class=\"qode_iwt_icon_holder q_font_awsome_icon fa-lg  \"><i class=\"qode_icon_font_awesome fa  qode_iwt_icon_element\" style=\"\" ><\/i><\/span><\/div><div class=\"icon_text_holder\" style=\"\"><div class=\"icon_text_inner\" style=\"\"><h5 class=\"icon_title\" style=\"color: #70949d;\">Salud<\/h5><p style=''>M\u00e9dicos, medicamentos y seguros m\u00e9dicos son esenciales para la salud de las familias. <\/p><\/div><\/div><\/div><div class='q_icon_with_title tiny normal_icon '><div class=\"icon_holder \" style=\" \"><span data-icon-type=\"normal\"   style=\"\" class=\"qode_iwt_icon_holder q_font_awsome_icon fa-lg  \"><i class=\"qode_icon_font_awesome fa  qode_iwt_icon_element\" style=\"\" ><\/i><\/span><\/div><div class=\"icon_text_holder\" style=\"\"><div class=\"icon_text_inner\" style=\"\"><h5 class=\"icon_title\" style=\"color: #70949d;\">Ropa<\/h5><p style=''>Zapatillas, ropa de trabajo, de invierno, para hacer deportes y todo tipo de vestimenta en buen estado es importante para el bienestar y la comodidad de las familias.<\/p><\/div><\/div><\/div><div class='q_icon_with_title tiny normal_icon '><div class=\"icon_holder \" style=\" \"><span data-icon-type=\"normal\"   style=\"\" class=\"qode_iwt_icon_holder q_font_awsome_icon fa-lg  \"><i class=\"qode_icon_font_awesome fa  qode_iwt_icon_element\" style=\"\" ><\/i><\/span><\/div><div class=\"icon_text_holder\" style=\"\"><div class=\"icon_text_inner\" style=\"\"><h5 class=\"icon_title\" style=\"color: #70949d;\">Educaci\u00f3n<\/h5><p style=''>Libros, \u00fatiles escolares, becas, apadrinamiento de ni\u00f1os, computadoras, etc.<\/p><\/div><\/div><\/div>[\/qode_elements_holder_item][\/qode_elements_holder][\/vc_column][vc_column width=&#8221;1\/3&#8243;][vc_empty_space height=&#8221;48px&#8221;][qode_elements_holder number_of_columns=&#8221;one_column&#8221; alignment_one_column=&#8221;center&#8221;][qode_elements_holder_item advanced_animations=&#8221;no&#8221; item_padding_1280_1440=&#8221;0px 40px 0px 60px&#8221;]<a  itemprop=\"url\" href=\"http:\/\/serhumanos.org\/donaciones\/\" target=\"_self\"  class=\"qbutton  medium center default\" style=\"\">Donaciones<\/a>[vc_empty_space height=&#8221;40px&#8221;][\/qode_elements_holder_item][\/qode_elements_holder][qode_elements_holder number_of_columns=&#8221;one_column&#8221;][qode_elements_holder_item advanced_animations=&#8221;no&#8221; item_padding_1280_1440=&#8221;0px 30px 0px 30px&#8221;]<div class='image_hover hovered' style='' data-transition-delay=''><div class='images_holder'><img itemprop='image' class='active_image ' src='https:\/\/serhumanos.org\/wp-content\/uploads\/2018\/03\/Participar_jardin.png' alt='' style='' \/><img itemprop='image' class='hover_image' src='https:\/\/serhumanos.org\/wp-content\/uploads\/2018\/03\/Participar_compu.png' alt='' style='' \/><\/div><\/div>[vc_empty_space]<div class='image_hover hovered' style='' data-transition-delay=''><div class='images_holder'><img itemprop='image' class='active_image ' src='https:\/\/serhumanos.org\/wp-content\/uploads\/2018\/03\/Participar_bajofondo.png' alt='' style='' \/><img itemprop='image' class='hover_image' src='https:\/\/serhumanos.org\/wp-content\/uploads\/2018\/03\/Participar_chiringo.png' alt='' style='' \/><\/div><\/div>[\/qode_elements_holder_item][\/qode_elements_holder][\/vc_column][\/vc_row][vc_row css_animation=&#8221;&#8221; row_type=&#8221;row&#8221; use_row_as_full_screen_section=&#8221;no&#8221; type=&#8221;full_width&#8221; angled_section=&#8221;no&#8221; text_align=&#8221;left&#8221; background_image_as_pattern=&#8221;without_pattern&#8221;][vc_column][vc_column_text][\/vc_column_text][\/vc_column][\/vc_row]<\/p>\n<p><\/p>","protected":false},"excerpt":{"rendered":"<p>[vc_row css_animation=&#8221;&#8221; row_type=&#8221;row&#8221; use_row_as_full_screen_section=&#8221;no&#8221; type=&#8221;grid&#8221; angled_section=&#8221;no&#8221; text_align=&#8221;center&#8221; background_image_as_pattern=&#8221;without_pattern&#8221; css=&#8221;.vc_custom_1478097559129{padding-top: 103px !important;}&#8221;][vc_column][qode_elements_holder background_color=&#8221;#f6f6f6&#8243; number_of_columns=&#8221;one_column&#8221;][qode_elements_holder_item item_padding=&#8221;0 4%&#8221; vertical_alignment=&#8221;top&#8221; horizontal_alignment=&#8221;left&#8221; advanced_animations=&#8221;no&#8221;][vc_column_text] Aportar un grano de arena [\/vc_column_text][vc_empty_space height=&#8221;16px&#8221;][vc_column_text]\u00bfDespertamos su inter\u00e9s en SER HUMANOS? \u00a1Bien! \u00bfSe pregunta c\u00f3mo puede colaborar? \u00a1Todav\u00eda mejor! &nbsp; Somos una Asociaci\u00f3n que para llegar&#8230;<\/p>\n","protected":false},"author":1,"featured_media":0,"parent":0,"menu_order":0,"comment_status":"closed","ping_status":"closed","template":"full_width.php","meta":[],"yoast_head":"<!-- This site is optimized with the Yoast SEO plugin v20.5 - https:\/\/yoast.com\/wordpress\/plugins\/seo\/ -->\n<title>PARTICIPAR - Ser Humanos<\/title>\n<meta name=\"robots\" content=\"index, follow, max-snippet:-1, max-image-preview:large, max-video-preview:-1\" \/>\n<link rel=\"canonical\" href=\"https:\/\/serhumanos.org\/de\/mitwirken\/\" \/>\n<meta property=\"og:locale\" content=\"en_US\" \/>\n<meta property=\"og:type\" content=\"article\" \/>\n<meta property=\"og:title\" content=\"PARTICIPAR - Ser Humanos\" \/>\n<meta property=\"og:description\" content=\"[vc_row css_animation=&#8221;&#8221; row_type=&#8221;row&#8221; use_row_as_full_screen_section=&#8221;no&#8221; type=&#8221;grid&#8221; angled_section=&#8221;no&#8221; text_align=&#8221;center&#8221; background_image_as_pattern=&#8221;without_pattern&#8221; css=&#8221;.vc_custom_1478097559129{padding-top: 103px !important;}&#8221;][vc_column][qode_elements_holder background_color=&#8221;#f6f6f6&#8243; number_of_columns=&#8221;one_column&#8221;][qode_elements_holder_item item_padding=&#8221;0 4%&#8221; vertical_alignment=&#8221;top&#8221; horizontal_alignment=&#8221;left&#8221; advanced_animations=&#8221;no&#8221;][vc_column_text] Aportar un grano de arena [\/vc_column_text][vc_empty_space height=&#8221;16px&#8221;][vc_column_text]\u00bfDespertamos su inter\u00e9s en SER HUMANOS? \u00a1Bien! \u00bfSe pregunta c\u00f3mo puede colaborar? \u00a1Todav\u00eda mejor! &nbsp; Somos una Asociaci\u00f3n que para llegar...\" \/>\n<meta property=\"og:url\" content=\"https:\/\/serhumanos.org\/de\/mitwirken\/\" \/>\n<meta property=\"og:site_name\" content=\"Ser Humanos\" \/>\n<meta property=\"article:modified_time\" content=\"2018-06-06T18:54:21+00:00\" \/>\n<meta name=\"twitter:card\" content=\"summary_large_image\" \/>\n<meta name=\"twitter:label1\" content=\"Est. reading time\" \/>\n\t<meta name=\"twitter:data1\" content=\"16 minutes\" \/>\n<script type=\"application\/ld+json\" class=\"yoast-schema-graph\">{\"@context\":\"https:\/\/schema.org\",\"@graph\":[{\"@type\":\"WebPage\",\"@id\":\"https:\/\/serhumanos.org\/de\/mitwirken\/\",\"url\":\"https:\/\/serhumanos.org\/de\/mitwirken\/\",\"name\":\"PARTICIPAR - Ser Humanos\",\"isPartOf\":{\"@id\":\"https:\/\/serhumanos.org\/de\/#website\"},\"datePublished\":\"2018-03-15T15:06:58+00:00\",\"dateModified\":\"2018-06-06T18:54:21+00:00\",\"breadcrumb\":{\"@id\":\"https:\/\/serhumanos.org\/de\/mitwirken\/#breadcrumb\"},\"inLanguage\":\"en-US\",\"potentialAction\":[{\"@type\":\"ReadAction\",\"target\":[\"https:\/\/serhumanos.org\/de\/mitwirken\/\"]}]},{\"@type\":\"BreadcrumbList\",\"@id\":\"https:\/\/serhumanos.org\/de\/mitwirken\/#breadcrumb\",\"itemListElement\":[{\"@type\":\"ListItem\",\"position\":1,\"name\":\"Portada\",\"item\":\"https:\/\/serhumanos.org\/\"},{\"@type\":\"ListItem\",\"position\":2,\"name\":\"MITWIRKEN\"}]},{\"@type\":\"WebSite\",\"@id\":\"https:\/\/serhumanos.org\/de\/#website\",\"url\":\"https:\/\/serhumanos.org\/de\/\",\"name\":\"Ser Humanos\",\"description\":\"Ayuda a familias carenciadas de C\u00f3rdoba, Argentina\",\"potentialAction\":[{\"@type\":\"SearchAction\",\"target\":{\"@type\":\"EntryPoint\",\"urlTemplate\":\"https:\/\/serhumanos.org\/de\/?s={search_term_string}\"},\"query-input\":\"required name=search_term_string\"}],\"inLanguage\":\"en-US\"}]}<\/script>\n<!-- \/ Yoast SEO plugin. -->","yoast_head_json":{"title":"PARTICIPAR - Ser Humanos","robots":{"index":"index","follow":"follow","max-snippet":"max-snippet:-1","max-image-preview":"max-image-preview:large","max-video-preview":"max-video-preview:-1"},"canonical":"https:\/\/serhumanos.org\/de\/mitwirken\/","og_locale":"en_US","og_type":"article","og_title":"PARTICIPAR - Ser Humanos","og_description":"[vc_row css_animation=&#8221;&#8221; row_type=&#8221;row&#8221; use_row_as_full_screen_section=&#8221;no&#8221; type=&#8221;grid&#8221; angled_section=&#8221;no&#8221; text_align=&#8221;center&#8221; background_image_as_pattern=&#8221;without_pattern&#8221; css=&#8221;.vc_custom_1478097559129{padding-top: 103px !important;}&#8221;][vc_column][qode_elements_holder background_color=&#8221;#f6f6f6&#8243; number_of_columns=&#8221;one_column&#8221;][qode_elements_holder_item item_padding=&#8221;0 4%&#8221; vertical_alignment=&#8221;top&#8221; horizontal_alignment=&#8221;left&#8221; advanced_animations=&#8221;no&#8221;][vc_column_text] Aportar un grano de arena [\/vc_column_text][vc_empty_space height=&#8221;16px&#8221;][vc_column_text]\u00bfDespertamos su inter\u00e9s en SER HUMANOS? \u00a1Bien! \u00bfSe pregunta c\u00f3mo puede colaborar? \u00a1Todav\u00eda mejor! &nbsp; Somos una Asociaci\u00f3n que para llegar...","og_url":"https:\/\/serhumanos.org\/de\/mitwirken\/","og_site_name":"Ser Humanos","article_modified_time":"2018-06-06T18:54:21+00:00","twitter_card":"summary_large_image","twitter_misc":{"Est. reading time":"16 minutes"},"schema":{"@context":"https:\/\/schema.org","@graph":[{"@type":"WebPage","@id":"https:\/\/serhumanos.org\/de\/mitwirken\/","url":"https:\/\/serhumanos.org\/de\/mitwirken\/","name":"PARTICIPAR - Ser Humanos","isPartOf":{"@id":"https:\/\/serhumanos.org\/de\/#website"},"datePublished":"2018-03-15T15:06:58+00:00","dateModified":"2018-06-06T18:54:21+00:00","breadcrumb":{"@id":"https:\/\/serhumanos.org\/de\/mitwirken\/#breadcrumb"},"inLanguage":"en-US","potentialAction":[{"@type":"ReadAction","target":["https:\/\/serhumanos.org\/de\/mitwirken\/"]}]},{"@type":"BreadcrumbList","@id":"https:\/\/serhumanos.org\/de\/mitwirken\/#breadcrumb","itemListElement":[{"@type":"ListItem","position":1,"name":"Portada","item":"https:\/\/serhumanos.org\/"},{"@type":"ListItem","position":2,"name":"MITWIRKEN"}]},{"@type":"WebSite","@id":"https:\/\/serhumanos.org\/de\/#website","url":"https:\/\/serhumanos.org\/de\/","name":"Ser Humanos","description":"Ayuda a familias carenciadas de C\u00f3rdoba, Argentina","potentialAction":[{"@type":"SearchAction","target":{"@type":"EntryPoint","urlTemplate":"https:\/\/serhumanos.org\/de\/?s={search_term_string}"},"query-input":"required name=search_term_string"}],"inLanguage":"en-US"}]}},"_links":{"self":[{"href":"https:\/\/serhumanos.org\/en\/wp-json\/wp\/v2\/pages\/527"}],"collection":[{"href":"https:\/\/serhumanos.org\/en\/wp-json\/wp\/v2\/pages"}],"about":[{"href":"https:\/\/serhumanos.org\/en\/wp-json\/wp\/v2\/types\/page"}],"author":[{"embeddable":true,"href":"https:\/\/serhumanos.org\/en\/wp-json\/wp\/v2\/users\/1"}],"replies":[{"embeddable":true,"href":"https:\/\/serhumanos.org\/en\/wp-json\/wp\/v2\/comments?post=527"}],"version-history":[{"count":45,"href":"https:\/\/serhumanos.org\/en\/wp-json\/wp\/v2\/pages\/527\/revisions"}],"predecessor-version":[{"id":713,"href":"https:\/\/serhumanos.org\/en\/wp-json\/wp\/v2\/pages\/527\/revisions\/713"}],"wp:attachment":[{"href":"https:\/\/serhumanos.org\/en\/wp-json\/wp\/v2\/media?parent=527"}],"curies":[{"name":"wp","href":"https:\/\/api.w.org\/{rel}","templated":true}]}}